{"id":16812,"date":"2025-02-12T00:00:54","date_gmt":"2025-03-24T07:47:24","guid":{"rendered":"https:\/\/delices.lu\/produit\/with-love-tasse-mit-henkel-be-happy\/"},"modified":"2025-03-24T08:47:24","modified_gmt":"2025-03-24T07:47:24","slug":"with-love-tasse-mit-henkel-be-happy","status":"publish","type":"product","link":"https:\/\/delices.lu\/de\/produit\/with-love-tasse-mit-henkel-be-happy\/","title":{"rendered":"With Love &#8211; Tasse mit Henkel &#8211; Be Happy"},"content":{"rendered":"<p><strong>Fr\u00f6hliche und verspielte Porzellantasse f\u00fcr einen Lebensstil voller Freude<\/strong><br \/>\nDie verspielten Motive symbolisieren eine fr\u00f6hliche und liebevolle Aufmerksamkeit, die keiner Worte bedarf, f\u00fcr Familie, Freunde, geliebte Menschen, neue und alte Freundschaften, Kollegen oder sogar fl\u00fcchtige Bekanntschaften, unabh\u00e4ngig von Alter oder Geschlecht. Entdecken Sie die einzigartige Kombination von Porzellan mit angenehmen, runden Formen und minimalistischen, verspielten und farbenfrohen Aquarellmotiven. Das bezaubernde minimalistische Design dieses Henkelbechers kann optimal zum Verschenken in Szene gesetzt werden und eignet sich hervorragend als Geschenk f\u00fcr verschiedene Anl\u00e4sse. Holen Sie sich jetzt Ihr Lieblingsst\u00fcck!   <\/p>\n","protected":false},"excerpt":{"rendered":"<p>MATERIAL: Premium Porcelain<br \/>\nGR\u00d6\u00dfE: ca. 290 ml<br \/>\nFARBE: mehrfarbig<br \/>\nGARANTIERT SP\u00dcLMASCHINENGARANTIE: Ja<br \/>\nMIKROWELLENKOMPATIBEL: Ja<br \/>\nREF. ARTIKEL: 1016898003 <\/p>\n","protected":false},"featured_media":16818,"template":"","meta":[],"location":[959],"product_brand":[],"product_cat":[1354,2235,2163,1309],"product_tag":[2523,2522,2579,2521],"class_list":{"0":"post-16812","1":"product","2":"type-product","3":"status-publish","4":"has-post-thumbnail","6":"location-0-shop","7":"product_cat-art-de-la-table-de","8":"product_cat-tasse-de","9":"product_cat-tasse-krug","10":"product_cat-villeroy-boch-de","11":"product_tag-be-happy-de","12":"product_tag-regenbogen","13":"product_tag-tasse-mit-henkel-de","14":"product_tag-with-love-de","16":"first","17":"instock","18":"shipping-taxable","19":"purchasable","20":"product-type-simple"},"supplier_id":9071,"supplier_sku":"1016898003","barcode":"4003686446977","atum_controlled":true,"out_stock_date":null,"out_stock_threshold":null,"inheritable":false,"inbound_stock":0,"stock_on_hold":0,"sold_today":0,"sales_last_days":0,"reserved_stock":null,"customer_returns":null,"warehouse_damage":null,"lost_in_post":null,"other_logs":null,"out_stock_days":0,"lost_sales":0,"has_location":true,"update_date":"2025-07-19T06:26:43","atum_locations":[{"id":960,"name":"0 SHOP","slug":"0-shop"}],"atum_stock_status":"instock","restock_status":false,"low_stock_amount":"","sales_update_date":"2025-07-19T06:26:43","calc_backorders":0,"locations":[],"_links":{"self":[{"href":"https:\/\/delices.lu\/de\/wp-json\/wp\/v2\/product\/16812","targetHints":{"allow":["GET"]}}],"collection":[{"href":"https:\/\/delices.lu\/de\/wp-json\/wp\/v2\/product"}],"about":[{"href":"https:\/\/delices.lu\/de\/wp-json\/wp\/v2\/types\/product"}],"wp:featuredmedia":[{"embeddable":true,"href":"https:\/\/delices.lu\/de\/wp-json\/wp\/v2\/media\/16818"}],"wp:attachment":[{"href":"https:\/\/delices.lu\/de\/wp-json\/wp\/v2\/media?parent=16812"}],"wp:term":[{"taxonomy":"location","embeddable":true,"href":"https:\/\/delices.lu\/de\/wp-json\/wp\/v2\/location?post=16812"},{"taxonomy":"product_brand","embeddable":true,"href":"https:\/\/delices.lu\/de\/wp-json\/wp\/v2\/product_brand?post=16812"},{"taxonomy":"product_cat","embeddable":true,"href":"https:\/\/delices.lu\/de\/wp-json\/wp\/v2\/product_cat?post=16812"},{"taxonomy":"product_tag","embeddable":true,"href":"https:\/\/delices.lu\/de\/wp-json\/wp\/v2\/product_tag?post=16812"}],"curies":[{"name":"wp","href":"https:\/\/api.w.org\/{rel}","templated":true}]}}