{"id":16833,"date":"2025-02-23T12:18:38","date_gmt":"2025-03-24T07:47:34","guid":{"rendered":"https:\/\/delices.lu\/produit\/toys-delight-duftkerze\/"},"modified":"2025-03-24T08:47:34","modified_gmt":"2025-03-24T07:47:34","slug":"toys-delight-duftkerze","status":"publish","type":"product","link":"https:\/\/delices.lu\/de\/produit\/toys-delight-duftkerze\/","title":{"rendered":"Toy&#8217;s Delight &#8211; Duftkerze"},"content":{"rendered":"<p><strong>Duftkerze, die angenehme D\u00fcfte verstr\u00f6mt und das Haus versch\u00f6nert<\/strong><br \/>\nBesinnliche \u00c4sthetik: Das verspielte Dekor des Erzgebirges und das charmante Design verleihen dem Tisch eine warme, weihnachtliche Atmosph\u00e4re.<\/p>\n<p><strong>Warnungen<\/strong><br \/>\nLassen Sie eine brennende Kerze niemals unbeaufsichtigt.<br \/>\nHalten Sie Kerzen von Kindern und Haustieren fern.<br \/>\nHalten Sie Kerzen mindestens 10 cm voneinander entfernt.<br \/>\nStellen Sie die Kerze senkrecht auf.<br \/>\nBewegen Sie eine brennende Kerze nicht.<br \/>\nVermeiden Sie das direkte Einatmen von Rauch.<br \/>\nLassen Sie Kerzen nicht in einem Luftzug brennen.<br \/>\nHalten Sie Kerzen von Gegenst\u00e4nden fern, die sich entz\u00fcnden k\u00f6nnen.<br \/>\nVerwenden Sie einen hitzebest\u00e4ndigen Kerzenhalter.<br \/>\nSchneiden Sie den Rand ab, wenn er mehr als 1 cm betr\u00e4gt.<br \/>\nStellen Sie Kerzen nicht in die N\u00e4he einer W\u00e4rmequelle.<br \/>\nSchneiden Sie den Docht auf 1 cm zur\u00fcck.<\/p>\n","protected":false},"excerpt":{"rendered":"<p><strong>Toy&#8217;s Delight Duftkerze<br \/>\n<\/strong>Farbe: Mehrfarbig<br \/>\nMaterial: Hochwertiges Porzellan<br \/>\nForm: rund<br \/>\nDurchmesser: 90 mm<br \/>\nH\u00f6he: 90 mm<br \/>\nGewicht: 499 g<br \/>\nREF. ARTIKEL: 1485857890 <\/p>\n","protected":false},"featured_media":16835,"template":"","meta":[],"location":[976,1338],"product_brand":[],"product_cat":[1311,2399,2451,2450,1309,2230,2448],"product_tag":[743,2400,2233],"class_list":{"0":"post-16833","1":"product","2":"type-product","3":"status-publish","4":"has-post-thumbnail","6":"location-0-en-cde","7":"location-s38","8":"product_cat-dekoration","9":"product_cat-kerze","10":"product_cat-neuheiten","11":"product_cat-toys-delight-de","12":"product_cat-villeroy-boch-de","13":"product_cat-weihnachten","14":"product_cat-winter","15":"product_tag-decoration-de","16":"product_tag-kerze","17":"product_tag-weihnachtsdekorationen","19":"first","20":"instock","21":"shipping-taxable","22":"purchasable","23":"product-type-simple"},"supplier_id":9071,"supplier_sku":"1485857890","barcode":"4003686441262","atum_controlled":true,"out_stock_date":"2025-02-23 13:10:50","out_stock_threshold":null,"inheritable":false,"inbound_stock":null,"stock_on_hold":0,"sold_today":0,"sales_last_days":0,"reserved_stock":null,"customer_returns":null,"warehouse_damage":null,"lost_in_post":null,"other_logs":null,"out_stock_days":145,"lost_sales":0,"has_location":true,"update_date":"2025-07-19T06:26:45","atum_locations":[{"id":977,"name":"0 EN CDE","slug":"0-en-cde"},{"id":1339,"name":"S38","slug":"s38"}],"atum_stock_status":"onbackorder","restock_status":false,"low_stock_amount":"","sales_update_date":"2025-07-19T06:26:45","calc_backorders":0,"locations":[],"_links":{"self":[{"href":"https:\/\/delices.lu\/de\/wp-json\/wp\/v2\/product\/16833","targetHints":{"allow":["GET"]}}],"collection":[{"href":"https:\/\/delices.lu\/de\/wp-json\/wp\/v2\/product"}],"about":[{"href":"https:\/\/delices.lu\/de\/wp-json\/wp\/v2\/types\/product"}],"wp:featuredmedia":[{"embeddable":true,"href":"https:\/\/delices.lu\/de\/wp-json\/wp\/v2\/media\/16835"}],"wp:attachment":[{"href":"https:\/\/delices.lu\/de\/wp-json\/wp\/v2\/media?parent=16833"}],"wp:term":[{"taxonomy":"location","embeddable":true,"href":"https:\/\/delices.lu\/de\/wp-json\/wp\/v2\/location?post=16833"},{"taxonomy":"product_brand","embeddable":true,"href":"https:\/\/delices.lu\/de\/wp-json\/wp\/v2\/product_brand?post=16833"},{"taxonomy":"product_cat","embeddable":true,"href":"https:\/\/delices.lu\/de\/wp-json\/wp\/v2\/product_cat?post=16833"},{"taxonomy":"product_tag","embeddable":true,"href":"https:\/\/delices.lu\/de\/wp-json\/wp\/v2\/product_tag?post=16833"}],"curies":[{"name":"wp","href":"https:\/\/api.w.org\/{rel}","templated":true}]}}