{"id":16837,"date":"2025-02-23T12:57:56","date_gmt":"2025-03-24T07:47:35","guid":{"rendered":"https:\/\/delices.lu\/produit\/toys-delight-set-aus-4-tassen\/"},"modified":"2025-03-24T08:47:35","modified_gmt":"2025-03-24T07:47:35","slug":"toys-delight-set-aus-4-tassen","status":"publish","type":"product","link":"https:\/\/delices.lu\/de\/produit\/toys-delight-set-aus-4-tassen\/","title":{"rendered":"Toy&#8217;s Delight &#8211; Set aus 4 Tassen"},"content":{"rendered":"<p><strong>Toy&#8217;s Delight &#8211; Set bestehend aus 4 Mugs<\/strong><br \/>\nMehrfarbig, aus hochwertigem Porzellan<\/p>\n<p>Dieses Set enth\u00e4lt alles, was Sie f\u00fcr den t\u00e4glichen Gebrauch ben\u00f6tigen &#8211; ideal f\u00fcr Anf\u00e4nger oder um Ihre Sammlung zu erweitern.<br \/>\nFeinstes Premium Porcelain: Premium Porcelain ist f\u00fcr seine au\u00dfergew\u00f6hnliche Haltbarkeit bekannt. Daher beh\u00e4lt es auch nach langem Gebrauch seinen gewohnten Glanz<br \/>\nEin zauberhaftes Fest: Die liebevollen Motive aus dem Erzgebirge und die charakteristische Form sorgen f\u00fcr eine warme Weihnachtsatmosph\u00e4re. <\/p>\n","protected":false},"excerpt":{"rendered":"<p><strong>Toy&#8217;s Delight &#8211; Set bestehend aus 4 Mugs<br \/>\n<\/strong>Farbe: Mehrfarbig<br \/>\nMaterial: Premium Porcelain<br \/>\nForm: rund<br \/>\nPflegehinweis: Handw\u00e4sche empfohlen<br \/>\nMikrowellengeeignet: Nein<br \/>\nGewicht: 2828 g<br \/>\nREF. ARTIKEL: 1485858407 <\/p>\n","protected":false},"featured_media":16838,"template":"","meta":[],"location":[976,1338],"product_brand":[],"product_cat":[2451,2163,2450,1309,2230,2448],"product_tag":[2618,2233],"class_list":{"0":"post-16837","1":"product","2":"type-product","3":"status-publish","4":"has-post-thumbnail","6":"location-0-en-cde","7":"location-s38","8":"product_cat-neuheiten","9":"product_cat-tasse-krug","10":"product_cat-toys-delight-de","11":"product_cat-villeroy-boch-de","12":"product_cat-weihnachten","13":"product_cat-winter","14":"product_tag-set-aus-4-mugs","15":"product_tag-weihnachtsdekorationen","17":"first","18":"instock","19":"shipping-taxable","20":"purchasable","21":"product-type-simple"},"supplier_id":9071,"supplier_sku":"1485858407","barcode":"4003686450479","atum_controlled":true,"out_stock_date":"2025-02-23 12:57:57","out_stock_threshold":null,"inheritable":false,"inbound_stock":null,"stock_on_hold":0,"sold_today":0,"sales_last_days":0,"reserved_stock":null,"customer_returns":null,"warehouse_damage":null,"lost_in_post":null,"other_logs":null,"out_stock_days":145,"lost_sales":0,"has_location":true,"update_date":"2025-07-19T06:26:45","atum_locations":[{"id":977,"name":"0 EN CDE","slug":"0-en-cde"},{"id":1339,"name":"S38","slug":"s38"}],"atum_stock_status":"onbackorder","restock_status":false,"low_stock_amount":"","sales_update_date":"2025-07-19T06:26:45","calc_backorders":0,"locations":[],"_links":{"self":[{"href":"https:\/\/delices.lu\/de\/wp-json\/wp\/v2\/product\/16837","targetHints":{"allow":["GET"]}}],"collection":[{"href":"https:\/\/delices.lu\/de\/wp-json\/wp\/v2\/product"}],"about":[{"href":"https:\/\/delices.lu\/de\/wp-json\/wp\/v2\/types\/product"}],"wp:featuredmedia":[{"embeddable":true,"href":"https:\/\/delices.lu\/de\/wp-json\/wp\/v2\/media\/16838"}],"wp:attachment":[{"href":"https:\/\/delices.lu\/de\/wp-json\/wp\/v2\/media?parent=16837"}],"wp:term":[{"taxonomy":"location","embeddable":true,"href":"https:\/\/delices.lu\/de\/wp-json\/wp\/v2\/location?post=16837"},{"taxonomy":"product_brand","embeddable":true,"href":"https:\/\/delices.lu\/de\/wp-json\/wp\/v2\/product_brand?post=16837"},{"taxonomy":"product_cat","embeddable":true,"href":"https:\/\/delices.lu\/de\/wp-json\/wp\/v2\/product_cat?post=16837"},{"taxonomy":"product_tag","embeddable":true,"href":"https:\/\/delices.lu\/de\/wp-json\/wp\/v2\/product_tag?post=16837"}],"curies":[{"name":"wp","href":"https:\/\/api.w.org\/{rel}","templated":true}]}}