{"id":16839,"date":"2025-02-19T00:00:15","date_gmt":"2025-03-24T07:47:36","guid":{"rendered":"https:\/\/delices.lu\/produit\/statement-lines-fruehstuecksteller-xmas\/"},"modified":"2025-03-24T08:47:36","modified_gmt":"2025-03-24T07:47:36","slug":"statement-lines-fruehstuecksteller-xmas","status":"publish","type":"product","link":"https:\/\/delices.lu\/de\/produit\/statement-lines-fruehstuecksteller-xmas\/","title":{"rendered":"Statement Lines &#8211; Fr\u00fchst\u00fccksteller &#8220;XMAS&#8221;."},"content":{"rendered":"<p><strong>Eine moderne Botschaft verbindet sich mit zeitlosem Design<\/strong><br \/>\nStatement Lines: die zeitlose Kollektion f\u00fcr Liebhaber des guten Geschmacks. Der Teller hat auf einer Seite eine schlichte Inschrift. Durch das zeitlose wei\u00dfe Porzellan passt er zu vielen Kollektionen und bietet somit viele Kombinationsm\u00f6glichkeiten. Welches Motiv w\u00fcnschen Sie?   <\/p>\n","protected":false},"excerpt":{"rendered":"<p>MATERIAL: Hochwertiges Porzellan<br \/>\nDURCHMESSER: ca. 212 mm<br \/>\nFARBE: wei\u00df schwarz<br \/>\nGARANTIERT SP\u00dcLMASCHINENGARANTIE: Ja<br \/>\nMIKROWELLENKOMPATIBEL: Ja<br \/>\nREF. ARTIKEL: 1016296151 <\/p>\n","protected":false},"featured_media":16841,"template":"","meta":[],"location":[959,881],"product_brand":[],"product_cat":[1354,1309,2230],"product_tag":[2276,2248,2620,2619],"class_list":{"0":"post-16839","1":"product","2":"type-product","3":"status-publish","4":"has-post-thumbnail","6":"location-0-shop","7":"location-10-2","8":"product_cat-art-de-la-table-de","9":"product_cat-villeroy-boch-de","10":"product_cat-weihnachten","11":"product_tag-fruhstuck","12":"product_tag-teller","13":"product_tag-wollstrumpfe","14":"product_tag-x-mas-de","16":"first","17":"instock","18":"shipping-taxable","19":"purchasable","20":"product-type-simple"},"supplier_id":9071,"supplier_sku":"1016296151","barcode":"4003686","atum_controlled":true,"out_stock_date":null,"out_stock_threshold":null,"inheritable":false,"inbound_stock":0,"stock_on_hold":0,"sold_today":0,"sales_last_days":0,"reserved_stock":null,"customer_returns":null,"warehouse_damage":null,"lost_in_post":null,"other_logs":null,"out_stock_days":0,"lost_sales":0,"has_location":true,"update_date":"2025-07-19T06:26:43","atum_locations":[{"id":960,"name":"0 SHOP","slug":"0-shop"},{"id":835,"name":"102","slug":"102"}],"atum_stock_status":"instock","restock_status":false,"low_stock_amount":"","sales_update_date":"2025-07-19T06:26:43","calc_backorders":0,"locations":[],"_links":{"self":[{"href":"https:\/\/delices.lu\/de\/wp-json\/wp\/v2\/product\/16839","targetHints":{"allow":["GET"]}}],"collection":[{"href":"https:\/\/delices.lu\/de\/wp-json\/wp\/v2\/product"}],"about":[{"href":"https:\/\/delices.lu\/de\/wp-json\/wp\/v2\/types\/product"}],"wp:featuredmedia":[{"embeddable":true,"href":"https:\/\/delices.lu\/de\/wp-json\/wp\/v2\/media\/16841"}],"wp:attachment":[{"href":"https:\/\/delices.lu\/de\/wp-json\/wp\/v2\/media?parent=16839"}],"wp:term":[{"taxonomy":"location","embeddable":true,"href":"https:\/\/delices.lu\/de\/wp-json\/wp\/v2\/location?post=16839"},{"taxonomy":"product_brand","embeddable":true,"href":"https:\/\/delices.lu\/de\/wp-json\/wp\/v2\/product_brand?post=16839"},{"taxonomy":"product_cat","embeddable":true,"href":"https:\/\/delices.lu\/de\/wp-json\/wp\/v2\/product_cat?post=16839"},{"taxonomy":"product_tag","embeddable":true,"href":"https:\/\/delices.lu\/de\/wp-json\/wp\/v2\/product_tag?post=16839"}],"curies":[{"name":"wp","href":"https:\/\/api.w.org\/{rel}","templated":true}]}}