{"id":16840,"date":"2025-02-23T13:07:29","date_gmt":"2025-03-24T07:47:36","guid":{"rendered":"https:\/\/delices.lu\/produit\/toys-delight-set-bestehend-aus-4-schalen\/"},"modified":"2025-03-24T08:47:36","modified_gmt":"2025-03-24T07:47:36","slug":"toys-delight-set-bestehend-aus-4-schalen","status":"publish","type":"product","link":"https:\/\/delices.lu\/de\/produit\/toys-delight-set-bestehend-aus-4-schalen\/","title":{"rendered":"Toy&#8217;s Delight &#8211; Set bestehend aus 4 Schalen"},"content":{"rendered":"<p><strong>Toy&#8217;s Delight &#8211;<\/strong><br \/>\n<strong>4er Set Schalen<\/strong> Mehrfarbig, aus Premium Porcelain.<br \/>\nDieses Set enth\u00e4lt alles, was Sie f\u00fcr den t\u00e4glichen Gebrauch ben\u00f6tigen &#8211; ideal f\u00fcr Anf\u00e4nger oder um Ihre Sammlung zu erweitern.<br \/>\nFeinstes Premium Porcelain: Premium Porcelain ist f\u00fcr seine au\u00dfergew\u00f6hnliche Haltbarkeit bekannt.<br \/>\nDaher beh\u00e4lt es auch nach l\u00e4ngerem Gebrauch seinen gewohnten Glanz.<br \/>\nEin zauberhaftes Fest: Die liebevollen Motive aus dem Erzgebirge und die charakteristische Form schaffen eine warme Weihnachtsatmosph\u00e4re.<\/p>\n","protected":false},"excerpt":{"rendered":"<p><strong>Toy&#8217;s Delight &#8211; Set aus 4 Schalen<br \/>\n<\/strong>Farbe: Mehrfarbig<br \/>\nMaterial: Premium Porcelain<br \/>\nForm: rund<br \/>\nDurchmesser: 17 cm<br \/>\nPflegehinweis: Handw\u00e4sche empfohlen<br \/>\nMikrowellengeeignet: Nein<br \/>\nREF. ARTIKEL: 1485858490 <\/p>\n<p>&nbsp;<\/p>\n","protected":false},"featured_media":16843,"template":"","meta":[],"location":[976,1338],"product_brand":[],"product_cat":[1354,1355,2451,2450,1309,2230,2448],"product_tag":[2621,2233],"class_list":{"0":"post-16840","1":"product","2":"type-product","3":"status-publish","4":"has-post-thumbnail","6":"location-0-en-cde","7":"location-s38","8":"product_cat-art-de-la-table-de","9":"product_cat-bol-de","10":"product_cat-neuheiten","11":"product_cat-toys-delight-de","12":"product_cat-villeroy-boch-de","13":"product_cat-weihnachten","14":"product_cat-winter","15":"product_tag-set-aus-4-schalen","16":"product_tag-weihnachtsdekorationen","18":"first","19":"instock","20":"shipping-taxable","21":"purchasable","22":"product-type-simple"},"supplier_id":9071,"supplier_sku":"1485858490","barcode":"4003686450189","atum_controlled":true,"out_stock_date":"2025-02-23 13:07:29","out_stock_threshold":null,"inheritable":false,"inbound_stock":null,"stock_on_hold":0,"sold_today":0,"sales_last_days":0,"reserved_stock":null,"customer_returns":null,"warehouse_damage":null,"lost_in_post":null,"other_logs":null,"out_stock_days":145,"lost_sales":0,"has_location":true,"update_date":"2025-07-19T06:26:45","atum_locations":[{"id":977,"name":"0 EN CDE","slug":"0-en-cde"},{"id":1339,"name":"S38","slug":"s38"}],"atum_stock_status":"onbackorder","restock_status":false,"low_stock_amount":"","sales_update_date":"2025-07-19T06:26:45","calc_backorders":0,"locations":[],"_links":{"self":[{"href":"https:\/\/delices.lu\/de\/wp-json\/wp\/v2\/product\/16840","targetHints":{"allow":["GET"]}}],"collection":[{"href":"https:\/\/delices.lu\/de\/wp-json\/wp\/v2\/product"}],"about":[{"href":"https:\/\/delices.lu\/de\/wp-json\/wp\/v2\/types\/product"}],"wp:featuredmedia":[{"embeddable":true,"href":"https:\/\/delices.lu\/de\/wp-json\/wp\/v2\/media\/16843"}],"wp:attachment":[{"href":"https:\/\/delices.lu\/de\/wp-json\/wp\/v2\/media?parent=16840"}],"wp:term":[{"taxonomy":"location","embeddable":true,"href":"https:\/\/delices.lu\/de\/wp-json\/wp\/v2\/location?post=16840"},{"taxonomy":"product_brand","embeddable":true,"href":"https:\/\/delices.lu\/de\/wp-json\/wp\/v2\/product_brand?post=16840"},{"taxonomy":"product_cat","embeddable":true,"href":"https:\/\/delices.lu\/de\/wp-json\/wp\/v2\/product_cat?post=16840"},{"taxonomy":"product_tag","embeddable":true,"href":"https:\/\/delices.lu\/de\/wp-json\/wp\/v2\/product_tag?post=16840"}],"curies":[{"name":"wp","href":"https:\/\/api.w.org\/{rel}","templated":true}]}}