{"id":16876,"date":"2024-12-19T00:00:33","date_gmt":"2025-03-24T07:50:44","guid":{"rendered":"https:\/\/delices.lu\/produit\/toys-delight-royal-classic-grosse-schuessel-960-ml\/"},"modified":"2025-03-24T08:50:44","modified_gmt":"2025-03-24T07:50:44","slug":"toys-delight-royal-classic-grosse-schuessel-960-ml","status":"publish","type":"product","link":"https:\/\/delices.lu\/de\/produit\/toys-delight-royal-classic-grosse-schuessel-960-ml\/","title":{"rendered":"Toy&#8217;s Delight Royal Classic &#8211; Gro\u00dfe Sch\u00fcssel, 960 ml"},"content":{"rendered":"<p><strong>Vertiefte Schale zum Anrichten und Aufbewahren<\/strong><br \/>\nToy&#8217;s Delight Royal Classic verzaubert mit seinen sch\u00f6nen Accessoires und einer Serie von klassischem, makellos wei\u00dfem Geschirr mit einem Relief aus hochwertigem Porzellan. Dieses Relief zeichnet poetische Weihnachtsmotive wie Stechpalmenbl\u00e4tter und typische Figuren aus dem Erzgebirge. Diese Kollektion passt perfekt zu den weihnachtlichen Toy&#8217;s Delight St\u00fccken. Ob Sie nun Beilagen zu Ihrem Festtagsessen oder Ihre Lieblingsgeb\u00e4cke darauf servieren, diese vielseitige Schale ist elegant und praktisch zugleich. Feiern Sie Weihnachten mit sch\u00f6nen St\u00fccken im klassischen, klaren Stil.    <\/p>\n","protected":false},"excerpt":{"rendered":"<p><strong>Toy&#8217;s Delight Royal Classic  <\/strong><br \/>\n<strong>Gro\u00dfe Sch\u00fcssel<\/strong><br \/>\nMaterial: Premium Porcelain<br \/>\nDURCHMESSER: ca. 175 mm<br \/>\nGR\u00d6SSE: ca. 960 ml<br \/>\nWei\u00df und Reliefs<br \/>\nMikrowellen- und sp\u00fclmaschinenfest<br \/>\nArtikelreferenz 1486581960 <\/p>\n","protected":false},"featured_media":16880,"template":"","meta":[],"location":[927],"product_brand":[],"product_cat":[1354,1355,1309,2230],"product_tag":[1359,2314,2461,2166],"class_list":{"0":"post-16876","1":"product","2":"type-product","3":"status-publish","4":"has-post-thumbnail","6":"location-20-3","7":"product_cat-art-de-la-table-de","8":"product_cat-bol-de","9":"product_cat-villeroy-boch-de","10":"product_cat-weihnachten","11":"product_tag-bol-de","12":"product_tag-grose-schussel","13":"product_tag-weihnachtsrelief","14":"product_tag-weis","16":"first","17":"instock","18":"shipping-taxable","19":"purchasable","20":"product-type-simple"},"supplier_id":9071,"supplier_sku":"1486581960","barcode":"4003686364257","atum_controlled":true,"out_stock_date":null,"out_stock_threshold":0,"inheritable":false,"inbound_stock":0,"stock_on_hold":0,"sold_today":0,"sales_last_days":0,"reserved_stock":0,"customer_returns":0,"warehouse_damage":null,"lost_in_post":0,"other_logs":0,"out_stock_days":0,"lost_sales":0,"has_location":false,"update_date":"2025-07-19T06:26:42","atum_locations":[{"id":935,"name":"203","slug":"203"}],"atum_stock_status":"instock","restock_status":false,"low_stock_amount":"","sales_update_date":"2025-07-19T06:26:42","calc_backorders":0,"locations":[],"_links":{"self":[{"href":"https:\/\/delices.lu\/de\/wp-json\/wp\/v2\/product\/16876","targetHints":{"allow":["GET"]}}],"collection":[{"href":"https:\/\/delices.lu\/de\/wp-json\/wp\/v2\/product"}],"about":[{"href":"https:\/\/delices.lu\/de\/wp-json\/wp\/v2\/types\/product"}],"wp:featuredmedia":[{"embeddable":true,"href":"https:\/\/delices.lu\/de\/wp-json\/wp\/v2\/media\/16880"}],"wp:attachment":[{"href":"https:\/\/delices.lu\/de\/wp-json\/wp\/v2\/media?parent=16876"}],"wp:term":[{"taxonomy":"location","embeddable":true,"href":"https:\/\/delices.lu\/de\/wp-json\/wp\/v2\/location?post=16876"},{"taxonomy":"product_brand","embeddable":true,"href":"https:\/\/delices.lu\/de\/wp-json\/wp\/v2\/product_brand?post=16876"},{"taxonomy":"product_cat","embeddable":true,"href":"https:\/\/delices.lu\/de\/wp-json\/wp\/v2\/product_cat?post=16876"},{"taxonomy":"product_tag","embeddable":true,"href":"https:\/\/delices.lu\/de\/wp-json\/wp\/v2\/product_tag?post=16876"}],"curies":[{"name":"wp","href":"https:\/\/api.w.org\/{rel}","templated":true}]}}