{"id":16877,"date":"2024-12-20T00:00:27","date_gmt":"2025-03-24T07:50:44","guid":{"rendered":"https:\/\/delices.lu\/produit\/statement-tasse-im-amazing-not-perfect\/"},"modified":"2025-03-24T08:50:44","modified_gmt":"2025-03-24T07:50:44","slug":"statement-tasse-im-amazing-not-perfect","status":"publish","type":"product","link":"https:\/\/delices.lu\/de\/produit\/statement-tasse-im-amazing-not-perfect\/","title":{"rendered":"Statement -Tasse &#8220;I&#8217;m amazing. Not perfect&#8221;."},"content":{"rendered":"<p><strong>F\u00fcr Kaffeepausen mit einer pers\u00f6nlichen Botschaft<\/strong><br \/>\nDein Becher, deine Botschaft! Unsere beliebte Tasse zeigt jetzt klare Botschaften, egal ob sie f\u00fcr Sie oder f\u00fcr eine besondere Person bestimmt ist. Dieser Becher ist auf einer Seite mit den Worten &#8220;I&#8217;m amazing. Not perfect&#8221;. Durch das schlichte wei\u00dfe Porzellan passt er zu vielen Kollektionen und bietet Ihnen somit viele Kombinationsm\u00f6glichkeiten. Was sind Ihre Lieblingsspr\u00fcche?    <\/p>\n","protected":false},"excerpt":{"rendered":"<p>Premium Porcelain<br \/>\nca. 280 ml<br \/>\nFarbe: wei\u00df und schwarz<br \/>\nGeschirrsp\u00fcler: Ja<br \/>\nMikrowelle: Ja<br \/>\nRef: 1016219655<\/p>\n","protected":false},"featured_media":16878,"template":"","meta":[],"location":[959],"product_brand":[],"product_cat":[2261,2163,1309],"product_tag":[2264,1154,2265],"class_list":{"0":"post-16877","1":"product","2":"type-product","3":"status-publish","4":"has-post-thumbnail","6":"location-0-shop","7":"product_cat-erklarung","8":"product_cat-tasse-krug","9":"product_cat-villeroy-boch-de","10":"product_tag-amazing-de","11":"product_tag-mug-becher","12":"product_tag-perfect-de","14":"first","15":"instock","16":"shipping-taxable","17":"purchasable","18":"product-type-simple"},"supplier_id":9071,"supplier_sku":"1016219655","barcode":"4003686417762","atum_controlled":true,"out_stock_date":null,"out_stock_threshold":0,"inheritable":false,"inbound_stock":0,"stock_on_hold":0,"sold_today":0,"sales_last_days":0,"reserved_stock":null,"customer_returns":null,"warehouse_damage":null,"lost_in_post":null,"other_logs":null,"out_stock_days":0,"lost_sales":0,"has_location":true,"update_date":"2025-07-19T06:26:42","atum_locations":[{"id":960,"name":"0 SHOP","slug":"0-shop"}],"atum_stock_status":"instock","restock_status":false,"low_stock_amount":"","sales_update_date":"2025-07-19T06:26:42","calc_backorders":0,"locations":[],"_links":{"self":[{"href":"https:\/\/delices.lu\/de\/wp-json\/wp\/v2\/product\/16877","targetHints":{"allow":["GET"]}}],"collection":[{"href":"https:\/\/delices.lu\/de\/wp-json\/wp\/v2\/product"}],"about":[{"href":"https:\/\/delices.lu\/de\/wp-json\/wp\/v2\/types\/product"}],"wp:featuredmedia":[{"embeddable":true,"href":"https:\/\/delices.lu\/de\/wp-json\/wp\/v2\/media\/16878"}],"wp:attachment":[{"href":"https:\/\/delices.lu\/de\/wp-json\/wp\/v2\/media?parent=16877"}],"wp:term":[{"taxonomy":"location","embeddable":true,"href":"https:\/\/delices.lu\/de\/wp-json\/wp\/v2\/location?post=16877"},{"taxonomy":"product_brand","embeddable":true,"href":"https:\/\/delices.lu\/de\/wp-json\/wp\/v2\/product_brand?post=16877"},{"taxonomy":"product_cat","embeddable":true,"href":"https:\/\/delices.lu\/de\/wp-json\/wp\/v2\/product_cat?post=16877"},{"taxonomy":"product_tag","embeddable":true,"href":"https:\/\/delices.lu\/de\/wp-json\/wp\/v2\/product_tag?post=16877"}],"curies":[{"name":"wp","href":"https:\/\/api.w.org\/{rel}","templated":true}]}}