{"id":16887,"date":"2024-12-19T14:49:26","date_gmt":"2025-03-24T07:50:45","guid":{"rendered":"https:\/\/delices.lu\/produit\/annual-christmas-edition-kugel-2024\/"},"modified":"2025-03-24T08:50:45","modified_gmt":"2025-03-24T07:50:45","slug":"annual-christmas-edition-kugel-2024","status":"publish","type":"product","link":"https:\/\/delices.lu\/de\/produit\/annual-christmas-edition-kugel-2024\/","title":{"rendered":"Annual Christmas Edition &#8211; Kugel &#8211; 2024"},"content":{"rendered":"<p><strong>Die sch\u00f6nste aller Weihnachtskugeln, ideal zum Sammeln und Verschenken<\/strong><br \/>\nEine exklusive Kollektion aus hochwertigem Porzellan f\u00fcr Sammler: Die j\u00e4hrliche Weihnachtsedition von Villeroy &amp; Boch besticht durch ihr festliches rot-wei\u00dfes Design und den goldenen Stempel auf der Unterseite jedes Artikels, der das Jahr der Herstellung angibt. Diese streng limitierten Favoriten aus Premium Porcelain eignen sich nicht nur perfekt zum Sammeln, Dekorieren und Verschenken, sondern verleihen Ihrem Zuhause auch eine festliche Atmosph\u00e4re. Die Kugel der Annual Christmas Edition 2024, die in limitierter Auflage angeboten wird, ist ein Muss f\u00fcr alle Weihnachts- und Dekorationsfans. Diese Porzellankugel mit ihrem exquisiten Design ist ein wahres Fest f\u00fcr die Sinne. Jedes Detail wurde mit Sorgfalt und Pr\u00e4zision entworfen. Diese lebendigen Retro-Details erwecken den Zauber eines Karussells in der festlichen Zeit des Jahres. Die sorgf\u00e4ltig ausgearbeiteten Elemente verbreiten eine Atmosph\u00e4re voller Freude und Dynamik. Die Kugel wird in einer hochwertigen Geschenkbox geliefert. Dekorieren Sie jetzt Ihr Zuhause festlich mit der Annual Christmas Edition 2024.        <\/p>\n","protected":false},"excerpt":{"rendered":"<p>MATERIAL: Hochwertiges Porzellan<br \/>\nGR\u00d6\u00dfE: ca. 64 mm<br \/>\nFARBE: mehrfarbig<br \/>\nGARANTIERT SP\u00dcLMASCHINENGARANTIE: Nicht<br \/>\nMIKROWELLENKOMPATIBEL: Nicht<br \/>\nREF. ARTIKEL: 1486266874 <\/p>\n","protected":false},"featured_media":16888,"template":"","meta":[],"location":[],"product_brand":[],"product_cat":[2568,1311,1309,2230],"product_tag":[2520,743,2233,2464],"class_list":{"0":"post-16887","1":"product","2":"type-product","3":"status-publish","4":"has-post-thumbnail","6":"product_cat-annual-christmas-edition-de","7":"product_cat-dekoration","8":"product_cat-villeroy-boch-de","9":"product_cat-weihnachten","10":"product_tag-2024-de","11":"product_tag-decoration-de","12":"product_tag-weihnachtsdekorationen","13":"product_tag-weihnachtskugel","15":"first","16":"instock","17":"shipping-taxable","18":"purchasable","19":"product-type-simple"},"supplier_id":9071,"supplier_sku":"1486266874","barcode":"4003686436886","atum_controlled":true,"out_stock_date":null,"out_stock_threshold":0,"inheritable":false,"inbound_stock":0,"stock_on_hold":0,"sold_today":0,"sales_last_days":0,"reserved_stock":null,"customer_returns":null,"warehouse_damage":null,"lost_in_post":null,"other_logs":null,"out_stock_days":0,"lost_sales":0,"has_location":true,"update_date":"2025-07-19T06:26:44","atum_locations":[],"atum_stock_status":"instock","restock_status":false,"low_stock_amount":"","sales_update_date":"2025-07-19T06:26:44","calc_backorders":0,"locations":[],"_links":{"self":[{"href":"https:\/\/delices.lu\/de\/wp-json\/wp\/v2\/product\/16887","targetHints":{"allow":["GET"]}}],"collection":[{"href":"https:\/\/delices.lu\/de\/wp-json\/wp\/v2\/product"}],"about":[{"href":"https:\/\/delices.lu\/de\/wp-json\/wp\/v2\/types\/product"}],"wp:featuredmedia":[{"embeddable":true,"href":"https:\/\/delices.lu\/de\/wp-json\/wp\/v2\/media\/16888"}],"wp:attachment":[{"href":"https:\/\/delices.lu\/de\/wp-json\/wp\/v2\/media?parent=16887"}],"wp:term":[{"taxonomy":"location","embeddable":true,"href":"https:\/\/delices.lu\/de\/wp-json\/wp\/v2\/location?post=16887"},{"taxonomy":"product_brand","embeddable":true,"href":"https:\/\/delices.lu\/de\/wp-json\/wp\/v2\/product_brand?post=16887"},{"taxonomy":"product_cat","embeddable":true,"href":"https:\/\/delices.lu\/de\/wp-json\/wp\/v2\/product_cat?post=16887"},{"taxonomy":"product_tag","embeddable":true,"href":"https:\/\/delices.lu\/de\/wp-json\/wp\/v2\/product_tag?post=16887"}],"curies":[{"name":"wp","href":"https:\/\/api.w.org\/{rel}","templated":true}]}}