{"id":16890,"date":"2024-12-20T00:00:39","date_gmt":"2025-03-24T07:50:46","guid":{"rendered":"https:\/\/delices.lu\/produit\/winter-glow-keksdose-weiss\/"},"modified":"2025-03-24T08:50:46","modified_gmt":"2025-03-24T07:50:46","slug":"winter-glow-keksdose-weiss","status":"publish","type":"product","link":"https:\/\/delices.lu\/de\/produit\/winter-glow-keksdose-weiss\/","title":{"rendered":"Winter Glow &#8211; Keksdose, wei\u00df"},"content":{"rendered":"<p><strong>Eine Keksdose in Form eines Tannenbaums zur Aufbewahrung von Weihnachtskeksen<\/strong><br \/>\nKennen Sie den skandinavischen Lebensstil? Der Hygge-Lebensstil ist ein Lebensstil, der sich auf die S\u00fc\u00dfe des Lebens und die Freude am Teilen konzentriert. Dies umfasst die Inneneinrichtung, Aktivit\u00e4ten und auch das Essen. Die Winter Glow Kollektion ist von diesem Lebensstil inspiriert! Sie finden hier jahreszeitliche Dekorationen und Geschirr, die zu einer gem\u00fctlichen, warmen und beruhigenden Atmosph\u00e4re zu Hause beitragen. Ob mit der Familie oder mit Freunden, genie\u00dfen Sie einfach das Zusammensein mit den dekorativen Elementen von Villeroy &amp; Boch! Diese originelle Keksdose ist die perfekte Verk\u00f6rperung der Weihnachtsstimmung. Stellen Sie die Box auf den Kamin oder in die Mitte des gedeckten Esstisches und Sie erhalten ein trendiges Deko-Objekt&#8230; Mit ein paar s\u00fc\u00dfen Leckereien f\u00fcr Gro\u00df und Klein! F\u00fcr 100% hygge Momente k\u00f6nnen Sie ihn mit anderen Weihnachtsdekorationen kombinieren, aber auch mit Tee- oder Kaffeetassen, Bechern, Weihnachtstellern&#8230; Kreieren Sie jetzt skandinavische Winterlooks f\u00fcr Ihr Zuhause.        <\/p>\n","protected":false},"excerpt":{"rendered":"<p>MATERIAL: Hochwertiges Porzellan<br \/>\nDURCHMESSER: ca. 179 mm<br \/>\nFARBE: Wei\u00df, Beige<br \/>\nGARANTIERT SP\u00dcLMASCHINENGARANTIE: Nein<br \/>\nMIKROWELLENKOMPATIBEL: Ja<br \/>\nREF. ARTIKEL: 1486714471 <\/p>\n","protected":false},"featured_media":16892,"template":"","meta":[],"location":[932],"product_brand":[],"product_cat":[2491,1311,1309,2230,2448],"product_tag":[2492,2470,2500,2166,2469],"class_list":{"0":"post-16890","1":"product","2":"type-product","3":"status-publish","4":"has-post-thumbnail","6":"location-21-3","7":"product_cat-box","8":"product_cat-dekoration","9":"product_cat-villeroy-boch-de","10":"product_cat-weihnachten","11":"product_cat-winter","12":"product_tag-box","13":"product_tag-festliche-dekorationen","14":"product_tag-keksdose","15":"product_tag-weis","16":"product_tag-winter-glow-de","18":"first","19":"instock","20":"shipping-taxable","21":"purchasable","22":"product-type-simple"},"supplier_id":9071,"supplier_sku":"1486714471","barcode":"4003686430488","atum_controlled":true,"out_stock_date":null,"out_stock_threshold":null,"inheritable":false,"inbound_stock":0,"stock_on_hold":0,"sold_today":0,"sales_last_days":0,"reserved_stock":null,"customer_returns":null,"warehouse_damage":null,"lost_in_post":null,"other_logs":null,"out_stock_days":0,"lost_sales":0,"has_location":false,"update_date":"2025-07-19T06:26:42","atum_locations":[{"id":782,"name":"213","slug":"213"}],"atum_stock_status":"instock","restock_status":false,"low_stock_amount":"","sales_update_date":"2025-07-19T06:26:42","calc_backorders":0,"locations":[],"_links":{"self":[{"href":"https:\/\/delices.lu\/de\/wp-json\/wp\/v2\/product\/16890","targetHints":{"allow":["GET"]}}],"collection":[{"href":"https:\/\/delices.lu\/de\/wp-json\/wp\/v2\/product"}],"about":[{"href":"https:\/\/delices.lu\/de\/wp-json\/wp\/v2\/types\/product"}],"wp:featuredmedia":[{"embeddable":true,"href":"https:\/\/delices.lu\/de\/wp-json\/wp\/v2\/media\/16892"}],"wp:attachment":[{"href":"https:\/\/delices.lu\/de\/wp-json\/wp\/v2\/media?parent=16890"}],"wp:term":[{"taxonomy":"location","embeddable":true,"href":"https:\/\/delices.lu\/de\/wp-json\/wp\/v2\/location?post=16890"},{"taxonomy":"product_brand","embeddable":true,"href":"https:\/\/delices.lu\/de\/wp-json\/wp\/v2\/product_brand?post=16890"},{"taxonomy":"product_cat","embeddable":true,"href":"https:\/\/delices.lu\/de\/wp-json\/wp\/v2\/product_cat?post=16890"},{"taxonomy":"product_tag","embeddable":true,"href":"https:\/\/delices.lu\/de\/wp-json\/wp\/v2\/product_tag?post=16890"}],"curies":[{"name":"wp","href":"https:\/\/api.w.org\/{rel}","templated":true}]}}