{"id":16891,"date":"2024-12-20T00:00:04","date_gmt":"2025-03-24T07:50:46","guid":{"rendered":"https:\/\/delices.lu\/produit\/toys-delight-breakfast-for-2-jubilaeumsedition-set-6tlg\/"},"modified":"2025-03-24T08:50:46","modified_gmt":"2025-03-24T07:50:46","slug":"toys-delight-breakfast-for-2-jubilaeumsedition-set-6tlg","status":"publish","type":"product","link":"https:\/\/delices.lu\/de\/produit\/toys-delight-breakfast-for-2-jubilaeumsedition-set-6tlg\/","title":{"rendered":"Toy&#8217;s Delight &#8211; Breakfast for 2, Jubil\u00e4umsedition, Set 6tlg."},"content":{"rendered":"<p><strong>Die Jubil\u00e4umsedition eines Klassikers<\/strong><br \/>\nZum Geburtstag von Toy&#8217;s Delight gibt es ein h\u00fcbsches Fr\u00fchst\u00fccksset f\u00fcr 2 Personen.<br \/>\nWeihnachtsstimmung schon am Fr\u00fchst\u00fcckstisch Ideal zum Verschenken.<br \/>\nDas Set besteht aus:<\/p>\n<p>2 x Dessertteller, 24cm<br \/>\n2 x Tasse, 340ml<br \/>\n2 x M\u00fcslischale, 506ml<\/p>\n","protected":false},"excerpt":{"rendered":"<p>MATERIAL: Hochwertiges Porzellan<br \/>\nFARBE: Gold und Wei\u00df<br \/>\nGARANTIE SP\u00dcLMASCHINENGARANTIE: Nicht<br \/>\nMIKROWELLENKOMPATIBEL: Nicht<br \/>\nREF. ARTIKEL: 1485859075 <\/p>\n","protected":false},"featured_media":16898,"template":"","meta":[],"location":[906],"product_brand":[],"product_cat":[1354,1355,2163,2231,1309,2230,2448],"product_tag":[2234,2626,2232,2233,2627],"class_list":{"0":"post-16891","1":"product","2":"type-product","3":"status-publish","4":"has-post-thumbnail","6":"location-16-2","7":"product_cat-art-de-la-table-de","8":"product_cat-bol-de","9":"product_cat-tasse-krug","10":"product_cat-teller","11":"product_cat-villeroy-boch-de","12":"product_cat-weihnachten","13":"product_cat-winter","14":"product_tag-fruhstucksset","15":"product_tag-geburtstag","16":"product_tag-set-mit-6-stuck","17":"product_tag-weihnachtsdekorationen","18":"product_tag-weis-und-gold","20":"first","21":"instock","22":"shipping-taxable","23":"purchasable","24":"product-type-simple"},"supplier_id":9071,"supplier_sku":"1485859075","barcode":"4003686395152","atum_controlled":true,"out_stock_date":null,"out_stock_threshold":null,"inheritable":false,"inbound_stock":0,"stock_on_hold":0,"sold_today":0,"sales_last_days":0,"reserved_stock":null,"customer_returns":null,"warehouse_damage":null,"lost_in_post":null,"other_logs":null,"out_stock_days":0,"lost_sales":0,"has_location":false,"update_date":"2025-07-19T06:26:43","atum_locations":[{"id":805,"name":"162","slug":"162"}],"atum_stock_status":"instock","restock_status":false,"low_stock_amount":"","sales_update_date":"2025-07-19T06:26:43","calc_backorders":null,"locations":[],"_links":{"self":[{"href":"https:\/\/delices.lu\/de\/wp-json\/wp\/v2\/product\/16891","targetHints":{"allow":["GET"]}}],"collection":[{"href":"https:\/\/delices.lu\/de\/wp-json\/wp\/v2\/product"}],"about":[{"href":"https:\/\/delices.lu\/de\/wp-json\/wp\/v2\/types\/product"}],"wp:featuredmedia":[{"embeddable":true,"href":"https:\/\/delices.lu\/de\/wp-json\/wp\/v2\/media\/16898"}],"wp:attachment":[{"href":"https:\/\/delices.lu\/de\/wp-json\/wp\/v2\/media?parent=16891"}],"wp:term":[{"taxonomy":"location","embeddable":true,"href":"https:\/\/delices.lu\/de\/wp-json\/wp\/v2\/location?post=16891"},{"taxonomy":"product_brand","embeddable":true,"href":"https:\/\/delices.lu\/de\/wp-json\/wp\/v2\/product_brand?post=16891"},{"taxonomy":"product_cat","embeddable":true,"href":"https:\/\/delices.lu\/de\/wp-json\/wp\/v2\/product_cat?post=16891"},{"taxonomy":"product_tag","embeddable":true,"href":"https:\/\/delices.lu\/de\/wp-json\/wp\/v2\/product_tag?post=16891"}],"curies":[{"name":"wp","href":"https:\/\/api.w.org\/{rel}","templated":true}]}}