{"id":16900,"date":"2025-04-14T00:00:44","date_gmt":"2025-03-24T07:50:46","guid":{"rendered":"https:\/\/delices.lu\/produit\/statement-2er-set-lieblingsoma-tassen\/"},"modified":"2025-03-24T08:50:46","modified_gmt":"2025-03-24T07:50:46","slug":"statement-2er-set-lieblingsoma-tassen","status":"publish","type":"product","link":"https:\/\/delices.lu\/de\/produit\/statement-2er-set-lieblingsoma-tassen\/","title":{"rendered":"Statement &#8211; 2er-Set &#8220;Lieblingsoma&#8221; Tassen"},"content":{"rendered":"<table class=\"table\">\n<tbody>\n<tr>\n<td>\n<div class=\"col-12 value content\">\n<h3>Ein originelles und langlebiges Geschenk f\u00fcr Ihre Lieben<\/h3>\n<\/div>\n<div class=\"col-12 value content\">\n<p>Diese beliebte Kollektion setzt jetzt auf klare Stilaussagen, ob f\u00fcr sich selbst oder als Geschenk f\u00fcr eine besondere Person. Tassenset aus Premium Porcelain, h\u00fcbsch verpackt mit einer originellen Widmung f\u00fcr die Lieblings-Oma. <\/p>\n<\/div>\n<\/td>\n<\/tr>\n<\/tbody>\n<\/table>\n","protected":false},"excerpt":{"rendered":"<p><strong>Statement &#8211; 2er-Set Becher &#8220;Lieblingsoma&#8221;<br \/>\n<\/strong>Premium Porcelain<br \/>\nca. 280 ml<br \/>\nWei\u00df und Schwarz<br \/>\nGeschirrsp\u00fclmaschinenfest: Ja<br \/>\nMikrowelle: Ja<br \/>\nRef: 1016218410<\/p>\n","protected":false},"featured_media":16902,"template":"","meta":[],"location":[959],"product_brand":[],"product_cat":[2261,2163,1309],"product_tag":[2271,1154,2628,1155],"class_list":{"0":"post-16900","1":"product","2":"type-product","3":"status-publish","4":"has-post-thumbnail","6":"location-0-shop","7":"product_cat-erklarung","8":"product_cat-tasse-krug","9":"product_cat-villeroy-boch-de","10":"product_tag-2-stuck","11":"product_tag-mug-becher","12":"product_tag-oma-de","13":"product_tag-statement-de","15":"first","16":"instock","17":"shipping-taxable","18":"purchasable","19":"product-type-simple"},"supplier_id":9071,"supplier_sku":"1016218410","barcode":"4003686439399","atum_controlled":true,"out_stock_date":null,"out_stock_threshold":null,"inheritable":false,"inbound_stock":0,"stock_on_hold":0,"sold_today":0,"sales_last_days":0,"reserved_stock":null,"customer_returns":null,"warehouse_damage":null,"lost_in_post":null,"other_logs":null,"out_stock_days":0,"lost_sales":0,"has_location":true,"update_date":"2025-07-19T06:26:48","atum_locations":[{"id":960,"name":"0 SHOP","slug":"0-shop"}],"atum_stock_status":"instock","restock_status":false,"low_stock_amount":"","sales_update_date":"2025-07-19T06:26:48","calc_backorders":0,"locations":[],"_links":{"self":[{"href":"https:\/\/delices.lu\/de\/wp-json\/wp\/v2\/product\/16900","targetHints":{"allow":["GET"]}}],"collection":[{"href":"https:\/\/delices.lu\/de\/wp-json\/wp\/v2\/product"}],"about":[{"href":"https:\/\/delices.lu\/de\/wp-json\/wp\/v2\/types\/product"}],"wp:featuredmedia":[{"embeddable":true,"href":"https:\/\/delices.lu\/de\/wp-json\/wp\/v2\/media\/16902"}],"wp:attachment":[{"href":"https:\/\/delices.lu\/de\/wp-json\/wp\/v2\/media?parent=16900"}],"wp:term":[{"taxonomy":"location","embeddable":true,"href":"https:\/\/delices.lu\/de\/wp-json\/wp\/v2\/location?post=16900"},{"taxonomy":"product_brand","embeddable":true,"href":"https:\/\/delices.lu\/de\/wp-json\/wp\/v2\/product_brand?post=16900"},{"taxonomy":"product_cat","embeddable":true,"href":"https:\/\/delices.lu\/de\/wp-json\/wp\/v2\/product_cat?post=16900"},{"taxonomy":"product_tag","embeddable":true,"href":"https:\/\/delices.lu\/de\/wp-json\/wp\/v2\/product_tag?post=16900"}],"curies":[{"name":"wp","href":"https:\/\/api.w.org\/{rel}","templated":true}]}}