{"id":16907,"date":"2024-12-21T00:00:48","date_gmt":"2025-03-24T07:50:56","guid":{"rendered":"https:\/\/delices.lu\/produit\/winter-bakery-delight-display-stechpalmenmotiv\/"},"modified":"2025-03-24T08:50:56","modified_gmt":"2025-03-24T07:50:56","slug":"winter-bakery-delight-display-stechpalmenmotiv","status":"publish","type":"product","link":"https:\/\/delices.lu\/de\/produit\/winter-bakery-delight-display-stechpalmenmotiv\/","title":{"rendered":"Winter Bakery Delight &#8211; Display, Stechpalmenmotiv"},"content":{"rendered":"<p><strong>Servier- und Pr\u00e4sentationsst\u00e4nder<\/strong><br \/>\nWinter Bakery Delight macht Lust auf Zimtsterne, Eierpunsch und Brat\u00e4pfel. Das festlich dekorierte Geschirr passt mit seinem luftigen Dekor zur Adventszeit und zu den Wintermonaten. Dieses sch\u00f6ne Display setzt Ihre weihnachtlichen Gaumenfreuden in Szene. Verf\u00fchren Sie Ihre G\u00e4ste mit Originalit\u00e4t.   <\/p>\n","protected":false},"excerpt":{"rendered":"<p><strong>Winter Bakery Delight<br \/>\nDisplay mit Ilex-Motiv<\/strong><br \/>\nMATERIAL: Hochwertiges Porzellan<br \/>\nFARBE: Wei\u00df und mehrfarbig<br \/>\nGARANTIERT SP\u00dcLGER\u00c4T: Nicht<br \/>\nMIKROWELLENKOMPATIBEL: Nicht<br \/>\nREF. ARTIKEL: 1486127882 <\/p>\n","protected":false},"featured_media":16909,"template":"","meta":[],"location":[913],"product_brand":[],"product_cat":[1311,2287,1309,2230,2448],"product_tag":[2632,2630,2472,2631],"class_list":{"0":"post-16907","1":"product","2":"type-product","3":"status-publish","4":"has-post-thumbnail","6":"location-17-4","7":"product_cat-dekoration","8":"product_cat-teller-de","9":"product_cat-villeroy-boch-de","10":"product_cat-weihnachten","11":"product_cat-winter","12":"product_tag-2-tabletts","13":"product_tag-display","14":"product_tag-stern","15":"product_tag-tablett","17":"first","18":"instock","19":"shipping-taxable","20":"purchasable","21":"product-type-simple"},"supplier_id":9071,"supplier_sku":"1486127882","barcode":"4003686289154","atum_controlled":true,"out_stock_date":"2024-12-21 14:43:28","out_stock_threshold":null,"inheritable":false,"inbound_stock":0,"stock_on_hold":0,"sold_today":0,"sales_last_days":0,"reserved_stock":null,"customer_returns":null,"warehouse_damage":null,"lost_in_post":null,"other_logs":null,"out_stock_days":209,"lost_sales":0,"has_location":false,"update_date":"2025-07-19T06:26:42","atum_locations":[{"id":802,"name":"174","slug":"174"}],"atum_stock_status":"onbackorder","restock_status":false,"low_stock_amount":"","sales_update_date":"2025-07-19T06:26:42","calc_backorders":0,"locations":[],"_links":{"self":[{"href":"https:\/\/delices.lu\/de\/wp-json\/wp\/v2\/product\/16907","targetHints":{"allow":["GET"]}}],"collection":[{"href":"https:\/\/delices.lu\/de\/wp-json\/wp\/v2\/product"}],"about":[{"href":"https:\/\/delices.lu\/de\/wp-json\/wp\/v2\/types\/product"}],"wp:featuredmedia":[{"embeddable":true,"href":"https:\/\/delices.lu\/de\/wp-json\/wp\/v2\/media\/16909"}],"wp:attachment":[{"href":"https:\/\/delices.lu\/de\/wp-json\/wp\/v2\/media?parent=16907"}],"wp:term":[{"taxonomy":"location","embeddable":true,"href":"https:\/\/delices.lu\/de\/wp-json\/wp\/v2\/location?post=16907"},{"taxonomy":"product_brand","embeddable":true,"href":"https:\/\/delices.lu\/de\/wp-json\/wp\/v2\/product_brand?post=16907"},{"taxonomy":"product_cat","embeddable":true,"href":"https:\/\/delices.lu\/de\/wp-json\/wp\/v2\/product_cat?post=16907"},{"taxonomy":"product_tag","embeddable":true,"href":"https:\/\/delices.lu\/de\/wp-json\/wp\/v2\/product_tag?post=16907"}],"curies":[{"name":"wp","href":"https:\/\/api.w.org\/{rel}","templated":true}]}}