{"id":16916,"date":"2024-12-21T00:00:54","date_gmt":"2025-03-24T07:50:57","guid":{"rendered":"https:\/\/delices.lu\/produit\/toys-delight-dekoartikel-gloeckchen\/"},"modified":"2025-03-24T08:50:57","modified_gmt":"2025-03-24T07:50:57","slug":"toys-delight-dekoartikel-gloeckchen","status":"publish","type":"product","link":"https:\/\/delices.lu\/de\/produit\/toys-delight-dekoartikel-gloeckchen\/","title":{"rendered":"Toy&#8217;s Delight &#8211; Dekoartikel &#8211; Gl\u00f6ckchen"},"content":{"rendered":"<p><strong>Gl\u00f6ckchen f\u00fcr den Weihnachtsbaum mit Relief<\/strong><br \/>\nDiese Weihnachtsdekoration von Toy&#8217;s Delight Decoration ist mit einem Relief aus hochwertigem Porzellan verziert. Das Relief ist mit typischen Motiven von Spielzeug aus dem Erzgebirge verziert. Ein idealer Artikel zum Sammeln und Kombinieren mit anderen Artikeln. Auf diesem Gl\u00f6ckchen finden Sie das Retro-Relief von Papptellern, das Toy&#8217;s Delight so einzigartig macht. Eine absolut einzigartige Dekoration f\u00fcr den Weihnachtsbaum. Schm\u00fccken Sie einen pr\u00e4chtigen Weihnachtsbaum.     <\/p>\n","protected":false},"excerpt":{"rendered":"<p><strong>Toy&#8217;s Delight &#8211; Dekoration<\/strong><br \/>\n<strong>Gl\u00f6ckchen f\u00fcr den Weihnachtsbaum mit Relief<\/strong><br \/>\nMATERIAL: Hochwertiges Porzellan<br \/>\nFARBE: wei\u00df rot<br \/>\nGARANTIERT SP\u00dcLMASCHINENGARANTIE: Nicht<br \/>\nMIKROWELLENKOMPATIBEL: Nicht<br \/>\nREF. ARTIKEL: 1486596852 <\/p>\n","protected":false},"featured_media":16919,"template":"","meta":[],"location":[959],"product_brand":[],"product_cat":[1311,1309,2230,2448],"product_tag":[742,2635,2233],"class_list":{"0":"post-16916","1":"product","2":"type-product","3":"status-publish","4":"has-post-thumbnail","6":"location-0-shop","7":"product_cat-dekoration","8":"product_cat-villeroy-boch-de","9":"product_cat-weihnachten","10":"product_cat-winter","11":"product_tag-clochette-de","12":"product_tag-relief-de","13":"product_tag-weihnachtsdekorationen","15":"first","16":"instock","17":"shipping-taxable","18":"purchasable","19":"product-type-simple"},"supplier_id":9071,"supplier_sku":"1486596852","barcode":"4003686327993","atum_controlled":true,"out_stock_date":null,"out_stock_threshold":null,"inheritable":false,"inbound_stock":0,"stock_on_hold":0,"sold_today":0,"sales_last_days":0,"reserved_stock":null,"customer_returns":null,"warehouse_damage":null,"lost_in_post":null,"other_logs":null,"out_stock_days":0,"lost_sales":0,"has_location":true,"update_date":"2025-07-19T06:26:42","atum_locations":[{"id":960,"name":"0 SHOP","slug":"0-shop"}],"atum_stock_status":"instock","restock_status":false,"low_stock_amount":"","sales_update_date":"2025-07-19T06:26:42","calc_backorders":0,"locations":[],"_links":{"self":[{"href":"https:\/\/delices.lu\/de\/wp-json\/wp\/v2\/product\/16916","targetHints":{"allow":["GET"]}}],"collection":[{"href":"https:\/\/delices.lu\/de\/wp-json\/wp\/v2\/product"}],"about":[{"href":"https:\/\/delices.lu\/de\/wp-json\/wp\/v2\/types\/product"}],"wp:featuredmedia":[{"embeddable":true,"href":"https:\/\/delices.lu\/de\/wp-json\/wp\/v2\/media\/16919"}],"wp:attachment":[{"href":"https:\/\/delices.lu\/de\/wp-json\/wp\/v2\/media?parent=16916"}],"wp:term":[{"taxonomy":"location","embeddable":true,"href":"https:\/\/delices.lu\/de\/wp-json\/wp\/v2\/location?post=16916"},{"taxonomy":"product_brand","embeddable":true,"href":"https:\/\/delices.lu\/de\/wp-json\/wp\/v2\/product_brand?post=16916"},{"taxonomy":"product_cat","embeddable":true,"href":"https:\/\/delices.lu\/de\/wp-json\/wp\/v2\/product_cat?post=16916"},{"taxonomy":"product_tag","embeddable":true,"href":"https:\/\/delices.lu\/de\/wp-json\/wp\/v2\/product_tag?post=16916"}],"curies":[{"name":"wp","href":"https:\/\/api.w.org\/{rel}","templated":true}]}}