{"id":16929,"date":"2024-12-22T00:00:12","date_gmt":"2025-03-24T07:50:59","guid":{"rendered":"https:\/\/delices.lu\/produit\/annual-christmas-edition-tasse-2024\/"},"modified":"2025-03-24T08:50:59","modified_gmt":"2025-03-24T07:50:59","slug":"annual-christmas-edition-tasse-2024","status":"publish","type":"product","link":"https:\/\/delices.lu\/de\/produit\/annual-christmas-edition-tasse-2024\/","title":{"rendered":"Annual Christmas Edition &#8211; Tasse 2024"},"content":{"rendered":"<p><strong>Die sch\u00f6nste aller Weihnachtstassen mit Goldstempel auf der Unterseite, ideal zum Sammeln und Verschenken.<\/strong><br \/>\nEine exklusive Kollektion aus hochwertigem Porzellan f\u00fcr Sammler: Die j\u00e4hrliche Weihnachtsedition von Villeroy &amp; Boch besticht durch ihr festliches rot-wei\u00dfes Design und den Goldstempel auf der Unterseite jedes Artikels, der das Jahr der Herstellung anzeigt. Diese streng limitierten Favoriten aus Premium Porcelain eignen sich nicht nur perfekt zum Sammeln, Dekorieren und Verschenken, sondern verleihen Ihrem Zuhause auch eine festliche Atmosph\u00e4re. Der Becher der Annual Christmas Edition 2024, der in limitierter Auflage angeboten wird, ist ein Muss f\u00fcr alle Weihnachts- und Dekorationsfans. Dieser Porzellanbecher mit seinem exquisiten Design ist eine wahre Freude f\u00fcr die Sinne. Jedes seiner Details wurde mit Sorgfalt und Pr\u00e4zision entworfen. Diese lebendigen Retro-Details erwecken den Zauber eines Karussells in der festlichen Zeit des Jahres. Die sorgf\u00e4ltig ausgearbeiteten Elemente verbreiten eine Atmosph\u00e4re voller Freude und Dynamik. Die Tasse wird in einer hochwertigen Geschenkbox geliefert. Dekorieren Sie Ihr Zuhause jetzt festlich mit der Annual Christmas Edition 2024.        <\/p>\n","protected":false},"excerpt":{"rendered":"<p>MATERIAL: Hochwertiges Porzellan<br \/>\nGR\u00d6\u00dfE: ca. 450 ml<br \/>\nFARBE: mehrfarbig<br \/>\nGARANTIERT SP\u00dcLMASCHINENGARANTIE: Nicht<br \/>\nMIKROWELLENKOMPATIBEL: Nicht<br \/>\nREF. ARTIKEL: 1486264867 <\/p>\n","protected":false},"featured_media":16931,"template":"","meta":[],"location":[959,919],"product_brand":[],"product_cat":[2568,1354,2235,2163,1309,2230,2448],"product_tag":[2520,743,2272,2233],"class_list":{"0":"post-16929","1":"product","2":"type-product","3":"status-publish","4":"has-post-thumbnail","6":"location-0-shop","7":"location-18-5","8":"product_cat-annual-christmas-edition-de","9":"product_cat-art-de-la-table-de","10":"product_cat-tasse-de","11":"product_cat-tasse-krug","12":"product_cat-villeroy-boch-de","13":"product_cat-weihnachten","14":"product_cat-winter","15":"product_tag-2024-de","16":"product_tag-decoration-de","17":"product_tag-groser-becher","18":"product_tag-weihnachtsdekorationen","20":"first","21":"instock","22":"shipping-taxable","23":"purchasable","24":"product-type-simple"},"supplier_id":9071,"supplier_sku":"1486264867","barcode":"4003686436862","atum_controlled":true,"out_stock_date":null,"out_stock_threshold":0,"inheritable":false,"inbound_stock":0,"stock_on_hold":0,"sold_today":0,"sales_last_days":0,"reserved_stock":null,"customer_returns":null,"warehouse_damage":null,"lost_in_post":null,"other_logs":null,"out_stock_days":0,"lost_sales":0,"has_location":true,"update_date":"2026-01-26T08:41:03","atum_locations":[{"id":798,"name":"185","slug":"185"}],"atum_stock_status":"instock","restock_status":false,"low_stock_amount":"","sales_update_date":"2026-01-26T08:41:03","calc_backorders":0,"locations":[],"_links":{"self":[{"href":"https:\/\/delices.lu\/de\/wp-json\/wp\/v2\/product\/16929","targetHints":{"allow":["GET"]}}],"collection":[{"href":"https:\/\/delices.lu\/de\/wp-json\/wp\/v2\/product"}],"about":[{"href":"https:\/\/delices.lu\/de\/wp-json\/wp\/v2\/types\/product"}],"wp:featuredmedia":[{"embeddable":true,"href":"https:\/\/delices.lu\/de\/wp-json\/wp\/v2\/media\/16931"}],"wp:attachment":[{"href":"https:\/\/delices.lu\/de\/wp-json\/wp\/v2\/media?parent=16929"}],"wp:term":[{"taxonomy":"location","embeddable":true,"href":"https:\/\/delices.lu\/de\/wp-json\/wp\/v2\/location?post=16929"},{"taxonomy":"product_brand","embeddable":true,"href":"https:\/\/delices.lu\/de\/wp-json\/wp\/v2\/product_brand?post=16929"},{"taxonomy":"product_cat","embeddable":true,"href":"https:\/\/delices.lu\/de\/wp-json\/wp\/v2\/product_cat?post=16929"},{"taxonomy":"product_tag","embeddable":true,"href":"https:\/\/delices.lu\/de\/wp-json\/wp\/v2\/product_tag?post=16929"}],"curies":[{"name":"wp","href":"https:\/\/api.w.org\/{rel}","templated":true}]}}