{"id":16930,"date":"2024-12-21T00:00:28","date_gmt":"2025-03-24T07:50:59","guid":{"rendered":"https:\/\/delices.lu\/produit\/winter-bakery-delight-sternfoermige-schale-m-village\/"},"modified":"2025-03-24T08:50:59","modified_gmt":"2025-03-24T07:50:59","slug":"winter-bakery-delight-sternfoermige-schale-m-village","status":"publish","type":"product","link":"https:\/\/delices.lu\/de\/produit\/winter-bakery-delight-sternfoermige-schale-m-village\/","title":{"rendered":"Winter Bakery Delight &#8211; Sternf\u00f6rmige Schale, M, Village"},"content":{"rendered":"<p><strong>Dekorative Schale f\u00fcr das Weihnachtsfest<\/strong><br \/>\nWinter Bakery Delight macht Lust auf Zimtsterne, Eierpunsch und Brat\u00e4pfel. Das festlich dekorierte Geschirr passt mit seinem luftigen Dekor zur Adventszeit und zu den Wintermonaten. Es ist ideal, um Ihre festliche Einrichtung zu vervollst\u00e4ndigen oder zum Sammeln, Kombinieren und Verschenken. Diese mittelgro\u00dfe, sternf\u00f6rmige Schale wird in vielen Situationen w\u00e4hrend der besinnlichen Weihnachtszeit zum Einsatz kommen. Bringen Sie die festliche Atmosph\u00e4re von Weihnachten auf Ihren Tisch.    <\/p>\n","protected":false},"excerpt":{"rendered":"<p><strong>Winter Bakery Delight<br \/>\nSternf\u00f6rmige Schale, Village, 24,5 cm<\/strong><br \/>\nMATERIAL: Premium Porcelain<br \/>\nGR\u00d6\u00dfE: ca. 800 ml<br \/>\nFARBE: Wei\u00df, mehrfarbig<br \/>\nGARANTIERT SP\u00dcLGER\u00c4T: Nein<br \/>\nMIKROWELLENKOMPATIBEL: Ja<br \/>\nREF. ARTIKEL: 1486123770 <\/p>\n","protected":false},"featured_media":16932,"template":"","meta":[],"location":[911],"product_brand":[],"product_cat":[1356,1311,2287,1309,2230,2448],"product_tag":[1358,743,2478,2472,2312],"class_list":{"0":"post-16930","1":"product","2":"type-product","3":"status-publish","4":"has-post-thumbnail","6":"location-17-2","7":"product_cat-coupe-de","8":"product_cat-dekoration","9":"product_cat-teller-de","10":"product_cat-villeroy-boch-de","11":"product_cat-weihnachten","12":"product_cat-winter","13":"product_tag-coupe-de","14":"product_tag-decoration-de","15":"product_tag-dekorativer-schnitt","16":"product_tag-stern","17":"product_tag-teller-de","19":"first","20":"instock","21":"shipping-taxable","22":"purchasable","23":"product-type-simple"},"supplier_id":9071,"supplier_sku":"1486123770","barcode":"4003686363984","atum_controlled":true,"out_stock_date":null,"out_stock_threshold":null,"inheritable":false,"inbound_stock":0,"stock_on_hold":0,"sold_today":0,"sales_last_days":0,"reserved_stock":null,"customer_returns":null,"warehouse_damage":null,"lost_in_post":null,"other_logs":null,"out_stock_days":0,"lost_sales":0,"has_location":false,"update_date":"2025-07-19T06:26:42","atum_locations":[{"id":800,"name":"172","slug":"172"}],"atum_stock_status":"instock","restock_status":false,"low_stock_amount":"","sales_update_date":"2025-07-19T06:26:42","calc_backorders":0,"locations":[],"_links":{"self":[{"href":"https:\/\/delices.lu\/de\/wp-json\/wp\/v2\/product\/16930","targetHints":{"allow":["GET"]}}],"collection":[{"href":"https:\/\/delices.lu\/de\/wp-json\/wp\/v2\/product"}],"about":[{"href":"https:\/\/delices.lu\/de\/wp-json\/wp\/v2\/types\/product"}],"wp:featuredmedia":[{"embeddable":true,"href":"https:\/\/delices.lu\/de\/wp-json\/wp\/v2\/media\/16932"}],"wp:attachment":[{"href":"https:\/\/delices.lu\/de\/wp-json\/wp\/v2\/media?parent=16930"}],"wp:term":[{"taxonomy":"location","embeddable":true,"href":"https:\/\/delices.lu\/de\/wp-json\/wp\/v2\/location?post=16930"},{"taxonomy":"product_brand","embeddable":true,"href":"https:\/\/delices.lu\/de\/wp-json\/wp\/v2\/product_brand?post=16930"},{"taxonomy":"product_cat","embeddable":true,"href":"https:\/\/delices.lu\/de\/wp-json\/wp\/v2\/product_cat?post=16930"},{"taxonomy":"product_tag","embeddable":true,"href":"https:\/\/delices.lu\/de\/wp-json\/wp\/v2\/product_tag?post=16930"}],"curies":[{"name":"wp","href":"https:\/\/api.w.org\/{rel}","templated":true}]}}