{"id":16957,"date":"2024-12-23T00:00:14","date_gmt":"2025-03-24T07:51:10","guid":{"rendered":"https:\/\/delices.lu\/produit\/statement-xmas-rentier-set-2-stk\/"},"modified":"2025-03-24T08:51:10","modified_gmt":"2025-03-24T07:51:10","slug":"statement-xmas-rentier-set-2-stk","status":"publish","type":"product","link":"https:\/\/delices.lu\/de\/produit\/statement-xmas-rentier-set-2-stk\/","title":{"rendered":"Statement XMAS Rentier-Set, 2 Stk."},"content":{"rendered":"<p><strong>Henkelbecher-Set mit weihnachtlichem Dekor f\u00fcr hei\u00dfe und kalte Getr\u00e4nke<\/strong><br \/>\nSchlichte Henkelbecher aus Premium Porcelain: Die Statement-Kollektion aus dem Hause Villeroy &amp; Boch besticht durch ihre angenehme Haptik und das minimalistische Dekor, die diese Becher zu perfekten Begleitern im Alltag machen. Die Verpackung aus hochwertigem Karton verleiht dem Set einen zus\u00e4tzlichen Wert und macht es zu einem perfekten Geschenk. F\u00fcr den stilvollen Genuss von Hei\u00dfgetr\u00e4nken in der kalten Jahreszeit: Dieses zweiteilige Set Statement XMAS aus Premium Porcelain wird von einem Rentierdekor und einer Weihnachtsbotschaft begleitet. W\u00e4hlen Sie ein schlichtes Design mit minimalistischen Linien.   <\/p>\n","protected":false},"excerpt":{"rendered":"<p>Premium Porcelain<br \/>\nca. 280 ml<br \/>\nWei\u00df und Schwarz<br \/>\nGeschirrsp\u00fclmaschinenfest: Ja<br \/>\nMikrowellenfest: Ja<br \/>\nRef: 1016218405<\/p>\n","protected":false},"featured_media":16959,"template":"","meta":[],"location":[959,881],"product_brand":[],"product_cat":[2261,2163,1309,2230],"product_tag":[1154,2637,2236,2233],"class_list":{"0":"post-16957","1":"product","2":"type-product","3":"status-publish","4":"has-post-thumbnail","6":"location-0-shop","7":"location-10-2","8":"product_cat-erklarung","9":"product_cat-tasse-krug","10":"product_cat-villeroy-boch-de","11":"product_cat-weihnachten","12":"product_tag-mug-becher","13":"product_tag-rentier","14":"product_tag-set-aus-2-mugs","15":"product_tag-weihnachtsdekorationen","17":"first","18":"instock","19":"shipping-taxable","20":"purchasable","21":"product-type-simple"},"supplier_id":null,"supplier_sku":"","barcode":null,"atum_controlled":true,"out_stock_date":"2024-12-24 12:25:50","out_stock_threshold":null,"inheritable":false,"inbound_stock":0,"stock_on_hold":0,"sold_today":0,"sales_last_days":0,"reserved_stock":null,"customer_returns":null,"warehouse_damage":null,"lost_in_post":null,"other_logs":null,"out_stock_days":206,"lost_sales":0,"has_location":true,"update_date":"2025-07-19T06:26:43","atum_locations":[{"id":960,"name":"0 SHOP","slug":"0-shop"},{"id":835,"name":"102","slug":"102"}],"atum_stock_status":"onbackorder","restock_status":false,"low_stock_amount":"","sales_update_date":"2025-07-19T06:26:43","calc_backorders":0,"locations":[],"_links":{"self":[{"href":"https:\/\/delices.lu\/de\/wp-json\/wp\/v2\/product\/16957","targetHints":{"allow":["GET"]}}],"collection":[{"href":"https:\/\/delices.lu\/de\/wp-json\/wp\/v2\/product"}],"about":[{"href":"https:\/\/delices.lu\/de\/wp-json\/wp\/v2\/types\/product"}],"wp:featuredmedia":[{"embeddable":true,"href":"https:\/\/delices.lu\/de\/wp-json\/wp\/v2\/media\/16959"}],"wp:attachment":[{"href":"https:\/\/delices.lu\/de\/wp-json\/wp\/v2\/media?parent=16957"}],"wp:term":[{"taxonomy":"location","embeddable":true,"href":"https:\/\/delices.lu\/de\/wp-json\/wp\/v2\/location?post=16957"},{"taxonomy":"product_brand","embeddable":true,"href":"https:\/\/delices.lu\/de\/wp-json\/wp\/v2\/product_brand?post=16957"},{"taxonomy":"product_cat","embeddable":true,"href":"https:\/\/delices.lu\/de\/wp-json\/wp\/v2\/product_cat?post=16957"},{"taxonomy":"product_tag","embeddable":true,"href":"https:\/\/delices.lu\/de\/wp-json\/wp\/v2\/product_tag?post=16957"}],"curies":[{"name":"wp","href":"https:\/\/api.w.org\/{rel}","templated":true}]}}