{"id":16963,"date":"2024-12-24T00:00:06","date_gmt":"2025-03-24T07:51:11","guid":{"rendered":"https:\/\/delices.lu\/produit\/toys-fantasy-becher-gross-relief\/"},"modified":"2025-03-24T08:51:11","modified_gmt":"2025-03-24T07:51:11","slug":"toys-fantasy-becher-gross-relief","status":"publish","type":"product","link":"https:\/\/delices.lu\/de\/produit\/toys-fantasy-becher-gross-relief\/","title":{"rendered":"Toy&#8217;s Fantasy &#8211; Becher &#8211; Gro\u00df &#8211; Relief"},"content":{"rendered":"<p><strong>Phantasievolle Relief-Tasse mit Schneemann-Motiv und Kindern<\/strong><br \/>\nMit der Toy&#8217;s Fantasy Kollektion wird Ihr Weihnachtstisch alles andere als langweilig sein. Die klassischen Motive in Rot oder Gr\u00fcn sorgen f\u00fcr zus\u00e4tzliche Farbtupfer auf dem Tisch. Sie k\u00f6nnen nicht nur alle Motive und Farben miteinander kombinieren, sondern sie auch mit anderen Weihnachtskollektionen von Villeroy &amp; Boch verwenden, um Ihrer Kreativit\u00e4t freien Lauf zu lassen. Dieser Reliefbecher Toy&#8217;s Fantasy mit einem Schneemann und Kindern zeigt ein bezauberndes Reliefdekor, das nostalgische Geschichten erz\u00e4hlt, die Spa\u00df und kindliche Freude miteinander verbinden. Reservieren Sie jetzt Ihre Lieblingsweihnachtsartikel!    <\/p>\n","protected":false},"excerpt":{"rendered":"<p><strong>Toy&#8217;s Fantasy &#8211; Tasse &#8211; Relief<br \/>\nSchneemann &#8211; 14,5 x 10 x 10,5 cm<\/strong><br \/>\nMaterial: Premium Porcelain<br \/>\nKapazit\u00e4t: ca. 450 ml<br \/>\nFarben: mehrfarbig<br \/>\nMikrowellen- oder sp\u00fclmaschinentauglich: Nein<br \/>\nArtikelnummer: 1483324863 <\/p>\n","protected":false},"featured_media":16964,"template":"","meta":[],"location":[959],"product_brand":[],"product_cat":[2163,1309,2230],"product_tag":[2272,1154,2319,2233],"class_list":{"0":"post-16963","1":"product","2":"type-product","3":"status-publish","4":"has-post-thumbnail","6":"location-0-shop","7":"product_cat-tasse-krug","8":"product_cat-villeroy-boch-de","9":"product_cat-weihnachten","10":"product_tag-groser-becher","11":"product_tag-mug-becher","12":"product_tag-tasse-mit-henkel","13":"product_tag-weihnachtsdekorationen","15":"first","16":"instock","17":"shipping-taxable","18":"purchasable","19":"product-type-simple"},"supplier_id":9071,"supplier_sku":"1483324863","barcode":"4003686441439","atum_controlled":true,"out_stock_date":null,"out_stock_threshold":null,"inheritable":false,"inbound_stock":0,"stock_on_hold":0,"sold_today":0,"sales_last_days":0,"reserved_stock":null,"customer_returns":null,"warehouse_damage":null,"lost_in_post":null,"other_logs":null,"out_stock_days":0,"lost_sales":0,"has_location":true,"update_date":"2025-07-19T06:26:43","atum_locations":[{"id":960,"name":"0 SHOP","slug":"0-shop"}],"atum_stock_status":"instock","restock_status":false,"low_stock_amount":"","sales_update_date":"2025-07-19T06:26:43","calc_backorders":0,"locations":[],"_links":{"self":[{"href":"https:\/\/delices.lu\/de\/wp-json\/wp\/v2\/product\/16963","targetHints":{"allow":["GET"]}}],"collection":[{"href":"https:\/\/delices.lu\/de\/wp-json\/wp\/v2\/product"}],"about":[{"href":"https:\/\/delices.lu\/de\/wp-json\/wp\/v2\/types\/product"}],"wp:featuredmedia":[{"embeddable":true,"href":"https:\/\/delices.lu\/de\/wp-json\/wp\/v2\/media\/16964"}],"wp:attachment":[{"href":"https:\/\/delices.lu\/de\/wp-json\/wp\/v2\/media?parent=16963"}],"wp:term":[{"taxonomy":"location","embeddable":true,"href":"https:\/\/delices.lu\/de\/wp-json\/wp\/v2\/location?post=16963"},{"taxonomy":"product_brand","embeddable":true,"href":"https:\/\/delices.lu\/de\/wp-json\/wp\/v2\/product_brand?post=16963"},{"taxonomy":"product_cat","embeddable":true,"href":"https:\/\/delices.lu\/de\/wp-json\/wp\/v2\/product_cat?post=16963"},{"taxonomy":"product_tag","embeddable":true,"href":"https:\/\/delices.lu\/de\/wp-json\/wp\/v2\/product_tag?post=16963"}],"curies":[{"name":"wp","href":"https:\/\/api.w.org\/{rel}","templated":true}]}}