{"id":16966,"date":"2024-12-23T00:00:20","date_gmt":"2025-03-24T07:51:11","guid":{"rendered":"https:\/\/delices.lu\/produit\/toys-fantasy-tischset-32-x-48-cm\/"},"modified":"2025-03-24T08:51:11","modified_gmt":"2025-03-24T07:51:11","slug":"toys-fantasy-tischset-32-x-48-cm","status":"publish","type":"product","link":"https:\/\/delices.lu\/de\/produit\/toys-fantasy-tischset-32-x-48-cm\/","title":{"rendered":"Toy&#8217;s Fantasy &#8211; Tischset &#8211; 32 x 48 cm"},"content":{"rendered":"<p><strong>Phantasievolles Tischset mit Retro-Weihnachtsdekor<\/strong><br \/>\nMit der Toy&#8217;s Fantasy Kollektion wird Ihr Weihnachtstisch alles andere als langweilig sein. Die klassischen Muster in Rot oder Gr\u00fcn bringen zus\u00e4tzliche Farbe auf den Tisch. Sie k\u00f6nnen nicht nur alle Motive und Farben miteinander kombinieren, sondern sie auch mit anderen Weihnachtskollektionen von Villeroy &amp; Boch verwenden, um Ihrer Kreativit\u00e4t freien Lauf zu lassen. Das Tischset mit dem Spielzeugmotiv verleiht Ihrer Festtafel einen einzigartigen Charme und setzt fr\u00f6hliche Designakzente. Reservieren Sie jetzt Ihre Lieblingsweihnachtsartikel!    <\/p>\n","protected":false},"excerpt":{"rendered":"<p><strong>Toy&#8217;s Fantasy<br \/>\nTischset<\/strong><br \/>\nMaterial: Baumwolle Polyester<br \/>\nGr\u00f6\u00dfe: 32 x 48 cm<br \/>\nFarbe: mehrfarbig<br \/>\nArtikelreferenz: 1483326123 <\/p>\n","protected":false},"featured_media":16968,"template":"","meta":[],"location":[959],"product_brand":[],"product_cat":[1311,1309,2230,2448],"product_tag":[743,2358,2233],"class_list":{"0":"post-16966","1":"product","2":"type-product","3":"status-publish","4":"has-post-thumbnail","6":"location-0-shop","7":"product_cat-dekoration","8":"product_cat-villeroy-boch-de","9":"product_cat-weihnachten","10":"product_cat-winter","11":"product_tag-decoration-de","12":"product_tag-tischset","13":"product_tag-weihnachtsdekorationen","15":"first","16":"instock","17":"shipping-taxable","18":"purchasable","19":"product-type-simple"},"supplier_id":9071,"supplier_sku":"1483326123","barcode":"4003686441293","atum_controlled":true,"out_stock_date":null,"out_stock_threshold":null,"inheritable":false,"inbound_stock":0,"stock_on_hold":0,"sold_today":0,"sales_last_days":0,"reserved_stock":null,"customer_returns":null,"warehouse_damage":null,"lost_in_post":null,"other_logs":null,"out_stock_days":0,"lost_sales":0,"has_location":true,"update_date":"2025-07-19T06:26:42","atum_locations":[{"id":960,"name":"0 SHOP","slug":"0-shop"}],"atum_stock_status":"instock","restock_status":false,"low_stock_amount":"","sales_update_date":"2025-07-19T06:26:42","calc_backorders":0,"locations":[],"_links":{"self":[{"href":"https:\/\/delices.lu\/de\/wp-json\/wp\/v2\/product\/16966","targetHints":{"allow":["GET"]}}],"collection":[{"href":"https:\/\/delices.lu\/de\/wp-json\/wp\/v2\/product"}],"about":[{"href":"https:\/\/delices.lu\/de\/wp-json\/wp\/v2\/types\/product"}],"wp:featuredmedia":[{"embeddable":true,"href":"https:\/\/delices.lu\/de\/wp-json\/wp\/v2\/media\/16968"}],"wp:attachment":[{"href":"https:\/\/delices.lu\/de\/wp-json\/wp\/v2\/media?parent=16966"}],"wp:term":[{"taxonomy":"location","embeddable":true,"href":"https:\/\/delices.lu\/de\/wp-json\/wp\/v2\/location?post=16966"},{"taxonomy":"product_brand","embeddable":true,"href":"https:\/\/delices.lu\/de\/wp-json\/wp\/v2\/product_brand?post=16966"},{"taxonomy":"product_cat","embeddable":true,"href":"https:\/\/delices.lu\/de\/wp-json\/wp\/v2\/product_cat?post=16966"},{"taxonomy":"product_tag","embeddable":true,"href":"https:\/\/delices.lu\/de\/wp-json\/wp\/v2\/product_tag?post=16966"}],"curies":[{"name":"wp","href":"https:\/\/api.w.org\/{rel}","templated":true}]}}