{"id":16970,"date":"2024-12-24T00:00:07","date_gmt":"2025-03-24T07:51:12","guid":{"rendered":"https:\/\/delices.lu\/produit\/platzteller\/"},"modified":"2025-03-24T08:51:12","modified_gmt":"2025-03-24T07:51:12","slug":"platzteller","status":"publish","type":"product","link":"https:\/\/delices.lu\/de\/produit\/platzteller\/","title":{"rendered":"Platzteller"},"content":{"rendered":"<p><strong>Platzteller f\u00fcr eine elegant gedeckte Festtafel<\/strong><br \/>\nMit der Kollektion Toy&#8217;s Delight schaffen Sie zu Hause eine weihnachtliche Atmosph\u00e4re im Retro-Stil. Das Geschirr ist mit fantasievollen Motiven in Rot, Gr\u00fcn und Wei\u00df verziert und weckt Kindheitserinnerungen. Zum Kombinieren, Sammeln und Verschenken. Dieser Platzteller verleiht Ihrem Weihnachtsessen eine fantasievolle Eleganz. Er eignet sich perfekt f\u00fcr festliche Anl\u00e4sse im Familienkreis und mit G\u00e4sten. Decken Sie Ihren Weihnachtstisch perfekt.     <\/p>\n","protected":false},"excerpt":{"rendered":"<p><strong>Toy&#8217;s Delight Platzteller<\/strong><br \/>\nMaterial: Premium Porcelain<br \/>\nMa\u00dfe: ca. 35 cm<br \/>\nGewicht: ca. 1 kg<br \/>\nwei\u00df rot gr\u00fcn<br \/>\nmikrowellengeeignet<br \/>\nArtikelnummer 1485852680 <\/p>\n","protected":false},"featured_media":16972,"template":"","meta":[],"location":[959,900],"product_brand":[],"product_cat":[1354,2231,2287,1309,2230],"product_tag":[2316,2423,2301,2256,2233],"class_list":{"0":"post-16970","1":"product","2":"type-product","3":"status-publish","4":"has-post-thumbnail","6":"location-0-shop","7":"location-15-1","8":"product_cat-art-de-la-table-de","9":"product_cat-teller","10":"product_cat-teller-de","11":"product_cat-villeroy-boch-de","12":"product_cat-weihnachten","13":"product_tag-groser-teller","14":"product_tag-plate-de","15":"product_tag-prasentation","16":"product_tag-rundschreiben","17":"product_tag-weihnachtsdekorationen","19":"first","20":"instock","21":"shipping-taxable","22":"purchasable","23":"product-type-simple"},"supplier_id":9071,"supplier_sku":"1485852680","barcode":"4003683490461","atum_controlled":true,"out_stock_date":null,"out_stock_threshold":null,"inheritable":false,"inbound_stock":0,"stock_on_hold":0,"sold_today":0,"sales_last_days":0,"reserved_stock":null,"customer_returns":null,"warehouse_damage":null,"lost_in_post":null,"other_logs":null,"out_stock_days":0,"lost_sales":0,"has_location":false,"update_date":"2025-07-19T06:26:42","atum_locations":[{"id":960,"name":"0 SHOP","slug":"0-shop"},{"id":809,"name":"151","slug":"151"}],"atum_stock_status":"instock","restock_status":false,"low_stock_amount":"","sales_update_date":"2025-07-19T06:26:42","calc_backorders":0,"locations":[],"_links":{"self":[{"href":"https:\/\/delices.lu\/de\/wp-json\/wp\/v2\/product\/16970","targetHints":{"allow":["GET"]}}],"collection":[{"href":"https:\/\/delices.lu\/de\/wp-json\/wp\/v2\/product"}],"about":[{"href":"https:\/\/delices.lu\/de\/wp-json\/wp\/v2\/types\/product"}],"wp:featuredmedia":[{"embeddable":true,"href":"https:\/\/delices.lu\/de\/wp-json\/wp\/v2\/media\/16972"}],"wp:attachment":[{"href":"https:\/\/delices.lu\/de\/wp-json\/wp\/v2\/media?parent=16970"}],"wp:term":[{"taxonomy":"location","embeddable":true,"href":"https:\/\/delices.lu\/de\/wp-json\/wp\/v2\/location?post=16970"},{"taxonomy":"product_brand","embeddable":true,"href":"https:\/\/delices.lu\/de\/wp-json\/wp\/v2\/product_brand?post=16970"},{"taxonomy":"product_cat","embeddable":true,"href":"https:\/\/delices.lu\/de\/wp-json\/wp\/v2\/product_cat?post=16970"},{"taxonomy":"product_tag","embeddable":true,"href":"https:\/\/delices.lu\/de\/wp-json\/wp\/v2\/product_tag?post=16970"}],"curies":[{"name":"wp","href":"https:\/\/api.w.org\/{rel}","templated":true}]}}