{"id":16971,"date":"2024-12-23T00:00:33","date_gmt":"2025-03-24T07:51:12","guid":{"rendered":"https:\/\/delices.lu\/produit\/christmas-toys-weihnachtsmann-auf-seinem-sessel\/"},"modified":"2025-03-24T08:51:12","modified_gmt":"2025-03-24T07:51:12","slug":"christmas-toys-weihnachtsmann-auf-seinem-sessel","status":"publish","type":"product","link":"https:\/\/delices.lu\/de\/produit\/christmas-toys-weihnachtsmann-auf-seinem-sessel\/","title":{"rendered":"Christmas Toy&#8217;s &#8211; Weihnachtsmann auf seinem Sessel"},"content":{"rendered":"<p><strong>Dekorative Figur voller Poesie f\u00fcr das Fest<\/strong><br \/>\nDie Christmas Toy&#8217;s Kollektion vereint Retro-Momente und modernes Design in einem wunderbaren, festlichen Land, in dem Weihnachtsm\u00e4rkte, Schneem\u00e4nner und der Heilige Nikolaus Sie schon sehns\u00fcchtig erwarten. Er ist ideal, um Ihre festliche Einrichtung zu vervollst\u00e4ndigen oder zum Sammeln, Kombinieren und Verschenken. Auch der Weihnachtsmann braucht manchmal eine Pause. In diesem Fall macht er es sich in seinem Ohrensessel gem\u00fctlich und h\u00f6rt sich die W\u00fcnsche der Kinder an. Beschenken Sie sich und Ihre Lieben mit festlichen Accessoires.    <\/p>\n","protected":false},"excerpt":{"rendered":"<p><strong>Christmas Toy&#8217;s &#8211; Weihnachtsmann auf seinem Sessel <\/strong><br \/>\nMATERIAL: Porzellan<br \/>\nFARBE: mehrfarbig<br \/>\nABMESSUNGEN: 10 x 10 x 15 cm<br \/>\nGARANTIERT SP\u00dcLMASCHINENGARANTIE: Nicht<br \/>\nMIKROWELLENKOMPATIBEL: Nicht<br \/>\nREF. ARTIKEL: 1483276636 <\/p>\n","protected":false},"featured_media":16977,"template":"","meta":[],"location":[959,897],"product_brand":[],"product_cat":[1311,1309,2230],"product_tag":[743,2638,2454],"class_list":{"0":"post-16971","1":"product","2":"type-product","3":"status-publish","4":"has-post-thumbnail","6":"location-0-shop","7":"location-14-3","8":"product_cat-dekoration","9":"product_cat-villeroy-boch-de","10":"product_cat-weihnachten","11":"product_tag-decoration-de","12":"product_tag-sessel","13":"product_tag-weihnachtsmann","15":"first","16":"instock","17":"shipping-taxable","18":"purchasable","19":"product-type-simple"},"supplier_id":9071,"supplier_sku":"1483276636","barcode":"4003686357372","atum_controlled":true,"out_stock_date":null,"out_stock_threshold":null,"inheritable":false,"inbound_stock":0,"stock_on_hold":0,"sold_today":0,"sales_last_days":0,"reserved_stock":null,"customer_returns":null,"warehouse_damage":null,"lost_in_post":null,"other_logs":null,"out_stock_days":0,"lost_sales":0,"has_location":true,"update_date":"2025-07-19T06:26:42","atum_locations":[{"id":960,"name":"0 SHOP","slug":"0-shop"},{"id":816,"name":"143","slug":"143"}],"atum_stock_status":"instock","restock_status":false,"low_stock_amount":"","sales_update_date":"2025-07-19T06:26:42","calc_backorders":0,"locations":[],"_links":{"self":[{"href":"https:\/\/delices.lu\/de\/wp-json\/wp\/v2\/product\/16971","targetHints":{"allow":["GET"]}}],"collection":[{"href":"https:\/\/delices.lu\/de\/wp-json\/wp\/v2\/product"}],"about":[{"href":"https:\/\/delices.lu\/de\/wp-json\/wp\/v2\/types\/product"}],"wp:featuredmedia":[{"embeddable":true,"href":"https:\/\/delices.lu\/de\/wp-json\/wp\/v2\/media\/16977"}],"wp:attachment":[{"href":"https:\/\/delices.lu\/de\/wp-json\/wp\/v2\/media?parent=16971"}],"wp:term":[{"taxonomy":"location","embeddable":true,"href":"https:\/\/delices.lu\/de\/wp-json\/wp\/v2\/location?post=16971"},{"taxonomy":"product_brand","embeddable":true,"href":"https:\/\/delices.lu\/de\/wp-json\/wp\/v2\/product_brand?post=16971"},{"taxonomy":"product_cat","embeddable":true,"href":"https:\/\/delices.lu\/de\/wp-json\/wp\/v2\/product_cat?post=16971"},{"taxonomy":"product_tag","embeddable":true,"href":"https:\/\/delices.lu\/de\/wp-json\/wp\/v2\/product_tag?post=16971"}],"curies":[{"name":"wp","href":"https:\/\/api.w.org\/{rel}","templated":true}]}}