{"id":16980,"date":"2024-12-24T00:00:07","date_gmt":"2025-03-24T07:51:12","guid":{"rendered":"https:\/\/delices.lu\/produit\/runde-kuchenplatte\/"},"modified":"2025-03-24T08:51:12","modified_gmt":"2025-03-24T07:51:12","slug":"runde-kuchenplatte","status":"publish","type":"product","link":"https:\/\/delices.lu\/de\/produit\/runde-kuchenplatte\/","title":{"rendered":"Runde Kuchenplatte"},"content":{"rendered":"<p><strong>Kuchenplatte f\u00fcr den gem\u00fctlichen Nachmittagskaffee<\/strong><br \/>\nMit der Toy&#8217;s Delight Kollektion schaffen Sie zu Hause eine Retro-Weihnachtsatmosph\u00e4re. Das Geschirr ist mit fantasievollen Motiven in Rot, Gr\u00fcn und Wei\u00df verziert und weckt Kindheitserinnerungen. Zum Kombinieren, Sammeln und Verschenken. Servieren Sie auf diesem Geschirr Kuchen und Weihnachtsgeb\u00e4ck auf besonders elegante Weise. Verzaubern Sie Ihre G\u00e4ste mit einem stilvollen Geschirr.    <\/p>\n","protected":false},"excerpt":{"rendered":"<p><strong>Toy&#8217;s Delight Runde Kuchenplatte<\/strong><br \/>\nMaterial: Premium Porcelain<br \/>\nGewicht: ca. 1,2 Kg<br \/>\nrot\/gr\u00fcn<br \/>\nMa\u00dfe: ca. 33 cm<br \/>\nmikrowellengeeignet<br \/>\nArtikelreferenz 1485852200 <\/p>\n","protected":false},"featured_media":16982,"template":"","meta":[],"location":[959,902],"product_brand":[],"product_cat":[1354,1311,2231,2287,1309,2230],"product_tag":[2312,2509,2233],"class_list":{"0":"post-16980","1":"product","2":"type-product","3":"status-publish","4":"has-post-thumbnail","6":"location-0-shop","7":"location-15-3","8":"product_cat-art-de-la-table-de","9":"product_cat-dekoration","10":"product_cat-teller","11":"product_cat-teller-de","12":"product_cat-villeroy-boch-de","13":"product_cat-weihnachten","14":"product_tag-teller-de","15":"product_tag-weihnachtsbaum","16":"product_tag-weihnachtsdekorationen","18":"first","19":"instock","20":"shipping-taxable","21":"purchasable","22":"product-type-simple"},"supplier_id":9071,"supplier_sku":"1485852200","barcode":"4003683497217","atum_controlled":true,"out_stock_date":null,"out_stock_threshold":null,"inheritable":false,"inbound_stock":0,"stock_on_hold":0,"sold_today":0,"sales_last_days":0,"reserved_stock":null,"customer_returns":null,"warehouse_damage":null,"lost_in_post":null,"other_logs":null,"out_stock_days":0,"lost_sales":0,"has_location":false,"update_date":"2025-07-19T06:26:43","atum_locations":[{"id":960,"name":"0 SHOP","slug":"0-shop"},{"id":811,"name":"153","slug":"153"}],"atum_stock_status":"instock","restock_status":false,"low_stock_amount":"","sales_update_date":"2025-07-19T06:26:43","calc_backorders":0,"locations":[],"_links":{"self":[{"href":"https:\/\/delices.lu\/de\/wp-json\/wp\/v2\/product\/16980","targetHints":{"allow":["GET"]}}],"collection":[{"href":"https:\/\/delices.lu\/de\/wp-json\/wp\/v2\/product"}],"about":[{"href":"https:\/\/delices.lu\/de\/wp-json\/wp\/v2\/types\/product"}],"wp:featuredmedia":[{"embeddable":true,"href":"https:\/\/delices.lu\/de\/wp-json\/wp\/v2\/media\/16982"}],"wp:attachment":[{"href":"https:\/\/delices.lu\/de\/wp-json\/wp\/v2\/media?parent=16980"}],"wp:term":[{"taxonomy":"location","embeddable":true,"href":"https:\/\/delices.lu\/de\/wp-json\/wp\/v2\/location?post=16980"},{"taxonomy":"product_brand","embeddable":true,"href":"https:\/\/delices.lu\/de\/wp-json\/wp\/v2\/product_brand?post=16980"},{"taxonomy":"product_cat","embeddable":true,"href":"https:\/\/delices.lu\/de\/wp-json\/wp\/v2\/product_cat?post=16980"},{"taxonomy":"product_tag","embeddable":true,"href":"https:\/\/delices.lu\/de\/wp-json\/wp\/v2\/product_tag?post=16980"}],"curies":[{"name":"wp","href":"https:\/\/api.w.org\/{rel}","templated":true}]}}