{"id":16989,"date":"2024-12-24T00:00:07","date_gmt":"2025-03-24T07:51:22","guid":{"rendered":"https:\/\/delices.lu\/produit\/untertasse-fuer-milchkaffee\/"},"modified":"2025-03-24T08:51:22","modified_gmt":"2025-03-24T07:51:22","slug":"untertasse-fuer-milchkaffee","status":"publish","type":"product","link":"https:\/\/delices.lu\/de\/produit\/untertasse-fuer-milchkaffee\/","title":{"rendered":"Untertasse f\u00fcr Milchkaffee"},"content":{"rendered":"<p><strong>Untertasse zum Servieren einer s\u00fc\u00dfen K\u00f6stlichkeit mit Milchkaffee<\/strong><br \/>\nMit der Kollektion Toy&#8217;s Delight schaffen Sie zu Hause eine Retro-Weihnachtsatmosph\u00e4re. Das Geschirr ist mit fantasievollen Motiven in Rot, Gr\u00fcn und Wei\u00df verziert und weckt Kindheitserinnerungen. Zum Kombinieren, Sammeln und Verschenken. Servieren Sie auf dieser eleganten Untertasse Macarons oder Mandelkrokant zum Milchkaffee. Entdecken Sie den puren Genuss eines cremigen Kaffees.    <\/p>\n","protected":false},"excerpt":{"rendered":"<p>Toy&#8217;s Delight Untertasse f\u00fcr Milchkaffee<br \/>\nMaterial: Premium Porcelain<br \/>\nGr\u00f6\u00dfe: ca. 190 mm<br \/>\nGewicht: ca. 245 gr<br \/>\nRot<br \/>\nmikrowellengeeignet<br \/>\nArtikelnummer 1485851221 <\/p>\n","protected":false},"featured_media":16991,"template":"","meta":[],"location":[959,901],"product_brand":[],"product_cat":[1354,2266,1309,2230],"product_tag":[2366,2227,2267],"class_list":{"0":"post-16989","1":"product","2":"type-product","3":"status-publish","4":"has-post-thumbnail","6":"location-0-shop","7":"location-15-2","8":"product_cat-art-de-la-table-de","9":"product_cat-untertasse","10":"product_cat-villeroy-boch-de","11":"product_cat-weihnachten","12":"product_tag-rot","13":"product_tag-untertasse","14":"product_tag-untertasse-ohne-tasse","16":"first","17":"instock","18":"shipping-taxable","19":"purchasable","20":"product-type-simple"},"supplier_id":9071,"supplier_sku":"1485851221","barcode":"4003686198579","atum_controlled":true,"out_stock_date":null,"out_stock_threshold":null,"inheritable":false,"inbound_stock":0,"stock_on_hold":0,"sold_today":0,"sales_last_days":0,"reserved_stock":null,"customer_returns":null,"warehouse_damage":null,"lost_in_post":null,"other_logs":null,"out_stock_days":0,"lost_sales":0,"has_location":false,"update_date":"2025-07-19T06:26:43","atum_locations":[{"id":960,"name":"0 SHOP","slug":"0-shop"},{"id":810,"name":"152","slug":"152"}],"atum_stock_status":"instock","restock_status":false,"low_stock_amount":"","sales_update_date":"2025-07-19T06:26:43","calc_backorders":0,"locations":[],"_links":{"self":[{"href":"https:\/\/delices.lu\/de\/wp-json\/wp\/v2\/product\/16989","targetHints":{"allow":["GET"]}}],"collection":[{"href":"https:\/\/delices.lu\/de\/wp-json\/wp\/v2\/product"}],"about":[{"href":"https:\/\/delices.lu\/de\/wp-json\/wp\/v2\/types\/product"}],"wp:featuredmedia":[{"embeddable":true,"href":"https:\/\/delices.lu\/de\/wp-json\/wp\/v2\/media\/16991"}],"wp:attachment":[{"href":"https:\/\/delices.lu\/de\/wp-json\/wp\/v2\/media?parent=16989"}],"wp:term":[{"taxonomy":"location","embeddable":true,"href":"https:\/\/delices.lu\/de\/wp-json\/wp\/v2\/location?post=16989"},{"taxonomy":"product_brand","embeddable":true,"href":"https:\/\/delices.lu\/de\/wp-json\/wp\/v2\/product_brand?post=16989"},{"taxonomy":"product_cat","embeddable":true,"href":"https:\/\/delices.lu\/de\/wp-json\/wp\/v2\/product_cat?post=16989"},{"taxonomy":"product_tag","embeddable":true,"href":"https:\/\/delices.lu\/de\/wp-json\/wp\/v2\/product_tag?post=16989"}],"curies":[{"name":"wp","href":"https:\/\/api.w.org\/{rel}","templated":true}]}}