{"id":16990,"date":"2024-12-24T00:00:47","date_gmt":"2025-03-24T07:51:22","guid":{"rendered":"https:\/\/delices.lu\/produit\/toys-fantasy-tasse-spielzeugladen\/"},"modified":"2025-03-24T08:51:22","modified_gmt":"2025-03-24T07:51:22","slug":"toys-fantasy-tasse-spielzeugladen","status":"publish","type":"product","link":"https:\/\/delices.lu\/de\/produit\/toys-fantasy-tasse-spielzeugladen\/","title":{"rendered":"Toy&#8217;s Fantasy &#8211; Tasse &#8211; Spielzeugladen"},"content":{"rendered":"<p><strong>Phantasievolle Relief-Tasse mit Schneemann-Motiv und Kindern<\/strong><br \/>\nMit der Toy&#8217;s Fantasy Kollektion wird Ihr Weihnachtstisch alles andere als langweilig sein. Die klassischen Motive in Rot oder Gr\u00fcn sorgen f\u00fcr zus\u00e4tzliche Farbtupfer auf dem Tisch. Sie k\u00f6nnen nicht nur alle Motive und Farben miteinander kombinieren, sondern sie auch mit anderen Weihnachtskollektionen von Villeroy &amp; Boch verwenden, um Ihrer Kreativit\u00e4t freien Lauf zu lassen. Diese gro\u00dfe Toy&#8217;s Fantasy Relief-Tasse mit Kindern, die das Schaufenster eines Spielzeugladens bewundern, hat ein bezauberndes Reliefdekor, das nostalgische Geschichten erz\u00e4hlt, in denen sich Spa\u00df und kindliche Freude vereinen. Reservieren Sie jetzt Ihre Lieblingsweihnachtsartikel!    <\/p>\n","protected":false},"excerpt":{"rendered":"<p><strong>Toy&#8217;s Fantasy &#8211; Tasse &#8211; Relief<br \/>\nSpielzeugladen &#8211; 14,5 x 10 x 10,5 cm<\/strong><br \/>\nMaterial: Premium Porcelain<br \/>\nKapazit\u00e4t: ca. 450 ml<br \/>\nFarben: mehrfarbig<br \/>\nMikrowellen- oder sp\u00fclmaschinentauglich: Nein<br \/>\nArtikelnummer: 1483324864 <\/p>\n","protected":false},"featured_media":16992,"template":"","meta":[],"location":[959],"product_brand":[],"product_cat":[2163,1309,2230,2448],"product_tag":[2272,1154,2319,2233],"class_list":{"0":"post-16990","1":"product","2":"type-product","3":"status-publish","4":"has-post-thumbnail","6":"location-0-shop","7":"product_cat-tasse-krug","8":"product_cat-villeroy-boch-de","9":"product_cat-weihnachten","10":"product_cat-winter","11":"product_tag-groser-becher","12":"product_tag-mug-becher","13":"product_tag-tasse-mit-henkel","14":"product_tag-weihnachtsdekorationen","16":"first","17":"instock","18":"shipping-taxable","19":"purchasable","20":"product-type-simple"},"supplier_id":9071,"supplier_sku":"1483324864","barcode":"4003686441446","atum_controlled":true,"out_stock_date":null,"out_stock_threshold":null,"inheritable":false,"inbound_stock":0,"stock_on_hold":0,"sold_today":0,"sales_last_days":0,"reserved_stock":null,"customer_returns":null,"warehouse_damage":null,"lost_in_post":null,"other_logs":null,"out_stock_days":0,"lost_sales":0,"has_location":true,"update_date":"2025-07-19T06:26:42","atum_locations":[{"id":960,"name":"0 SHOP","slug":"0-shop"}],"atum_stock_status":"instock","restock_status":false,"low_stock_amount":"","sales_update_date":"2025-07-19T06:26:42","calc_backorders":0,"locations":[],"_links":{"self":[{"href":"https:\/\/delices.lu\/de\/wp-json\/wp\/v2\/product\/16990","targetHints":{"allow":["GET"]}}],"collection":[{"href":"https:\/\/delices.lu\/de\/wp-json\/wp\/v2\/product"}],"about":[{"href":"https:\/\/delices.lu\/de\/wp-json\/wp\/v2\/types\/product"}],"wp:featuredmedia":[{"embeddable":true,"href":"https:\/\/delices.lu\/de\/wp-json\/wp\/v2\/media\/16992"}],"wp:attachment":[{"href":"https:\/\/delices.lu\/de\/wp-json\/wp\/v2\/media?parent=16990"}],"wp:term":[{"taxonomy":"location","embeddable":true,"href":"https:\/\/delices.lu\/de\/wp-json\/wp\/v2\/location?post=16990"},{"taxonomy":"product_brand","embeddable":true,"href":"https:\/\/delices.lu\/de\/wp-json\/wp\/v2\/product_brand?post=16990"},{"taxonomy":"product_cat","embeddable":true,"href":"https:\/\/delices.lu\/de\/wp-json\/wp\/v2\/product_cat?post=16990"},{"taxonomy":"product_tag","embeddable":true,"href":"https:\/\/delices.lu\/de\/wp-json\/wp\/v2\/product_tag?post=16990"}],"curies":[{"name":"wp","href":"https:\/\/api.w.org\/{rel}","templated":true}]}}