{"id":17004,"date":"2024-12-24T00:00:31","date_gmt":"2025-03-24T07:51:23","guid":{"rendered":"https:\/\/delices.lu\/produit\/aufbewahrungsbox-mittel\/"},"modified":"2025-03-24T08:51:23","modified_gmt":"2025-03-24T07:51:23","slug":"aufbewahrungsbox-mittel","status":"publish","type":"product","link":"https:\/\/delices.lu\/de\/produit\/aufbewahrungsbox-mittel\/","title":{"rendered":"Aufbewahrungsbox, mittel"},"content":{"rendered":"<p><strong>F\u00fcr selbstgebackene Weihnachtspl\u00e4tzchen<\/strong><br \/>\nMit der Toy&#8217;s Delight-Kollektion schaffen Sie zu Hause eine Retro-Weihnachtsatmosph\u00e4re. Das Geschirr ist mit fantasievollen Mustern in Rot, Gr\u00fcn und Wei\u00df verziert und weckt Kindheitserinnerungen. Zum Kombinieren, Sammeln und Verschenken. F\u00fcr Naschkatzen ist die weihnachtliche Vorratsdose perfekt. Sie k\u00f6nnen darin k\u00f6stliche selbstgebackene Kuchen oder andere Leckereien verstecken, die lange frisch bleiben. Machen Sie Ihren Lieben eine Freude.     <\/p>\n","protected":false},"excerpt":{"rendered":"<p><strong>Toy&#8217;s Delight Mittelgro\u00dfe Vorratsdose<\/strong><br \/>\nMaterial: Premium Porcelain<br \/>\nDurchmesser: ca. 200 mm<br \/>\nKapazit\u00e4t: ca. 2376 ml<br \/>\nGewicht: ca. 1,34 kg<br \/>\nwei\u00df\/rot<br \/>\nArtikelreferenz 1485854558 <\/p>\n","protected":false},"featured_media":17006,"template":"","meta":[],"location":[959,923],"product_brand":[],"product_cat":[2491,1311,1309,2230],"product_tag":[2501,2500,2233,2483],"class_list":{"0":"post-17004","1":"product","2":"type-product","3":"status-publish","4":"has-post-thumbnail","6":"location-0-shop","7":"location-19-4","8":"product_cat-box","9":"product_cat-dekoration","10":"product_cat-villeroy-boch-de","11":"product_cat-weihnachten","12":"product_tag-erhaltung","13":"product_tag-keksdose","14":"product_tag-weihnachtsdekorationen","15":"product_tag-weis-und-rot","17":"first","18":"instock","19":"shipping-taxable","20":"purchasable","21":"product-type-simple"},"supplier_id":9071,"supplier_sku":"1485854558","barcode":"4003686267541","atum_controlled":true,"out_stock_date":"2024-12-24 12:08:54","out_stock_threshold":null,"inheritable":false,"inbound_stock":0,"stock_on_hold":0,"sold_today":0,"sales_last_days":0,"reserved_stock":null,"customer_returns":null,"warehouse_damage":null,"lost_in_post":null,"other_logs":null,"out_stock_days":206,"lost_sales":0,"has_location":false,"update_date":"2025-07-19T06:26:42","atum_locations":[{"id":960,"name":"0 SHOP","slug":"0-shop"},{"id":792,"name":"194","slug":"194"}],"atum_stock_status":"onbackorder","restock_status":false,"low_stock_amount":"","sales_update_date":"2025-07-19T06:26:42","calc_backorders":0,"locations":[],"_links":{"self":[{"href":"https:\/\/delices.lu\/de\/wp-json\/wp\/v2\/product\/17004","targetHints":{"allow":["GET"]}}],"collection":[{"href":"https:\/\/delices.lu\/de\/wp-json\/wp\/v2\/product"}],"about":[{"href":"https:\/\/delices.lu\/de\/wp-json\/wp\/v2\/types\/product"}],"wp:featuredmedia":[{"embeddable":true,"href":"https:\/\/delices.lu\/de\/wp-json\/wp\/v2\/media\/17006"}],"wp:attachment":[{"href":"https:\/\/delices.lu\/de\/wp-json\/wp\/v2\/media?parent=17004"}],"wp:term":[{"taxonomy":"location","embeddable":true,"href":"https:\/\/delices.lu\/de\/wp-json\/wp\/v2\/location?post=17004"},{"taxonomy":"product_brand","embeddable":true,"href":"https:\/\/delices.lu\/de\/wp-json\/wp\/v2\/product_brand?post=17004"},{"taxonomy":"product_cat","embeddable":true,"href":"https:\/\/delices.lu\/de\/wp-json\/wp\/v2\/product_cat?post=17004"},{"taxonomy":"product_tag","embeddable":true,"href":"https:\/\/delices.lu\/de\/wp-json\/wp\/v2\/product_tag?post=17004"}],"curies":[{"name":"wp","href":"https:\/\/api.w.org\/{rel}","templated":true}]}}