{"id":17005,"date":"2025-09-07T00:00:50","date_gmt":"2025-09-06T22:00:50","guid":{"rendered":"https:\/\/delices.lu\/produit\/statement-tasse-ich-liebe-dich\/"},"modified":"2025-03-24T08:51:24","modified_gmt":"2025-03-24T07:51:24","slug":"statement-tasse-ich-liebe-dich","status":"publish","type":"product","link":"https:\/\/delices.lu\/de\/produit\/statement-tasse-ich-liebe-dich\/","title":{"rendered":"Statement Tasse &#8220;Ich liebe Dich&#8221;"},"content":{"rendered":"<p><strong>Eine Tasse mit einer Botschaft<\/strong><br \/>\nDiese Tasse aus der Statement-Kollektion aus Premium Porcelain ist ein elegantes, hochwertiges Accessoire f\u00fcr den t\u00e4glichen Gebrauch &#8211; ob f\u00fcr den Morgenkaffee, den Nachmittagstee oder den Punsch am Abend. Eine wundersch\u00f6ne Botschaft, ein wundersch\u00f6nes Material: Der filigrane schwarze Schriftzug auf der Tasse verleiht ihr eine elegante Note und vermittelt gleichzeitig eine positive Botschaft. Diese Tasse ist ein ideales Geschenk f\u00fcr Freunde oder Familie, die einen Sinn f\u00fcr \u00c4sthetik und originelle Spr\u00fcche haben. Entscheiden Sie sich f\u00fcr ein schlichtes Design mit minimalistischen Linien!   <\/p>\n","protected":false},"excerpt":{"rendered":"<p><strong>Statement Mug &#8220;Ich liebe dich&#8221;<br \/>\n<\/strong>Premium Porcelain<br \/>\nCa. 280 ml,<br \/>\nWei\u00df und Schwarz<br \/>\nGeschirrsp\u00fclmaschinenfest: Ja<br \/>\nMikrowelle: Ja<br \/>\nRef: 1016219672<\/p>\n","protected":false},"featured_media":15779,"template":"","meta":[],"location":[959,1259],"product_brand":[],"product_cat":[2261,2163,1309],"product_tag":[2489,1154],"class_list":{"0":"post-17005","1":"product","2":"type-product","3":"status-publish","4":"has-post-thumbnail","6":"location-0-shop","7":"location-22-2","8":"product_cat-erklarung","9":"product_cat-tasse-krug","10":"product_cat-villeroy-boch-de","11":"product_tag-ich-liebe-dich-de","12":"product_tag-mug-becher","14":"first","15":"instock","16":"shipping-taxable","17":"purchasable","18":"product-type-simple"},"supplier_id":9071,"supplier_sku":"1016219672","barcode":"4003686431133","atum_controlled":true,"out_stock_date":null,"out_stock_threshold":null,"inheritable":false,"inbound_stock":0,"stock_on_hold":0,"sold_today":0,"sales_last_days":0,"reserved_stock":0,"customer_returns":0,"warehouse_damage":0,"lost_in_post":0,"other_logs":0,"out_stock_days":0,"lost_sales":0,"has_location":false,"update_date":"2025-09-28T04:27:16","atum_locations":[{"id":960,"name":"0 SHOP","slug":"0-shop"},{"id":1274,"name":"222","slug":"222"}],"atum_stock_status":"instock","restock_status":false,"low_stock_amount":"","sales_update_date":"2025-07-19T06:26:49","calc_backorders":0,"locations":[],"_links":{"self":[{"href":"https:\/\/delices.lu\/de\/wp-json\/wp\/v2\/product\/17005","targetHints":{"allow":["GET"]}}],"collection":[{"href":"https:\/\/delices.lu\/de\/wp-json\/wp\/v2\/product"}],"about":[{"href":"https:\/\/delices.lu\/de\/wp-json\/wp\/v2\/types\/product"}],"wp:featuredmedia":[{"embeddable":true,"href":"https:\/\/delices.lu\/de\/wp-json\/wp\/v2\/media\/15779"}],"wp:attachment":[{"href":"https:\/\/delices.lu\/de\/wp-json\/wp\/v2\/media?parent=17005"}],"wp:term":[{"taxonomy":"location","embeddable":true,"href":"https:\/\/delices.lu\/de\/wp-json\/wp\/v2\/location?post=17005"},{"taxonomy":"product_brand","embeddable":true,"href":"https:\/\/delices.lu\/de\/wp-json\/wp\/v2\/product_brand?post=17005"},{"taxonomy":"product_cat","embeddable":true,"href":"https:\/\/delices.lu\/de\/wp-json\/wp\/v2\/product_cat?post=17005"},{"taxonomy":"product_tag","embeddable":true,"href":"https:\/\/delices.lu\/de\/wp-json\/wp\/v2\/product_tag?post=17005"}],"curies":[{"name":"wp","href":"https:\/\/api.w.org\/{rel}","templated":true}]}}