{"id":17010,"date":"2024-12-24T00:00:40","date_gmt":"2025-03-24T07:51:24","guid":{"rendered":"https:\/\/delices.lu\/produit\/lave-home-kleine-beigefarbene-vase-aus-steinzeug-2\/"},"modified":"2025-03-24T08:51:24","modified_gmt":"2025-03-24T07:51:24","slug":"lave-home-kleine-beigefarbene-vase-aus-steinzeug-2","status":"publish","type":"product","link":"https:\/\/delices.lu\/de\/produit\/lave-home-kleine-beigefarbene-vase-aus-steinzeug-2\/","title":{"rendered":"Lave Home &#8211; Kleine beigefarbene Vase aus Steinzeug"},"content":{"rendered":"<p><strong>Eine kleine beige Vase als Hommage an die Natur<\/strong><br \/>\nDiese kleine, schlichte Keramikvase ist sehr charmant. Ihr organisches Aussehen belebt den Tisch und unterstreicht die Sch\u00f6nheit der Natur. Diese moderne Deko-Vase zeigt ihre Einzigartigkeit und f\u00e4llt durch ihre spezielle Glasur auf, die jedes St\u00fcck der Lave-Kollektion einzigartig macht. Haben Sie G\u00e4ste zu Besuch? Entdecken Sie auch die flachen Teller, tiefen Teller, Becher und Servierplatten von Lave und stellen Sie ein Geschirrset nach Ihrem Geschmack zusammen, das bei Ihren G\u00e4sten Eindruck machen wird. F\u00fcr noch mehr Kreativit\u00e4t k\u00f6nnen Sie diese St\u00fccke mit denen der Manufacture Rock Kollektion kombinieren und Ihren Tisch mit dieser kleinen Designer-Vase eindecken! Peppen Sie Ihr Zuhause mit einem trendigen und eleganten handwerklichen Look auf.      <\/p>\n","protected":false},"excerpt":{"rendered":"<p>MATERIAL: Steingut<br \/>\nDURCHMESSER: ca. 127 mm<br \/>\nGR\u00d6\u00dfE: ca. 1230 ml<br \/>\nFARBE: beige<br \/>\nGARANTIE SP\u00dcLMASCHINENGARANTIE: Nicht<br \/>\nMIKROWELLENKOMPATIBEL: Nicht<br \/>\nREF. ARTIKEL: 1042865081 <\/p>\n","protected":false},"featured_media":14712,"template":"","meta":[],"location":[959,968],"product_brand":[],"product_cat":[1311,2333,1309],"product_tag":[2343,743,2336,2341,2334],"class_list":{"0":"post-17010","1":"product","2":"type-product","3":"status-publish","4":"has-post-thumbnail","6":"location-0-shop","7":"location-05-3","8":"product_cat-dekoration","9":"product_cat-vase-de","10":"product_cat-villeroy-boch-de","11":"product_tag-beige-de","12":"product_tag-decoration-de","13":"product_tag-e-mail","14":"product_tag-kleine-vase","15":"product_tag-waschmaschine-home","17":"first","18":"instock","19":"shipping-taxable","20":"purchasable","21":"product-type-simple"},"supplier_id":9071,"supplier_sku":"1042865081","barcode":"4004686416697","atum_controlled":true,"out_stock_date":null,"out_stock_threshold":0,"inheritable":false,"inbound_stock":0,"stock_on_hold":0,"sold_today":0,"sales_last_days":0,"reserved_stock":0,"customer_returns":0,"warehouse_damage":null,"lost_in_post":0,"other_logs":0,"out_stock_days":0,"lost_sales":0,"has_location":false,"update_date":"2025-07-19T06:26:43","atum_locations":[{"id":960,"name":"0 SHOP","slug":"0-shop"},{"id":861,"name":"053","slug":"053"}],"atum_stock_status":"instock","restock_status":false,"low_stock_amount":"","sales_update_date":"2025-07-19T06:26:43","calc_backorders":0,"locations":[],"_links":{"self":[{"href":"https:\/\/delices.lu\/de\/wp-json\/wp\/v2\/product\/17010","targetHints":{"allow":["GET"]}}],"collection":[{"href":"https:\/\/delices.lu\/de\/wp-json\/wp\/v2\/product"}],"about":[{"href":"https:\/\/delices.lu\/de\/wp-json\/wp\/v2\/types\/product"}],"wp:featuredmedia":[{"embeddable":true,"href":"https:\/\/delices.lu\/de\/wp-json\/wp\/v2\/media\/14712"}],"wp:attachment":[{"href":"https:\/\/delices.lu\/de\/wp-json\/wp\/v2\/media?parent=17010"}],"wp:term":[{"taxonomy":"location","embeddable":true,"href":"https:\/\/delices.lu\/de\/wp-json\/wp\/v2\/location?post=17010"},{"taxonomy":"product_brand","embeddable":true,"href":"https:\/\/delices.lu\/de\/wp-json\/wp\/v2\/product_brand?post=17010"},{"taxonomy":"product_cat","embeddable":true,"href":"https:\/\/delices.lu\/de\/wp-json\/wp\/v2\/product_cat?post=17010"},{"taxonomy":"product_tag","embeddable":true,"href":"https:\/\/delices.lu\/de\/wp-json\/wp\/v2\/product_tag?post=17010"}],"curies":[{"name":"wp","href":"https:\/\/api.w.org\/{rel}","templated":true}]}}