{"id":17011,"date":"2024-12-27T00:00:32","date_gmt":"2025-03-24T07:51:24","guid":{"rendered":"https:\/\/delices.lu\/produit\/christmas-toys-memory-box-schneemann\/"},"modified":"2025-03-24T08:51:24","modified_gmt":"2025-03-24T07:51:24","slug":"christmas-toys-memory-box-schneemann","status":"publish","type":"product","link":"https:\/\/delices.lu\/de\/produit\/christmas-toys-memory-box-schneemann\/","title":{"rendered":"Christmas Toys Memory &#8211; Box &#8211; Schneemann"},"content":{"rendered":"<p><strong>Handbemalte Retro-Weihnachtsdekoration<\/strong><br \/>\nDie dekorativen Details der Christmas Toys Memory Kollektion in traditionellen Weihnachtsfarben und mit nostalgisch sch\u00f6nen Motiven lassen die Augen von Gro\u00df und Klein leuchten. Diese detailreiche Schachtel ist mit sch\u00f6nen Spielzeugmotiven verziert und verbreitet eine festliche und weihnachtliche Stimmung. Holen Sie sich jetzt diese Christmas Toys Box und dekorieren Sie Ihr Zuhause festlich.  <\/p>\n","protected":false},"excerpt":{"rendered":"<p><strong>Christmas Toys Memory<br \/>\nSchneemann-Dose<\/strong><br \/>\nMaterial: Premium Porcelain<br \/>\nFarbe: wei\u00df<br \/>\nSp\u00fclmaschinenfest: Nein<br \/>\nmikrowellengeeignet: Nein<br \/>\nArtikel-Nr.: 1486024501 <\/p>\n","protected":false},"featured_media":17013,"template":"","meta":[],"location":[959,922],"product_brand":[],"product_cat":[2491,1311,1309,2230],"product_tag":[2500,2565,2166],"class_list":{"0":"post-17011","1":"product","2":"type-product","3":"status-publish","4":"has-post-thumbnail","6":"location-0-shop","7":"location-19-3","8":"product_cat-box","9":"product_cat-dekoration","10":"product_cat-villeroy-boch-de","11":"product_cat-weihnachten","12":"product_tag-keksdose","13":"product_tag-schneemann","14":"product_tag-weis","16":"first","17":"instock","18":"shipping-taxable","19":"purchasable","20":"product-type-simple"},"supplier_id":9071,"supplier_sku":"1486024501","barcode":"4003686441286","atum_controlled":true,"out_stock_date":"2024-12-28 11:46:19","out_stock_threshold":null,"inheritable":false,"inbound_stock":0,"stock_on_hold":0,"sold_today":0,"sales_last_days":0,"reserved_stock":null,"customer_returns":null,"warehouse_damage":null,"lost_in_post":null,"other_logs":null,"out_stock_days":202,"lost_sales":0,"has_location":true,"update_date":"2025-07-19T06:26:43","atum_locations":[{"id":960,"name":"0 SHOP","slug":"0-shop"},{"id":791,"name":"193","slug":"193"}],"atum_stock_status":"onbackorder","restock_status":false,"low_stock_amount":"","sales_update_date":"2025-07-19T06:26:43","calc_backorders":0,"locations":[],"_links":{"self":[{"href":"https:\/\/delices.lu\/de\/wp-json\/wp\/v2\/product\/17011","targetHints":{"allow":["GET"]}}],"collection":[{"href":"https:\/\/delices.lu\/de\/wp-json\/wp\/v2\/product"}],"about":[{"href":"https:\/\/delices.lu\/de\/wp-json\/wp\/v2\/types\/product"}],"wp:featuredmedia":[{"embeddable":true,"href":"https:\/\/delices.lu\/de\/wp-json\/wp\/v2\/media\/17013"}],"wp:attachment":[{"href":"https:\/\/delices.lu\/de\/wp-json\/wp\/v2\/media?parent=17011"}],"wp:term":[{"taxonomy":"location","embeddable":true,"href":"https:\/\/delices.lu\/de\/wp-json\/wp\/v2\/location?post=17011"},{"taxonomy":"product_brand","embeddable":true,"href":"https:\/\/delices.lu\/de\/wp-json\/wp\/v2\/product_brand?post=17011"},{"taxonomy":"product_cat","embeddable":true,"href":"https:\/\/delices.lu\/de\/wp-json\/wp\/v2\/product_cat?post=17011"},{"taxonomy":"product_tag","embeddable":true,"href":"https:\/\/delices.lu\/de\/wp-json\/wp\/v2\/product_tag?post=17011"}],"curies":[{"name":"wp","href":"https:\/\/api.w.org\/{rel}","templated":true}]}}