{"id":17034,"date":"2024-12-12T00:00:04","date_gmt":"2025-03-24T07:56:08","guid":{"rendered":"https:\/\/delices.lu\/produit\/toys-delight-royal-classic-kuchenplatte-40-x-16-cm\/"},"modified":"2025-03-24T08:56:08","modified_gmt":"2025-03-24T07:56:08","slug":"toys-delight-royal-classic-kuchenplatte-40-x-16-cm","status":"publish","type":"product","link":"https:\/\/delices.lu\/de\/produit\/toys-delight-royal-classic-kuchenplatte-40-x-16-cm\/","title":{"rendered":"Toy&#8217;s Delight Royal Classic &#8211; Kuchenplatte, 40 x 16 cm"},"content":{"rendered":"<p><strong>F\u00fcr die K\u00f6stlichkeiten Ihrer Weihnachtsb\u00e4ckerei<\/strong><br \/>\nToy&#8217;s Delight Royal Classic verzaubert mit seinen sch\u00f6nen Accessoires und einer Serie von klassischem, makellos wei\u00dfem Geschirr mit einem Relief aus hochwertigem Porzellan. Das Relief ist mit poetischen Motiven wie Stechpalmenbl\u00e4ttern und Weihnachtsfiguren verziert. Diese Kollektion passt perfekt zu den weihnachtlichen Toy&#8217;s Delight St\u00fccken. Servieren Sie Ihren k\u00f6stlichsten Weihnachtskuchen oder eine farbenfrohe Auswahl Ihrer Lieblingskekse auf dieser sch\u00f6nen, gro\u00dfen Kuchenplatte. Feiern Sie Weihnachten mit sch\u00f6nen St\u00fccken im klassischen, klaren Stil.    <\/p>\n","protected":false},"excerpt":{"rendered":"<p><strong>Toy&#8217;s Delight Royal Classic  <\/strong><br \/>\n<strong>Kuchenplatte, rechteckig<\/strong><br \/>\nMaterial: Premium Porcelain<br \/>\nMa\u00dfe: 40 cm x 16 cm<br \/>\nWei\u00df und Reliefs<br \/>\nMikrowellen- und sp\u00fclmaschinengeeignet<br \/>\nArtikelnummer 1486582220 <\/p>\n","protected":false},"featured_media":17036,"template":"","meta":[],"location":[927],"product_brand":[],"product_cat":[1354,2287,1309,2230,2448],"product_tag":[2640,2461,2166],"class_list":{"0":"post-17034","1":"product","2":"type-product","3":"status-publish","4":"has-post-thumbnail","6":"location-20-3","7":"product_cat-art-de-la-table-de","8":"product_cat-teller-de","9":"product_cat-villeroy-boch-de","10":"product_cat-weihnachten","11":"product_cat-winter","12":"product_tag-rechteckige-platte","13":"product_tag-weihnachtsrelief","14":"product_tag-weis","16":"first","17":"instock","18":"shipping-taxable","19":"purchasable","20":"product-type-simple"},"supplier_id":9071,"supplier_sku":"1486582220","barcode":"4003686393110","atum_controlled":true,"out_stock_date":null,"out_stock_threshold":null,"inheritable":false,"inbound_stock":0,"stock_on_hold":0,"sold_today":0,"sales_last_days":0,"reserved_stock":null,"customer_returns":null,"warehouse_damage":null,"lost_in_post":null,"other_logs":null,"out_stock_days":0,"lost_sales":0,"has_location":false,"update_date":"2025-07-19T06:26:40","atum_locations":[{"id":935,"name":"203","slug":"203"}],"atum_stock_status":"instock","restock_status":false,"low_stock_amount":"","sales_update_date":"2025-07-19T06:26:40","calc_backorders":0,"locations":[],"_links":{"self":[{"href":"https:\/\/delices.lu\/de\/wp-json\/wp\/v2\/product\/17034","targetHints":{"allow":["GET"]}}],"collection":[{"href":"https:\/\/delices.lu\/de\/wp-json\/wp\/v2\/product"}],"about":[{"href":"https:\/\/delices.lu\/de\/wp-json\/wp\/v2\/types\/product"}],"wp:featuredmedia":[{"embeddable":true,"href":"https:\/\/delices.lu\/de\/wp-json\/wp\/v2\/media\/17036"}],"wp:attachment":[{"href":"https:\/\/delices.lu\/de\/wp-json\/wp\/v2\/media?parent=17034"}],"wp:term":[{"taxonomy":"location","embeddable":true,"href":"https:\/\/delices.lu\/de\/wp-json\/wp\/v2\/location?post=17034"},{"taxonomy":"product_brand","embeddable":true,"href":"https:\/\/delices.lu\/de\/wp-json\/wp\/v2\/product_brand?post=17034"},{"taxonomy":"product_cat","embeddable":true,"href":"https:\/\/delices.lu\/de\/wp-json\/wp\/v2\/product_cat?post=17034"},{"taxonomy":"product_tag","embeddable":true,"href":"https:\/\/delices.lu\/de\/wp-json\/wp\/v2\/product_tag?post=17034"}],"curies":[{"name":"wp","href":"https:\/\/api.w.org\/{rel}","templated":true}]}}