{"id":17042,"date":"2024-12-15T00:00:52","date_gmt":"2025-03-24T07:56:09","guid":{"rendered":"https:\/\/delices.lu\/produit\/toys-fantasy-suppenteller-schneemann\/"},"modified":"2025-03-24T08:56:09","modified_gmt":"2025-03-24T07:56:09","slug":"toys-fantasy-suppenteller-schneemann","status":"publish","type":"product","link":"https:\/\/delices.lu\/de\/produit\/toys-fantasy-suppenteller-schneemann\/","title":{"rendered":"Toy&#8217;s Fantasy &#8211; Suppenteller &#8211; Schneemann"},"content":{"rendered":"<p><strong>Gro\u00dfer tiefer Porzellanteller mit Retro-Weihnachtsmotiv<\/strong><br \/>\nMit der Toy&#8217;s Fantasy-Kollektion wird Ihr Weihnachtstisch alles andere als langweilig sein. Die klassischen Motive in Rot oder Gr\u00fcn bringen zus\u00e4tzliche Farbtupfer auf den Tisch. Sie k\u00f6nnen nicht nur alle Muster und Farben miteinander kombinieren, sondern sie auch mit anderen Weihnachtskollektionen von Villeroy &amp; Boch verwenden, um Ihrer Kreativit\u00e4t freien Lauf zu lassen. Dieser tiefe Teller bietet viel Platz f\u00fcr winterliche K\u00f6stlichkeiten wie Kekse und ist perfekt f\u00fcr festliche Momente. Reservieren Sie jetzt Ihre liebsten Weihnachtsartikel!    <\/p>\n","protected":false},"excerpt":{"rendered":"<p><strong>Toy&#8217;s Fantasy &#8211; Suppenteller  <\/strong><br \/>\n<strong>Schneemann &#8211; 25 cm \u00f8<\/strong><br \/>\nMaterial: Premium Porcelain<br \/>\nGr\u00f6\u00dfe: 430 ml<br \/>\nFarbe: mehrfarbig<br \/>\nMikrowellengeeignet: nicht<br \/>\nSp\u00fclmaschinengeeignet: nicht<br \/>\nArtikelnummer: 1483323660 <\/p>\n","protected":false},"featured_media":17045,"template":"","meta":[],"location":[959],"product_brand":[],"product_cat":[1354,1356,2287,2231,1309,2230,2448],"product_tag":[1358,743,2312,2248,2233],"class_list":{"0":"post-17042","1":"product","2":"type-product","3":"status-publish","4":"has-post-thumbnail","6":"location-0-shop","7":"product_cat-art-de-la-table-de","8":"product_cat-coupe-de","9":"product_cat-teller-de","10":"product_cat-teller","11":"product_cat-villeroy-boch-de","12":"product_cat-weihnachten","13":"product_cat-winter","14":"product_tag-coupe-de","15":"product_tag-decoration-de","16":"product_tag-teller-de","17":"product_tag-teller","18":"product_tag-weihnachtsdekorationen","20":"first","21":"instock","22":"shipping-taxable","23":"purchasable","24":"product-type-simple"},"supplier_id":9071,"supplier_sku":"1483323660","barcode":"4003686440395","atum_controlled":true,"out_stock_date":"2024-12-16 15:55:31","out_stock_threshold":null,"inheritable":false,"inbound_stock":0,"stock_on_hold":0,"sold_today":0,"sales_last_days":0,"reserved_stock":null,"customer_returns":null,"warehouse_damage":null,"lost_in_post":null,"other_logs":null,"out_stock_days":214,"lost_sales":0,"has_location":true,"update_date":"2025-07-19T06:26:40","atum_locations":[{"id":960,"name":"0 SHOP","slug":"0-shop"}],"atum_stock_status":"onbackorder","restock_status":false,"low_stock_amount":"","sales_update_date":"2025-07-19T06:26:40","calc_backorders":0,"locations":[],"_links":{"self":[{"href":"https:\/\/delices.lu\/de\/wp-json\/wp\/v2\/product\/17042","targetHints":{"allow":["GET"]}}],"collection":[{"href":"https:\/\/delices.lu\/de\/wp-json\/wp\/v2\/product"}],"about":[{"href":"https:\/\/delices.lu\/de\/wp-json\/wp\/v2\/types\/product"}],"wp:featuredmedia":[{"embeddable":true,"href":"https:\/\/delices.lu\/de\/wp-json\/wp\/v2\/media\/17045"}],"wp:attachment":[{"href":"https:\/\/delices.lu\/de\/wp-json\/wp\/v2\/media?parent=17042"}],"wp:term":[{"taxonomy":"location","embeddable":true,"href":"https:\/\/delices.lu\/de\/wp-json\/wp\/v2\/location?post=17042"},{"taxonomy":"product_brand","embeddable":true,"href":"https:\/\/delices.lu\/de\/wp-json\/wp\/v2\/product_brand?post=17042"},{"taxonomy":"product_cat","embeddable":true,"href":"https:\/\/delices.lu\/de\/wp-json\/wp\/v2\/product_cat?post=17042"},{"taxonomy":"product_tag","embeddable":true,"href":"https:\/\/delices.lu\/de\/wp-json\/wp\/v2\/product_tag?post=17042"}],"curies":[{"name":"wp","href":"https:\/\/api.w.org\/{rel}","templated":true}]}}