{"id":17059,"date":"2024-12-16T00:00:07","date_gmt":"2025-03-24T07:56:10","guid":{"rendered":"https:\/\/delices.lu\/produit\/flacher-teller-rot\/"},"modified":"2025-03-24T08:56:10","modified_gmt":"2025-03-24T07:56:10","slug":"flacher-teller-rot","status":"publish","type":"product","link":"https:\/\/delices.lu\/de\/produit\/flacher-teller-rot\/","title":{"rendered":"Flacher Teller rot"},"content":{"rendered":"<p><strong>Teller f\u00fcr den weihnachtlich gedeckten Tisch<\/strong><br \/>\nMit der Toy&#8217;s Delight Kollektion schaffen Sie zu Hause eine Retro-Weihnachtsatmosph\u00e4re. Das Geschirr ist mit fantasievollen Mustern in Rot, Gr\u00fcn und Wei\u00df verziert und weckt Kindheitserinnerungen. Zum Kombinieren, Sammeln und Verschenken. Dieser charmante rote Teller ist ein Blickfang auf Ihrem weihnachtlich gedeckten Tisch. Verf\u00fchren Sie Ihre G\u00e4ste mit einem Geschirr, das ganz in Weihnachtsstimmung ist.    <\/p>\n","protected":false},"excerpt":{"rendered":"<p><strong>Toy&#8217;s Delight Servierteller<\/strong><br \/>\nMaterial: Premium Porcelain<br \/>\nGewicht: ca. 670 gr<br \/>\nFarbe: Wei\u00df und Rot<br \/>\nMa\u00dfe: ca. 29cm<br \/>\nMikrowellengeeignet ja<br \/>\nSp\u00fclmaschinengeeignet: nein<br \/>\nArtikelnummer 1485852620 <\/p>\n","protected":false},"featured_media":17060,"template":"","meta":[],"location":[959,901],"product_brand":[],"product_cat":[1311,2287,2231,1309,2230,2448],"product_tag":[743,2316,2256,2312,2233],"class_list":{"0":"post-17059","1":"product","2":"type-product","3":"status-publish","4":"has-post-thumbnail","6":"location-0-shop","7":"location-15-2","8":"product_cat-dekoration","9":"product_cat-teller-de","10":"product_cat-teller","11":"product_cat-villeroy-boch-de","12":"product_cat-weihnachten","13":"product_cat-winter","14":"product_tag-decoration-de","15":"product_tag-groser-teller","16":"product_tag-rundschreiben","17":"product_tag-teller-de","18":"product_tag-weihnachtsdekorationen","20":"first","21":"instock","22":"shipping-taxable","23":"purchasable","24":"product-type-simple"},"supplier_id":9071,"supplier_sku":"1485852620","barcode":"4003683490584","atum_controlled":true,"out_stock_date":"2024-12-16 17:57:28","out_stock_threshold":null,"inheritable":false,"inbound_stock":0,"stock_on_hold":0,"sold_today":0,"sales_last_days":0,"reserved_stock":null,"customer_returns":null,"warehouse_damage":null,"lost_in_post":null,"other_logs":null,"out_stock_days":214,"lost_sales":0,"has_location":false,"update_date":"2025-07-19T06:26:43","atum_locations":[{"id":960,"name":"0 SHOP","slug":"0-shop"},{"id":810,"name":"152","slug":"152"}],"atum_stock_status":"onbackorder","restock_status":false,"low_stock_amount":"","sales_update_date":"2025-07-19T06:26:43","calc_backorders":0,"locations":[],"_links":{"self":[{"href":"https:\/\/delices.lu\/de\/wp-json\/wp\/v2\/product\/17059","targetHints":{"allow":["GET"]}}],"collection":[{"href":"https:\/\/delices.lu\/de\/wp-json\/wp\/v2\/product"}],"about":[{"href":"https:\/\/delices.lu\/de\/wp-json\/wp\/v2\/types\/product"}],"wp:featuredmedia":[{"embeddable":true,"href":"https:\/\/delices.lu\/de\/wp-json\/wp\/v2\/media\/17060"}],"wp:attachment":[{"href":"https:\/\/delices.lu\/de\/wp-json\/wp\/v2\/media?parent=17059"}],"wp:term":[{"taxonomy":"location","embeddable":true,"href":"https:\/\/delices.lu\/de\/wp-json\/wp\/v2\/location?post=17059"},{"taxonomy":"product_brand","embeddable":true,"href":"https:\/\/delices.lu\/de\/wp-json\/wp\/v2\/product_brand?post=17059"},{"taxonomy":"product_cat","embeddable":true,"href":"https:\/\/delices.lu\/de\/wp-json\/wp\/v2\/product_cat?post=17059"},{"taxonomy":"product_tag","embeddable":true,"href":"https:\/\/delices.lu\/de\/wp-json\/wp\/v2\/product_tag?post=17059"}],"curies":[{"name":"wp","href":"https:\/\/api.w.org\/{rel}","templated":true}]}}