{"id":17064,"date":"2024-12-16T00:00:07","date_gmt":"2025-03-24T07:56:20","guid":{"rendered":"https:\/\/delices.lu\/produit\/toys-fantasy-wendekissen-45-x-45-cm\/"},"modified":"2025-03-24T08:56:20","modified_gmt":"2025-03-24T07:56:20","slug":"toys-fantasy-wendekissen-45-x-45-cm","status":"publish","type":"product","link":"https:\/\/delices.lu\/de\/produit\/toys-fantasy-wendekissen-45-x-45-cm\/","title":{"rendered":"Toy&#8217;s Fantasy &#8211; Wendekissen &#8211; 45 x 45 cm"},"content":{"rendered":"<p><strong>Kuscheliges Wendekissen mit Retro-Weihnachtsdekor<\/strong><br \/>\nMit der Toy&#8217;s <strong>Fantasy-Kollektion<\/strong> wird Ihr Weihnachtstisch alles andere als langweilig. Die klassischen Muster in Rot oder Gr\u00fcn bringen zus\u00e4tzliche Farbe auf den Tisch. Sie k\u00f6nnen nicht nur alle Motive und Farben miteinander kombinieren, sondern sie auch mit anderen Weihnachtskollektionen von Villeroy &amp; Boch verwenden, um Ihrer Kreativit\u00e4t freien Lauf zu lassen. Dieses Kissen mit einem Spielzeugmotiv verleiht einen besonderen Charme und bringt fr\u00f6hliche Designnoten in Ihr Zuhause. Reservieren Sie jetzt Ihre Lieblingsweihnachtsartikel!    <\/p>\n","protected":false},"excerpt":{"rendered":"<p><strong>Toy&#8217;s Fantasy<br \/>\nWendekissen<\/strong><br \/>\nMaterial: Baumwolle Polyester<br \/>\nGr\u00f6\u00dfe: 45 x 45 cm<br \/>\nFarbe: mehrfarbig<br \/>\nArtikelreferenz: 1483326191 <\/p>\n","protected":false},"featured_media":17066,"template":"","meta":[],"location":[959,917],"product_brand":[],"product_cat":[1311,1309,2230,2448],"product_tag":[743,2449,2233],"class_list":{"0":"post-17064","1":"product","2":"type-product","3":"status-publish","4":"has-post-thumbnail","6":"location-0-shop","7":"location-18-3","8":"product_cat-dekoration","9":"product_cat-villeroy-boch-de","10":"product_cat-weihnachten","11":"product_cat-winter","12":"product_tag-decoration-de","13":"product_tag-kissen","14":"product_tag-weihnachtsdekorationen","16":"first","17":"instock","18":"shipping-taxable","19":"purchasable","20":"product-type-simple"},"supplier_id":9071,"supplier_sku":"1483326191","barcode":"4003686441422","atum_controlled":true,"out_stock_date":null,"out_stock_threshold":null,"inheritable":false,"inbound_stock":0,"stock_on_hold":0,"sold_today":0,"sales_last_days":0,"reserved_stock":null,"customer_returns":null,"warehouse_damage":null,"lost_in_post":null,"other_logs":null,"out_stock_days":0,"lost_sales":0,"has_location":true,"update_date":"2025-07-19T06:26:43","atum_locations":[{"id":960,"name":"0 SHOP","slug":"0-shop"},{"id":796,"name":"183","slug":"183"}],"atum_stock_status":"instock","restock_status":false,"low_stock_amount":"","sales_update_date":"2025-07-19T06:26:43","calc_backorders":0,"locations":[],"_links":{"self":[{"href":"https:\/\/delices.lu\/de\/wp-json\/wp\/v2\/product\/17064","targetHints":{"allow":["GET"]}}],"collection":[{"href":"https:\/\/delices.lu\/de\/wp-json\/wp\/v2\/product"}],"about":[{"href":"https:\/\/delices.lu\/de\/wp-json\/wp\/v2\/types\/product"}],"wp:featuredmedia":[{"embeddable":true,"href":"https:\/\/delices.lu\/de\/wp-json\/wp\/v2\/media\/17066"}],"wp:attachment":[{"href":"https:\/\/delices.lu\/de\/wp-json\/wp\/v2\/media?parent=17064"}],"wp:term":[{"taxonomy":"location","embeddable":true,"href":"https:\/\/delices.lu\/de\/wp-json\/wp\/v2\/location?post=17064"},{"taxonomy":"product_brand","embeddable":true,"href":"https:\/\/delices.lu\/de\/wp-json\/wp\/v2\/product_brand?post=17064"},{"taxonomy":"product_cat","embeddable":true,"href":"https:\/\/delices.lu\/de\/wp-json\/wp\/v2\/product_cat?post=17064"},{"taxonomy":"product_tag","embeddable":true,"href":"https:\/\/delices.lu\/de\/wp-json\/wp\/v2\/product_tag?post=17064"}],"curies":[{"name":"wp","href":"https:\/\/api.w.org\/{rel}","templated":true}]}}