{"id":17065,"date":"2024-12-18T00:00:50","date_gmt":"2025-03-24T07:56:20","guid":{"rendered":"https:\/\/delices.lu\/produit\/keksdose-gross\/"},"modified":"2025-03-24T08:56:20","modified_gmt":"2025-03-24T07:56:20","slug":"keksdose-gross","status":"publish","type":"product","link":"https:\/\/delices.lu\/de\/produit\/keksdose-gross\/","title":{"rendered":"Keksdose &#8211; Gro\u00df"},"content":{"rendered":"<p><strong>Dose f\u00fcr Kekse, Kuchen, &#8230;<\/strong><br \/>\nWinter Bakery Delight macht Lust auf Zimtsterne, Eierpunsch und Brat\u00e4pfel. Das festlich dekorierte Geschirr passt mit seinem luftigen Dekor zur Adventszeit und zu den Wintermonaten. F\u00fcr Naschkatzen ist die weihnachtliche Keksdose perfekt geeignet. Darin k\u00f6nnen Sie k\u00f6stliche, selbstgebackene Pl\u00e4tzchen verstecken, die lange frisch bleiben. Machen Sie Ihren Lieben eine Freude.    <\/p>\n","protected":false},"excerpt":{"rendered":"<p><strong>Winter Bakery Delight  <\/strong><br \/>\n<strong>Keksdose &#8211; Grande <\/strong><br \/>\nMaterial: Premium Porcelain<br \/>\nMa\u00dfe: 11 x 17 cm<br \/>\nKapazit\u00e4t: ca. 1300 ml<br \/>\nNicht geeignet f\u00fcr Geschirrsp\u00fcler und Mikrowelle<br \/>\nWei\u00df\/Rot\/Mehrfarbig<br \/>\nArtikelnummer: 1486124526 <\/p>\n","protected":false},"featured_media":15886,"template":"","meta":[],"location":[959,918],"product_brand":[],"product_cat":[2491,1311,1309,2230],"product_tag":[2492,743,2501,2500],"class_list":{"0":"post-17065","1":"product","2":"type-product","3":"status-publish","4":"has-post-thumbnail","6":"location-0-shop","7":"location-18-4","8":"product_cat-box","9":"product_cat-dekoration","10":"product_cat-villeroy-boch-de","11":"product_cat-weihnachten","12":"product_tag-box","13":"product_tag-decoration-de","14":"product_tag-erhaltung","15":"product_tag-keksdose","17":"first","18":"instock","19":"shipping-taxable","20":"purchasable","21":"product-type-simple"},"supplier_id":9071,"supplier_sku":"1486124526","barcode":"4003686163836","atum_controlled":true,"out_stock_date":null,"out_stock_threshold":null,"inheritable":false,"inbound_stock":0,"stock_on_hold":0,"sold_today":0,"sales_last_days":0,"reserved_stock":null,"customer_returns":null,"warehouse_damage":null,"lost_in_post":null,"other_logs":null,"out_stock_days":0,"lost_sales":0,"has_location":true,"update_date":"2025-07-19T06:26:43","atum_locations":[{"id":960,"name":"0 SHOP","slug":"0-shop"},{"id":797,"name":"184","slug":"184"}],"atum_stock_status":"instock","restock_status":false,"low_stock_amount":"","sales_update_date":"2025-07-19T06:26:43","calc_backorders":0,"locations":[],"_links":{"self":[{"href":"https:\/\/delices.lu\/de\/wp-json\/wp\/v2\/product\/17065","targetHints":{"allow":["GET"]}}],"collection":[{"href":"https:\/\/delices.lu\/de\/wp-json\/wp\/v2\/product"}],"about":[{"href":"https:\/\/delices.lu\/de\/wp-json\/wp\/v2\/types\/product"}],"wp:featuredmedia":[{"embeddable":true,"href":"https:\/\/delices.lu\/de\/wp-json\/wp\/v2\/media\/15886"}],"wp:attachment":[{"href":"https:\/\/delices.lu\/de\/wp-json\/wp\/v2\/media?parent=17065"}],"wp:term":[{"taxonomy":"location","embeddable":true,"href":"https:\/\/delices.lu\/de\/wp-json\/wp\/v2\/location?post=17065"},{"taxonomy":"product_brand","embeddable":true,"href":"https:\/\/delices.lu\/de\/wp-json\/wp\/v2\/product_brand?post=17065"},{"taxonomy":"product_cat","embeddable":true,"href":"https:\/\/delices.lu\/de\/wp-json\/wp\/v2\/product_cat?post=17065"},{"taxonomy":"product_tag","embeddable":true,"href":"https:\/\/delices.lu\/de\/wp-json\/wp\/v2\/product_tag?post=17065"}],"curies":[{"name":"wp","href":"https:\/\/api.w.org\/{rel}","templated":true}]}}