{"id":17067,"date":"2024-12-16T00:00:23","date_gmt":"2025-03-24T07:56:21","guid":{"rendered":"https:\/\/delices.lu\/produit\/champagnerfloete-set-2-stueck\/"},"modified":"2025-03-24T08:56:21","modified_gmt":"2025-03-24T07:56:21","slug":"champagnerfloete-set-2-stueck","status":"publish","type":"product","link":"https:\/\/delices.lu\/de\/produit\/champagnerfloete-set-2-stueck\/","title":{"rendered":"Champagnerfl\u00f6te, Set 2 St\u00fcck"},"content":{"rendered":"<p><strong>Poetisches Sektglas-Set f\u00fcr 2<\/strong><br \/>\nToy&#8217;s Delight begeistert seit Jahren.<br \/>\nDiese passenden Sektgl\u00e4ser mit Weihnachtsmotiven vervollst\u00e4ndigen nun die Kollektion.<br \/>\nPerfekte Artikel f\u00fcr ein festliches Abendessen oder Mittagessen.<br \/>\nIdeal zum Verschenken.<\/p>\n","protected":false},"excerpt":{"rendered":"<p><strong>Toy&#8217;s Delight<br \/>\nChampagnerfl\u00f6te<\/strong><br \/>\n<strong>Set 2 Stk<\/strong>. <strong><br \/>\n MATERIAL: Kristallglas<\/strong><br \/>\nDURCHMESSER: ca. 68 mm<br \/>\nGR\u00d6SSE: 252mm, ca. 260 ml<br \/>\nFARBE: transparent<br \/>\nGARANTIERT SP\u00dcLGERECHT:Ja<br \/>\nMIKROWELLENKOMPATIBEL: Nein<br \/>\nREF. ARTIKEL: 1137768135 <\/p>\n","protected":false},"featured_media":17069,"template":"","meta":[],"location":[959,882,883],"product_brand":[],"product_cat":[1354,2359,1309,2230],"product_tag":[2390,2211,2362,2233],"class_list":{"0":"post-17067","1":"product","2":"type-product","3":"status-publish","4":"has-post-thumbnail","6":"location-0-shop","7":"location-10-3","8":"location-10-4","9":"product_cat-art-de-la-table-de","10":"product_cat-glas","11":"product_cat-villeroy-boch-de","12":"product_cat-weihnachten","13":"product_tag-champagnerflote","14":"product_tag-glas","15":"product_tag-set-aus-2-glasern","16":"product_tag-weihnachtsdekorationen","18":"first","19":"instock","20":"shipping-taxable","21":"purchasable","22":"product-type-simple"},"supplier_id":9071,"supplier_sku":"1137768135","barcode":"4003686413016","atum_controlled":true,"out_stock_date":null,"out_stock_threshold":null,"inheritable":false,"inbound_stock":0,"stock_on_hold":0,"sold_today":0,"sales_last_days":0,"reserved_stock":null,"customer_returns":null,"warehouse_damage":null,"lost_in_post":null,"other_logs":null,"out_stock_days":0,"lost_sales":0,"has_location":true,"update_date":"2025-07-19T06:26:43","atum_locations":[{"id":960,"name":"0 SHOP","slug":"0-shop"},{"id":836,"name":"103","slug":"103"},{"id":837,"name":"104","slug":"104"}],"atum_stock_status":"instock","restock_status":false,"low_stock_amount":"","sales_update_date":"2025-07-19T06:26:43","calc_backorders":0,"locations":[],"_links":{"self":[{"href":"https:\/\/delices.lu\/de\/wp-json\/wp\/v2\/product\/17067","targetHints":{"allow":["GET"]}}],"collection":[{"href":"https:\/\/delices.lu\/de\/wp-json\/wp\/v2\/product"}],"about":[{"href":"https:\/\/delices.lu\/de\/wp-json\/wp\/v2\/types\/product"}],"wp:featuredmedia":[{"embeddable":true,"href":"https:\/\/delices.lu\/de\/wp-json\/wp\/v2\/media\/17069"}],"wp:attachment":[{"href":"https:\/\/delices.lu\/de\/wp-json\/wp\/v2\/media?parent=17067"}],"wp:term":[{"taxonomy":"location","embeddable":true,"href":"https:\/\/delices.lu\/de\/wp-json\/wp\/v2\/location?post=17067"},{"taxonomy":"product_brand","embeddable":true,"href":"https:\/\/delices.lu\/de\/wp-json\/wp\/v2\/product_brand?post=17067"},{"taxonomy":"product_cat","embeddable":true,"href":"https:\/\/delices.lu\/de\/wp-json\/wp\/v2\/product_cat?post=17067"},{"taxonomy":"product_tag","embeddable":true,"href":"https:\/\/delices.lu\/de\/wp-json\/wp\/v2\/product_tag?post=17067"}],"curies":[{"name":"wp","href":"https:\/\/api.w.org\/{rel}","templated":true}]}}