{"id":17068,"date":"2024-12-19T00:00:21","date_gmt":"2025-03-24T07:56:21","guid":{"rendered":"https:\/\/delices.lu\/produit\/toys-delight-becher-390-ml\/"},"modified":"2025-03-24T08:56:21","modified_gmt":"2025-03-24T07:56:21","slug":"toys-delight-becher-390-ml","status":"publish","type":"product","link":"https:\/\/delices.lu\/de\/produit\/toys-delight-becher-390-ml\/","title":{"rendered":"Toy&#8217;s Delight &#8211; Becher &#8211; 390 ml"},"content":{"rendered":"<p><strong>Tasse mit Retro-Weihnachtsmotiv<\/strong><br \/>\nDie Toy&#8217;s Delight Kollektion bringt eine Retro-Weihnachtsstimmung in Ihr Zuhause. Diese Kollektion ist mit zarten und fantasievollen Spielzeugmotiven dekoriert, die Kindheitserinnerungen wecken. Zum Kombinieren, Sammeln und Verschenken. Dieser Becher aus hochwertigem Porzellan mit einem Retro-Weihnachtsmann-Motiv ist perfekt f\u00fcr hei\u00dfe Getr\u00e4nke in der kalten Winterzeit und auch ein ideales Weihnachtsgeschenk. Holen Sie sich jetzt diese fr\u00f6hliche Weihnachtskollektion!    <\/p>\n","protected":false},"excerpt":{"rendered":"<p><strong>Toy&#8217;s Delight &#8211; Becher &#8211; 390 ml<br \/>\n<\/strong>MATERIAL: Premium Porcelain<br \/>\nGR\u00d6SSE: ca. 390 ml<br \/>\nFARBE: mehrfarbig<br \/>\nGARANTIERT SP\u00dcLMASCHINENGARANTIE: Ja<br \/>\nMIKROWELLENGER\u00c4TEKOMPATIBEL: Ja<br \/>\nREF. ARTIKEL: 1485859652 <\/p>\n","protected":false},"featured_media":17074,"template":"","meta":[],"location":[959],"product_brand":[],"product_cat":[2163,1309,2230],"product_tag":[2168,1154,2319,2644,2233],"class_list":{"0":"post-17068","1":"product","2":"type-product","3":"status-publish","4":"has-post-thumbnail","6":"location-0-shop","7":"product_cat-tasse-krug","8":"product_cat-villeroy-boch-de","9":"product_cat-weihnachten","10":"product_tag-krug-de","11":"product_tag-mug-becher","12":"product_tag-tasse-mit-henkel","13":"product_tag-toys-delight-de","14":"product_tag-weihnachtsdekorationen","16":"first","17":"instock","18":"shipping-taxable","19":"purchasable","20":"product-type-simple"},"supplier_id":9071,"supplier_sku":"1485859652","barcode":"4003686440531","atum_controlled":true,"out_stock_date":null,"out_stock_threshold":null,"inheritable":false,"inbound_stock":0,"stock_on_hold":0,"sold_today":0,"sales_last_days":0,"reserved_stock":null,"customer_returns":null,"warehouse_damage":null,"lost_in_post":null,"other_logs":null,"out_stock_days":0,"lost_sales":0,"has_location":true,"update_date":"2025-07-19T06:26:43","atum_locations":[{"id":960,"name":"0 SHOP","slug":"0-shop"}],"atum_stock_status":"instock","restock_status":false,"low_stock_amount":"","sales_update_date":"2025-07-19T06:26:43","calc_backorders":0,"locations":[],"_links":{"self":[{"href":"https:\/\/delices.lu\/de\/wp-json\/wp\/v2\/product\/17068","targetHints":{"allow":["GET"]}}],"collection":[{"href":"https:\/\/delices.lu\/de\/wp-json\/wp\/v2\/product"}],"about":[{"href":"https:\/\/delices.lu\/de\/wp-json\/wp\/v2\/types\/product"}],"wp:featuredmedia":[{"embeddable":true,"href":"https:\/\/delices.lu\/de\/wp-json\/wp\/v2\/media\/17074"}],"wp:attachment":[{"href":"https:\/\/delices.lu\/de\/wp-json\/wp\/v2\/media?parent=17068"}],"wp:term":[{"taxonomy":"location","embeddable":true,"href":"https:\/\/delices.lu\/de\/wp-json\/wp\/v2\/location?post=17068"},{"taxonomy":"product_brand","embeddable":true,"href":"https:\/\/delices.lu\/de\/wp-json\/wp\/v2\/product_brand?post=17068"},{"taxonomy":"product_cat","embeddable":true,"href":"https:\/\/delices.lu\/de\/wp-json\/wp\/v2\/product_cat?post=17068"},{"taxonomy":"product_tag","embeddable":true,"href":"https:\/\/delices.lu\/de\/wp-json\/wp\/v2\/product_tag?post=17068"}],"curies":[{"name":"wp","href":"https:\/\/api.w.org\/{rel}","templated":true}]}}