{"id":17077,"date":"2025-04-24T00:00:15","date_gmt":"2025-03-24T07:56:21","guid":{"rendered":"https:\/\/delices.lu\/produit\/statement-bol-ich-liebe-dich\/"},"modified":"2025-03-24T08:56:21","modified_gmt":"2025-03-24T07:56:21","slug":"statement-bol-ich-liebe-dich","status":"publish","type":"product","link":"https:\/\/delices.lu\/de\/produit\/statement-bol-ich-liebe-dich\/","title":{"rendered":"Statement Bol &#8220;Ich liebe dich&#8221;."},"content":{"rendered":"<p><strong>Hohle Schale mit einer Botschaft<\/strong><br \/>\nDiese Schale aus der Kollektion Statement aus Premium Porcelain ist ein elegantes, hochwertiges Accessoire f\u00fcr den t\u00e4glichen Gebrauch: ideal als M\u00fcslischale, Suppenschale oder f\u00fcr verschiedene Snacks. Eine wundersch\u00f6ne Botschaft, ein wundersch\u00f6nes Material: Der filigrane schwarze Schriftzug auf der Sch\u00fcssel verleiht ihr eine elegante Note und vermittelt gleichzeitig eine positive Botschaft. Diese Sch\u00fcssel ist ein ideales Geschenk f\u00fcr Freunde oder Familie, die einen Sinn f\u00fcr \u00c4sthetik und originelle Spr\u00fcche haben. Entscheiden Sie sich f\u00fcr ein schlichtes Design mit minimalistischen Linien!   <\/p>\n","protected":false},"excerpt":{"rendered":"<p><strong>Statement Schale &#8220;Ich liebe dich&#8221;<br \/>\n<\/strong>Premium Porcelain<br \/>\nCa. 470 ml,<br \/>\nDurchmesser: 138 mm<br \/>\nWei\u00df und Schwarz<br \/>\nGeschirrsp\u00fclmaschinenfest: Ja<br \/>\nMikrowelle: Ja<br \/>\nRef: 1016216252<\/p>\n","protected":false},"featured_media":15780,"template":"","meta":[],"location":[959,1258],"product_brand":[],"product_cat":[1354,1355,2261,1309],"product_tag":[1359,2489],"class_list":{"0":"post-17077","1":"product","2":"type-product","3":"status-publish","4":"has-post-thumbnail","6":"location-0-shop","7":"location-22-1","8":"product_cat-art-de-la-table-de","9":"product_cat-bol-de","10":"product_cat-erklarung","11":"product_cat-villeroy-boch-de","12":"product_tag-bol-de","13":"product_tag-ich-liebe-dich-de","15":"first","16":"instock","17":"shipping-taxable","18":"purchasable","19":"product-type-simple"},"supplier_id":9071,"supplier_sku":"1016216252","barcode":"4003686433908","atum_controlled":true,"out_stock_date":null,"out_stock_threshold":0,"inheritable":false,"inbound_stock":0,"stock_on_hold":0,"sold_today":0,"sales_last_days":0,"reserved_stock":0,"customer_returns":0,"warehouse_damage":0,"lost_in_post":0,"other_logs":0,"out_stock_days":0,"lost_sales":0,"has_location":false,"update_date":"2025-07-19T06:26:48","atum_locations":[{"id":960,"name":"0 SHOP","slug":"0-shop"},{"id":1273,"name":"221","slug":"221"}],"atum_stock_status":"instock","restock_status":false,"low_stock_amount":"","sales_update_date":"2025-07-19T06:26:48","calc_backorders":0,"locations":[],"_links":{"self":[{"href":"https:\/\/delices.lu\/de\/wp-json\/wp\/v2\/product\/17077","targetHints":{"allow":["GET"]}}],"collection":[{"href":"https:\/\/delices.lu\/de\/wp-json\/wp\/v2\/product"}],"about":[{"href":"https:\/\/delices.lu\/de\/wp-json\/wp\/v2\/types\/product"}],"wp:featuredmedia":[{"embeddable":true,"href":"https:\/\/delices.lu\/de\/wp-json\/wp\/v2\/media\/15780"}],"wp:attachment":[{"href":"https:\/\/delices.lu\/de\/wp-json\/wp\/v2\/media?parent=17077"}],"wp:term":[{"taxonomy":"location","embeddable":true,"href":"https:\/\/delices.lu\/de\/wp-json\/wp\/v2\/location?post=17077"},{"taxonomy":"product_brand","embeddable":true,"href":"https:\/\/delices.lu\/de\/wp-json\/wp\/v2\/product_brand?post=17077"},{"taxonomy":"product_cat","embeddable":true,"href":"https:\/\/delices.lu\/de\/wp-json\/wp\/v2\/product_cat?post=17077"},{"taxonomy":"product_tag","embeddable":true,"href":"https:\/\/delices.lu\/de\/wp-json\/wp\/v2\/product_tag?post=17077"}],"curies":[{"name":"wp","href":"https:\/\/api.w.org\/{rel}","templated":true}]}}