{"id":17078,"date":"2024-12-19T00:00:26","date_gmt":"2025-03-24T07:56:21","guid":{"rendered":"https:\/\/delices.lu\/produit\/nostalgic-melody-tanne-drehbar\/"},"modified":"2025-03-24T08:56:21","modified_gmt":"2025-03-24T07:56:21","slug":"nostalgic-melody-tanne-drehbar","status":"publish","type":"product","link":"https:\/\/delices.lu\/de\/produit\/nostalgic-melody-tanne-drehbar\/","title":{"rendered":"Nostalgic Melody &#8211; Tanne &#8211; drehbar"},"content":{"rendered":"<p><strong>Retro-Figur mit Spieluhr<\/strong><br \/>\nDer Nostalgic Melody Tannenbaum ist ein charmantes Dekost\u00fcck aus der umfangreichen Weihnachtswelt von Villeroy &amp; Boch. Wie der Name schon sagt, verf\u00fchren die Figuren dieser Serie mit einer eingebauten Spieluhr, die das bekannte Weihnachtslied &#8220;Mein sch\u00f6ner Baum&#8221; erklingen l\u00e4sst. Ein perfekter Artikel zur Erg\u00e4nzung Ihrer festlichen Einrichtung, zum Sammeln und Kombinieren. Diese drehbare Figur ist ein Augen- und Ohrenschmaus, da sie eine hochwertige Spieluhr verbirgt. Ein idealer Artikel zum Verschenken oder Dekorieren.    <\/p>\n","protected":false},"excerpt":{"rendered":"<p><strong>Nostalgic Melody, Nussknacker, drehbar<\/strong><br \/>\nMaterial: Porzellan &#8211; Metall &#8211; Kunststoff<br \/>\nGr\u00f6\u00dfe: 9 x 9 x 15 cm<br \/>\nGewicht: ca. 440 gr<br \/>\nWei\u00df\/Gold\/Rot<br \/>\nWeder sp\u00fclmaschinen- noch mikrowellengeeignet<br \/>\nArtikelnummer: 1486406307 <\/p>\n","protected":false},"featured_media":17080,"template":"","meta":[],"location":[959],"product_brand":[],"product_cat":[1311,2480,1309,2230,2448],"product_tag":[743,2481,2476,2482],"class_list":{"0":"post-17078","1":"product","2":"type-product","3":"status-publish","4":"has-post-thumbnail","6":"location-0-shop","7":"product_cat-dekoration","8":"product_cat-musikbox","9":"product_cat-villeroy-boch-de","10":"product_cat-weihnachten","11":"product_cat-winter","12":"product_tag-decoration-de","13":"product_tag-musikbox","14":"product_tag-tanne","15":"product_tag-wechselnd","17":"first","18":"instock","19":"shipping-taxable","20":"purchasable","21":"product-type-simple"},"supplier_id":9071,"supplier_sku":"1486406307","barcode":"4003686412941","atum_controlled":true,"out_stock_date":"2024-12-20 10:50:39","out_stock_threshold":null,"inheritable":false,"inbound_stock":0,"stock_on_hold":0,"sold_today":0,"sales_last_days":0,"reserved_stock":null,"customer_returns":null,"warehouse_damage":null,"lost_in_post":null,"other_logs":null,"out_stock_days":210,"lost_sales":0,"has_location":true,"update_date":"2025-07-19T06:26:43","atum_locations":[{"id":960,"name":"0 SHOP","slug":"0-shop"}],"atum_stock_status":"onbackorder","restock_status":false,"low_stock_amount":"","sales_update_date":"2025-07-19T06:26:43","calc_backorders":0,"locations":[],"_links":{"self":[{"href":"https:\/\/delices.lu\/de\/wp-json\/wp\/v2\/product\/17078","targetHints":{"allow":["GET"]}}],"collection":[{"href":"https:\/\/delices.lu\/de\/wp-json\/wp\/v2\/product"}],"about":[{"href":"https:\/\/delices.lu\/de\/wp-json\/wp\/v2\/types\/product"}],"wp:featuredmedia":[{"embeddable":true,"href":"https:\/\/delices.lu\/de\/wp-json\/wp\/v2\/media\/17080"}],"wp:attachment":[{"href":"https:\/\/delices.lu\/de\/wp-json\/wp\/v2\/media?parent=17078"}],"wp:term":[{"taxonomy":"location","embeddable":true,"href":"https:\/\/delices.lu\/de\/wp-json\/wp\/v2\/location?post=17078"},{"taxonomy":"product_brand","embeddable":true,"href":"https:\/\/delices.lu\/de\/wp-json\/wp\/v2\/product_brand?post=17078"},{"taxonomy":"product_cat","embeddable":true,"href":"https:\/\/delices.lu\/de\/wp-json\/wp\/v2\/product_cat?post=17078"},{"taxonomy":"product_tag","embeddable":true,"href":"https:\/\/delices.lu\/de\/wp-json\/wp\/v2\/product_tag?post=17078"}],"curies":[{"name":"wp","href":"https:\/\/api.w.org\/{rel}","templated":true}]}}