{"id":17086,"date":"2024-12-17T00:00:31","date_gmt":"2025-03-24T07:56:22","guid":{"rendered":"https:\/\/delices.lu\/produit\/runde-servierschale\/"},"modified":"2025-03-24T08:56:22","modified_gmt":"2025-03-24T07:56:22","slug":"runde-servierschale","status":"publish","type":"product","link":"https:\/\/delices.lu\/de\/produit\/runde-servierschale\/","title":{"rendered":"Runde Servierschale"},"content":{"rendered":"<p><strong>F\u00fcr stilvolles Servieren zu jeder Tageszeit<\/strong><br \/>\nMit der Toy&#8217;s Delight Kollektion schaffen Sie zu Hause eine Retro-Weihnachtsatmosph\u00e4re. Das Geschirr ist mit fantasievollen Mustern in Rot, Gr\u00fcn und Wei\u00df verziert und weckt Kindheitserinnerungen. Zum Kombinieren, Sammeln und Verschenken. Mit dieser dekorativen Servierschale k\u00f6nnen Sie Ihren G\u00e4sten Lebkuchen oder deutsche Stollen mit Butter servieren. \u00dcberraschen Sie mit stilvoll servierten Leckereien.    <\/p>\n","protected":false},"excerpt":{"rendered":"<p><strong>Toy&#8217;s Delight Servierschale rund 44 cm<\/strong><br \/>\nMaterial: Premium Porcelain<br \/>\nMa\u00dfe: ca. 44 cm<br \/>\nFassungsverm\u00f6gen: ca. 4534 ml<br \/>\nGewicht: ca. 2,3 Kg<br \/>\nwei\u00df\/rot<br \/>\nmikrowellengeeignet<br \/>\nArtikelnummer 1485853884 <\/p>\n","protected":false},"featured_media":17087,"template":"","meta":[],"location":[959,910],"product_brand":[],"product_cat":[1354,1356,2287,2231,1309,2230],"product_tag":[2353,2313,2509,2233,2166],"class_list":{"0":"post-17086","1":"product","2":"type-product","3":"status-publish","4":"has-post-thumbnail","6":"location-0-shop","7":"location-17-1","8":"product_cat-art-de-la-table-de","9":"product_cat-coupe-de","10":"product_cat-teller-de","11":"product_cat-teller","12":"product_cat-villeroy-boch-de","13":"product_cat-weihnachten","14":"product_tag-groser-schnitt","15":"product_tag-servierplatte","16":"product_tag-weihnachtsbaum","17":"product_tag-weihnachtsdekorationen","18":"product_tag-weis","20":"first","21":"instock","22":"shipping-taxable","23":"purchasable","24":"product-type-simple"},"supplier_id":9071,"supplier_sku":"1485853884","barcode":"4003683495411","atum_controlled":true,"out_stock_date":"2024-12-17 17:16:05","out_stock_threshold":null,"inheritable":false,"inbound_stock":0,"stock_on_hold":0,"sold_today":0,"sales_last_days":0,"reserved_stock":null,"customer_returns":null,"warehouse_damage":null,"lost_in_post":null,"other_logs":null,"out_stock_days":213,"lost_sales":0,"has_location":false,"update_date":"2025-07-19T06:26:43","atum_locations":[{"id":960,"name":"0 SHOP","slug":"0-shop"},{"id":799,"name":"171","slug":"171"}],"atum_stock_status":"onbackorder","restock_status":false,"low_stock_amount":"","sales_update_date":"2025-07-19T06:26:43","calc_backorders":0,"locations":[],"_links":{"self":[{"href":"https:\/\/delices.lu\/de\/wp-json\/wp\/v2\/product\/17086","targetHints":{"allow":["GET"]}}],"collection":[{"href":"https:\/\/delices.lu\/de\/wp-json\/wp\/v2\/product"}],"about":[{"href":"https:\/\/delices.lu\/de\/wp-json\/wp\/v2\/types\/product"}],"wp:featuredmedia":[{"embeddable":true,"href":"https:\/\/delices.lu\/de\/wp-json\/wp\/v2\/media\/17087"}],"wp:attachment":[{"href":"https:\/\/delices.lu\/de\/wp-json\/wp\/v2\/media?parent=17086"}],"wp:term":[{"taxonomy":"location","embeddable":true,"href":"https:\/\/delices.lu\/de\/wp-json\/wp\/v2\/location?post=17086"},{"taxonomy":"product_brand","embeddable":true,"href":"https:\/\/delices.lu\/de\/wp-json\/wp\/v2\/product_brand?post=17086"},{"taxonomy":"product_cat","embeddable":true,"href":"https:\/\/delices.lu\/de\/wp-json\/wp\/v2\/product_cat?post=17086"},{"taxonomy":"product_tag","embeddable":true,"href":"https:\/\/delices.lu\/de\/wp-json\/wp\/v2\/product_tag?post=17086"}],"curies":[{"name":"wp","href":"https:\/\/api.w.org\/{rel}","templated":true}]}}