{"id":17089,"date":"2024-12-18T00:00:28","date_gmt":"2025-03-24T07:56:23","guid":{"rendered":"https:\/\/delices.lu\/produit\/winter-bakery-delight-schale-tannenbaumform-s\/"},"modified":"2025-03-24T08:56:23","modified_gmt":"2025-03-24T07:56:23","slug":"winter-bakery-delight-schale-tannenbaumform-s","status":"publish","type":"product","link":"https:\/\/delices.lu\/de\/produit\/winter-bakery-delight-schale-tannenbaumform-s\/","title":{"rendered":"Winter Bakery Delight &#8211; Schale, Tannenbaumform, S"},"content":{"rendered":"<p><strong>Dekorative Schale f\u00fcr das Weihnachtsfest<\/strong><br \/>\nWinter Bakery Delight macht Lust auf Zimtsterne, Eierpunsch und Brat\u00e4pfel. Das festlich dekorierte Geschirr passt mit seinem luftigen Dekor zur Adventszeit und zu den Wintermonaten. Diese kleine Schale in Form eines Tannenbaums verleiht dem Weihnachtstisch eine himmlische Note. Sie k\u00f6nnen damit Ihren Freunden auf dekorative Weise s\u00fc\u00dfe K\u00f6stlichkeiten pr\u00e4sentieren. Entdecken Sie Weihnachten neu.    <\/p>\n","protected":false},"excerpt":{"rendered":"<p><strong>Winter Bakery Delight<br \/>\nSchale in Tannenform, 17 cm<\/strong><br \/>\nMATERIAL: Premium Porcelain<br \/>\nGR\u00d6\u00dfE: ca. 274 ml; ca. 17 cm<br \/>\nFARBE: Wei\u00df, mehrfarbig<br \/>\nGARANTIERT SP\u00dcLGER\u00c4T: Nein<br \/>\nMIKROWELLENKOMPATIBEL: Ja<br \/>\nREF. ARTIKEL: 1486123870 <\/p>\n","protected":false},"featured_media":17090,"template":"","meta":[],"location":[959],"product_brand":[],"product_cat":[1356,1311,2287,1309,2230,2448],"product_tag":[1358,743,2478,2472,2312],"class_list":{"0":"post-17089","1":"product","2":"type-product","3":"status-publish","4":"has-post-thumbnail","6":"location-0-shop","7":"product_cat-coupe-de","8":"product_cat-dekoration","9":"product_cat-teller-de","10":"product_cat-villeroy-boch-de","11":"product_cat-weihnachten","12":"product_cat-winter","13":"product_tag-coupe-de","14":"product_tag-decoration-de","15":"product_tag-dekorativer-schnitt","16":"product_tag-stern","17":"product_tag-teller-de","19":"first","20":"instock","21":"shipping-taxable","22":"purchasable","23":"product-type-simple"},"supplier_id":9071,"supplier_sku":"1486123870","barcode":"4003686289130","atum_controlled":true,"out_stock_date":"2024-12-18 14:39:00","out_stock_threshold":null,"inheritable":false,"inbound_stock":0,"stock_on_hold":0,"sold_today":0,"sales_last_days":0,"reserved_stock":null,"customer_returns":null,"warehouse_damage":null,"lost_in_post":null,"other_logs":null,"out_stock_days":212,"lost_sales":0,"has_location":false,"update_date":"2025-07-19T06:26:43","atum_locations":[{"id":960,"name":"0 SHOP","slug":"0-shop"}],"atum_stock_status":"onbackorder","restock_status":false,"low_stock_amount":"","sales_update_date":"2025-07-19T06:26:43","calc_backorders":0,"locations":[],"_links":{"self":[{"href":"https:\/\/delices.lu\/de\/wp-json\/wp\/v2\/product\/17089","targetHints":{"allow":["GET"]}}],"collection":[{"href":"https:\/\/delices.lu\/de\/wp-json\/wp\/v2\/product"}],"about":[{"href":"https:\/\/delices.lu\/de\/wp-json\/wp\/v2\/types\/product"}],"wp:featuredmedia":[{"embeddable":true,"href":"https:\/\/delices.lu\/de\/wp-json\/wp\/v2\/media\/17090"}],"wp:attachment":[{"href":"https:\/\/delices.lu\/de\/wp-json\/wp\/v2\/media?parent=17089"}],"wp:term":[{"taxonomy":"location","embeddable":true,"href":"https:\/\/delices.lu\/de\/wp-json\/wp\/v2\/location?post=17089"},{"taxonomy":"product_brand","embeddable":true,"href":"https:\/\/delices.lu\/de\/wp-json\/wp\/v2\/product_brand?post=17089"},{"taxonomy":"product_cat","embeddable":true,"href":"https:\/\/delices.lu\/de\/wp-json\/wp\/v2\/product_cat?post=17089"},{"taxonomy":"product_tag","embeddable":true,"href":"https:\/\/delices.lu\/de\/wp-json\/wp\/v2\/product_tag?post=17089"}],"curies":[{"name":"wp","href":"https:\/\/api.w.org\/{rel}","templated":true}]}}