{"id":17099,"date":"2025-09-28T00:00:44","date_gmt":"2025-09-27T22:00:44","guid":{"rendered":"https:\/\/delices.lu\/produit\/vieux-luxembourg-bol-2\/"},"modified":"2025-03-24T08:57:24","modified_gmt":"2025-03-24T07:57:24","slug":"vieux-luxembourg-bol-2","status":"publish","type":"product","link":"https:\/\/delices.lu\/de\/produit\/vieux-luxembourg-bol-2\/","title":{"rendered":"Vieux Luxembourg, Bol"},"content":{"rendered":"<p><strong>Schale mit klassischem Dekor f\u00fcr Beilagen und mehr<\/strong><br \/>\nZarte Reliefs und dezente filigrane Ornamente verbinden sich auf dem strahlend wei\u00dfen Porzellan zu einem raffinierten, zeitlosen und eleganten Ensemble, das die Kollektion Vieux Luxembourg charakterisiert. Ob f\u00fcr Fr\u00fchst\u00fccksm\u00fcsli, Salate, Suppen oder Desserts: diese wundersch\u00f6ne Schale passt immer. Ein perfektes St\u00fcck f\u00fcr jeden Tag.  <\/p>\n","protected":false},"excerpt":{"rendered":"<p>MATERIAL:Premium Porcelain<br \/>\nGR\u00d6SSE: ca. 470 ml; Durchmesser: 138 mm<br \/>\nFARBE: wei\u00df<br \/>\nGARANTIERT SP\u00dcLMASCHINENGARANTIE: Ja<br \/>\nMIKROWELLENKOMPATIBEL: Ja<br \/>\nREF. ARTIKEL: 1023411906 <\/p>\n","protected":false},"featured_media":14759,"template":"","meta":[],"location":[959],"product_brand":[],"product_cat":[1354,1355,1309],"product_tag":[2280,1359,2215],"class_list":{"0":"post-17099","1":"product","2":"type-product","3":"status-publish","4":"has-post-thumbnail","6":"location-0-shop","7":"product_cat-art-de-la-table-de","8":"product_cat-bol-de","9":"product_cat-villeroy-boch-de","10":"product_tag-alte","11":"product_tag-bol-de","12":"product_tag-luxemburg","14":"first","15":"instock","16":"shipping-taxable","17":"purchasable","18":"product-type-simple"},"supplier_id":9071,"supplier_sku":"1023411906","barcode":"4003686238374","atum_controlled":true,"out_stock_date":"2025-09-28 06:38:17","out_stock_threshold":0,"inheritable":false,"inbound_stock":0,"stock_on_hold":0,"sold_today":0,"sales_last_days":0,"reserved_stock":0,"customer_returns":0,"warehouse_damage":null,"lost_in_post":0,"other_logs":0,"out_stock_days":0,"lost_sales":0,"has_location":false,"update_date":"2025-09-28T04:38:20","atum_locations":[{"id":960,"name":"0 SHOP","slug":"0-shop"}],"atum_stock_status":"onbackorder","restock_status":false,"low_stock_amount":"","sales_update_date":"2025-07-19T06:26:37","calc_backorders":0,"locations":[],"_links":{"self":[{"href":"https:\/\/delices.lu\/de\/wp-json\/wp\/v2\/product\/17099","targetHints":{"allow":["GET"]}}],"collection":[{"href":"https:\/\/delices.lu\/de\/wp-json\/wp\/v2\/product"}],"about":[{"href":"https:\/\/delices.lu\/de\/wp-json\/wp\/v2\/types\/product"}],"wp:featuredmedia":[{"embeddable":true,"href":"https:\/\/delices.lu\/de\/wp-json\/wp\/v2\/media\/14759"}],"wp:attachment":[{"href":"https:\/\/delices.lu\/de\/wp-json\/wp\/v2\/media?parent=17099"}],"wp:term":[{"taxonomy":"location","embeddable":true,"href":"https:\/\/delices.lu\/de\/wp-json\/wp\/v2\/location?post=17099"},{"taxonomy":"product_brand","embeddable":true,"href":"https:\/\/delices.lu\/de\/wp-json\/wp\/v2\/product_brand?post=17099"},{"taxonomy":"product_cat","embeddable":true,"href":"https:\/\/delices.lu\/de\/wp-json\/wp\/v2\/product_cat?post=17099"},{"taxonomy":"product_tag","embeddable":true,"href":"https:\/\/delices.lu\/de\/wp-json\/wp\/v2\/product_tag?post=17099"}],"curies":[{"name":"wp","href":"https:\/\/api.w.org\/{rel}","templated":true}]}}