{"id":17133,"date":"2024-12-04T00:00:06","date_gmt":"2025-03-24T07:57:36","guid":{"rendered":"https:\/\/delices.lu\/produit\/toys-delight-kleiner-becher-mit-henkel\/"},"modified":"2025-03-24T08:57:36","modified_gmt":"2025-03-24T07:57:36","slug":"toys-delight-kleiner-becher-mit-henkel","status":"publish","type":"product","link":"https:\/\/delices.lu\/de\/produit\/toys-delight-kleiner-becher-mit-henkel\/","title":{"rendered":"Toy&#8217;s Delight &#8211; Kleiner Becher mit Henkel"},"content":{"rendered":"<p><strong>Kleine Tasse mit zartem Weihnachtsdekor<br \/>\n<\/strong>Die Toy&#8217;s Delight Kollektion bringt eine Retro-Weihnachtsstimmung in Ihr Zuhause. Diese Kollektion ist mit zarten und fantasievollen Spielzeugmotiven dekoriert, die Kindheitserinnerungen wecken. Zum Kombinieren, Sammeln und Verschenken. Dieser Becher aus hochwertigem Porzellan mit zarten und farbenfrohen Spielzeugmotiven eignet sich perfekt f\u00fcr hei\u00dfe Getr\u00e4nke in der kalten Winterzeit und ist auch ein ideales Weihnachtsgeschenk. Holen Sie sich jetzt diese fr\u00f6hliche Weihnachtskollektion!    <\/p>\n","protected":false},"excerpt":{"rendered":"<p><strong>Toy&#8217;s Delight &#8211; kleiner Becher, 230 ml<br \/>\n<\/strong>MATERIAL: Premium Porcelain<br \/>\nGR\u00d6SSE: ca. 230 ml &#8211; Durchmesser: 85 mm<br \/>\nFARBE: mehrfarbig<br \/>\nGARANTIERT SP\u00dcLGER\u00c4T: Ja<br \/>\nMIKROWELLENKOMPATIBEL: Ja<br \/>\nREF. ARTIKEL: 1485859631 <\/p>\n","protected":false},"featured_media":17135,"template":"","meta":[],"location":[959],"product_brand":[],"product_cat":[2163,1309,2230],"product_tag":[2168,1154,2319,2233],"class_list":{"0":"post-17133","1":"product","2":"type-product","3":"status-publish","4":"has-post-thumbnail","6":"location-0-shop","7":"product_cat-tasse-krug","8":"product_cat-villeroy-boch-de","9":"product_cat-weihnachten","10":"product_tag-krug-de","11":"product_tag-mug-becher","12":"product_tag-tasse-mit-henkel","13":"product_tag-weihnachtsdekorationen","15":"first","16":"instock","17":"shipping-taxable","18":"purchasable","19":"product-type-simple"},"supplier_id":9071,"supplier_sku":"1485859631","barcode":"4003686441255","atum_controlled":true,"out_stock_date":"2024-12-04 11:23:30","out_stock_threshold":null,"inheritable":false,"inbound_stock":0,"stock_on_hold":0,"sold_today":0,"sales_last_days":0,"reserved_stock":null,"customer_returns":null,"warehouse_damage":null,"lost_in_post":null,"other_logs":null,"out_stock_days":226,"lost_sales":0,"has_location":true,"update_date":"2025-07-19T06:26:41","atum_locations":[{"id":960,"name":"0 SHOP","slug":"0-shop"}],"atum_stock_status":"onbackorder","restock_status":false,"low_stock_amount":"","sales_update_date":"2025-07-19T06:26:41","calc_backorders":0,"locations":[],"_links":{"self":[{"href":"https:\/\/delices.lu\/de\/wp-json\/wp\/v2\/product\/17133","targetHints":{"allow":["GET"]}}],"collection":[{"href":"https:\/\/delices.lu\/de\/wp-json\/wp\/v2\/product"}],"about":[{"href":"https:\/\/delices.lu\/de\/wp-json\/wp\/v2\/types\/product"}],"wp:featuredmedia":[{"embeddable":true,"href":"https:\/\/delices.lu\/de\/wp-json\/wp\/v2\/media\/17135"}],"wp:attachment":[{"href":"https:\/\/delices.lu\/de\/wp-json\/wp\/v2\/media?parent=17133"}],"wp:term":[{"taxonomy":"location","embeddable":true,"href":"https:\/\/delices.lu\/de\/wp-json\/wp\/v2\/location?post=17133"},{"taxonomy":"product_brand","embeddable":true,"href":"https:\/\/delices.lu\/de\/wp-json\/wp\/v2\/product_brand?post=17133"},{"taxonomy":"product_cat","embeddable":true,"href":"https:\/\/delices.lu\/de\/wp-json\/wp\/v2\/product_cat?post=17133"},{"taxonomy":"product_tag","embeddable":true,"href":"https:\/\/delices.lu\/de\/wp-json\/wp\/v2\/product_tag?post=17133"}],"curies":[{"name":"wp","href":"https:\/\/api.w.org\/{rel}","templated":true}]}}