{"id":17141,"date":"2024-12-04T00:00:28","date_gmt":"2025-03-24T07:57:37","guid":{"rendered":"https:\/\/delices.lu\/produit\/toys-delight-royal-classic-krug-becher\/"},"modified":"2025-03-24T08:57:37","modified_gmt":"2025-03-24T07:57:37","slug":"toys-delight-royal-classic-krug-becher","status":"publish","type":"product","link":"https:\/\/delices.lu\/de\/produit\/toys-delight-royal-classic-krug-becher\/","title":{"rendered":"Toy&#8217;s Delight Royal Classic &#8211; Krug &#8211; Becher"},"content":{"rendered":"<p><strong>Tasse f\u00fcr Tee, Kaffee, Punsch oder Gl\u00fchwein<\/strong><br \/>\nDie Kollektion Toy&#8217;s Delight Royal Classic ist von der Form von Retro-Papptellern inspiriert und mit einem Relief aus hochwertigem Porzellan verziert. Das Relief ist mit typischen Motiven von Spielzeug aus dem Erzgebirge verziert. Diese reinwei\u00dfe Kollektion passt perfekt zu den weihnachtlichen Toy&#8217;s Delight St\u00fccken. Genie\u00dfen Sie Ihren Kaffee, Tee oder Gl\u00fchwein aus diesem gro\u00dfen Becher mit seinem praktischen Henkel. Genie\u00dfen Sie den Zauber von Weihnachten.    <\/p>\n","protected":false},"excerpt":{"rendered":"<p><strong>Toy&#8217;s Delight Royal Classic  <\/strong><br \/>\n<strong>Mug, Krug<\/strong><br \/>\nMaterial: Premium Porcelain<br \/>\nInhalt: 300 ml<br \/>\nWei\u00df und Party-Reliefs<br \/>\nMikrowellen- und sp\u00fclmaschinenfest<br \/>\nArtikelnummer 1486584860 <\/p>\n","protected":false},"featured_media":17143,"template":"","meta":[],"location":[927],"product_brand":[],"product_cat":[2163,1309,2230,2448],"product_tag":[2168,1154,2319,2461,2166],"class_list":{"0":"post-17141","1":"product","2":"type-product","3":"status-publish","4":"has-post-thumbnail","6":"location-20-3","7":"product_cat-tasse-krug","8":"product_cat-villeroy-boch-de","9":"product_cat-weihnachten","10":"product_cat-winter","11":"product_tag-krug-de","12":"product_tag-mug-becher","13":"product_tag-tasse-mit-henkel","14":"product_tag-weihnachtsrelief","15":"product_tag-weis","17":"first","18":"instock","19":"shipping-taxable","20":"purchasable","21":"product-type-simple"},"supplier_id":9071,"supplier_sku":"1486584860","barcode":"4003686328600","atum_controlled":true,"out_stock_date":null,"out_stock_threshold":null,"inheritable":false,"inbound_stock":0,"stock_on_hold":0,"sold_today":0,"sales_last_days":0,"reserved_stock":null,"customer_returns":null,"warehouse_damage":null,"lost_in_post":null,"other_logs":null,"out_stock_days":0,"lost_sales":0,"has_location":false,"update_date":"2025-07-19T06:26:39","atum_locations":[{"id":935,"name":"203","slug":"203"}],"atum_stock_status":"instock","restock_status":false,"low_stock_amount":"","sales_update_date":"2025-07-19T06:26:39","calc_backorders":0,"locations":[],"_links":{"self":[{"href":"https:\/\/delices.lu\/de\/wp-json\/wp\/v2\/product\/17141","targetHints":{"allow":["GET"]}}],"collection":[{"href":"https:\/\/delices.lu\/de\/wp-json\/wp\/v2\/product"}],"about":[{"href":"https:\/\/delices.lu\/de\/wp-json\/wp\/v2\/types\/product"}],"wp:featuredmedia":[{"embeddable":true,"href":"https:\/\/delices.lu\/de\/wp-json\/wp\/v2\/media\/17143"}],"wp:attachment":[{"href":"https:\/\/delices.lu\/de\/wp-json\/wp\/v2\/media?parent=17141"}],"wp:term":[{"taxonomy":"location","embeddable":true,"href":"https:\/\/delices.lu\/de\/wp-json\/wp\/v2\/location?post=17141"},{"taxonomy":"product_brand","embeddable":true,"href":"https:\/\/delices.lu\/de\/wp-json\/wp\/v2\/product_brand?post=17141"},{"taxonomy":"product_cat","embeddable":true,"href":"https:\/\/delices.lu\/de\/wp-json\/wp\/v2\/product_cat?post=17141"},{"taxonomy":"product_tag","embeddable":true,"href":"https:\/\/delices.lu\/de\/wp-json\/wp\/v2\/product_tag?post=17141"}],"curies":[{"name":"wp","href":"https:\/\/api.w.org\/{rel}","templated":true}]}}