{"id":17159,"date":"2024-12-04T00:00:58","date_gmt":"2025-03-24T07:57:38","guid":{"rendered":"https:\/\/delices.lu\/produit\/toys-delight-royal-classic-kaffee-tee-untertasse\/"},"modified":"2025-03-24T08:57:38","modified_gmt":"2025-03-24T07:57:38","slug":"toys-delight-royal-classic-kaffee-tee-untertasse","status":"publish","type":"product","link":"https:\/\/delices.lu\/de\/produit\/toys-delight-royal-classic-kaffee-tee-untertasse\/","title":{"rendered":"Toy&#8217;s Delight Royal Classic &#8211; Kaffee-\/Tee-Untertasse"},"content":{"rendered":"<p><strong>Untertasse f\u00fcr eine s\u00fc\u00dfe K\u00f6stlichkeit zum Kaffee oder Tee<\/strong><br \/>\nDie Kollektion Toy&#8217;s Delight Royal Classic ist von der Form von Papptellern im Retro-Stil inspiriert und mit einem Relief aus hochwertigem Porzellan verziert. Das Relief ist mit typischen Motiven von Spielzeug aus dem Erzgebirge verziert. Diese reinwei\u00dfe Kollektion passt perfekt zu den weihnachtlichen Toy&#8217;s Delight St\u00fccken. Diese Untertasse vervollst\u00e4ndigt Ihr Weihnachtsservice stilvoll und bietet Platz, um den Kaffee mit einer s\u00fc\u00dfen K\u00f6stlichkeit zu begleiten. Servieren Sie weihnachtliche Leckereien zu Kaffee oder Tee.    <\/p>\n","protected":false},"excerpt":{"rendered":"<p><strong>Toy&#8217;s Delight Royal Classic  <\/strong><br \/>\n<strong>Kaffee-\/Teeunterteller<\/strong><br \/>\nMaterial: Premium Porcelain<br \/>\nDurchmesser: ca. 185 mm<br \/>\nGewicht: ca. 300 gr<br \/>\nWei\u00df und Reliefs<br \/>\nMikrowellen- und sp\u00fclmaschinenfest<br \/>\nArtikelreferenz 1486581310 <\/p>\n","protected":false},"featured_media":15505,"template":"","meta":[],"location":[926],"product_brand":[],"product_cat":[1354,2235,2266,1309,2230,2448],"product_tag":[2227,2267,2461,2166],"class_list":{"0":"post-17159","1":"product","2":"type-product","3":"status-publish","4":"has-post-thumbnail","6":"location-20-2","7":"product_cat-art-de-la-table-de","8":"product_cat-tasse-de","9":"product_cat-untertasse","10":"product_cat-villeroy-boch-de","11":"product_cat-weihnachten","12":"product_cat-winter","13":"product_tag-untertasse","14":"product_tag-untertasse-ohne-tasse","15":"product_tag-weihnachtsrelief","16":"product_tag-weis","18":"first","19":"instock","20":"shipping-taxable","21":"purchasable","22":"product-type-simple"},"supplier_id":9071,"supplier_sku":"1486581310","barcode":"4003686328631","atum_controlled":true,"out_stock_date":null,"out_stock_threshold":null,"inheritable":false,"inbound_stock":0,"stock_on_hold":0,"sold_today":0,"sales_last_days":0,"reserved_stock":null,"customer_returns":null,"warehouse_damage":null,"lost_in_post":null,"other_logs":null,"out_stock_days":0,"lost_sales":0,"has_location":false,"update_date":"2025-07-19T06:26:40","atum_locations":[{"id":786,"name":"202","slug":"202"}],"atum_stock_status":"instock","restock_status":false,"low_stock_amount":"","sales_update_date":"2025-07-19T06:26:40","calc_backorders":0,"locations":[],"_links":{"self":[{"href":"https:\/\/delices.lu\/de\/wp-json\/wp\/v2\/product\/17159","targetHints":{"allow":["GET"]}}],"collection":[{"href":"https:\/\/delices.lu\/de\/wp-json\/wp\/v2\/product"}],"about":[{"href":"https:\/\/delices.lu\/de\/wp-json\/wp\/v2\/types\/product"}],"wp:featuredmedia":[{"embeddable":true,"href":"https:\/\/delices.lu\/de\/wp-json\/wp\/v2\/media\/15505"}],"wp:attachment":[{"href":"https:\/\/delices.lu\/de\/wp-json\/wp\/v2\/media?parent=17159"}],"wp:term":[{"taxonomy":"location","embeddable":true,"href":"https:\/\/delices.lu\/de\/wp-json\/wp\/v2\/location?post=17159"},{"taxonomy":"product_brand","embeddable":true,"href":"https:\/\/delices.lu\/de\/wp-json\/wp\/v2\/product_brand?post=17159"},{"taxonomy":"product_cat","embeddable":true,"href":"https:\/\/delices.lu\/de\/wp-json\/wp\/v2\/product_cat?post=17159"},{"taxonomy":"product_tag","embeddable":true,"href":"https:\/\/delices.lu\/de\/wp-json\/wp\/v2\/product_tag?post=17159"}],"curies":[{"name":"wp","href":"https:\/\/api.w.org\/{rel}","templated":true}]}}