{"id":17160,"date":"2024-12-06T00:00:16","date_gmt":"2025-03-24T07:57:38","guid":{"rendered":"https:\/\/delices.lu\/produit\/nostalgic-ornaments-hunde-3-stueck\/"},"modified":"2025-03-24T08:57:38","modified_gmt":"2025-03-24T07:57:38","slug":"nostalgic-ornaments-hunde-3-stueck","status":"publish","type":"product","link":"https:\/\/delices.lu\/de\/produit\/nostalgic-ornaments-hunde-3-stueck\/","title":{"rendered":"Nostalgic Ornaments &#8211; Hunde &#8211; 3 St\u00fcck"},"content":{"rendered":"<p><strong>Wundersch\u00f6n als Baum- oder Wohnschmuck<\/strong><br \/>\nDie Nostalgic Ornaments Kollektion bezaubert mit ihren liebevoll gearbeiteten Details in einem weihnachtlichen Retrodesign. Sie ist ideal als poetischer Baumschmuck, zur Vervollst\u00e4ndigung Ihres festlichen Interieurs oder zum Sammeln, Kombinieren und Verschenken. Dieses Set, bestehend aus drei H\u00e4ngeleuchten von Chiens, versch\u00f6nert jeden Baum und verleiht Ihrem Zuhause eine sch\u00f6ne und angenehme Retro-Note. G\u00f6nnen Sie sich und Ihren Lieben festliche Accessoires.   <\/p>\n","protected":false},"excerpt":{"rendered":"<p><strong>Nostalgische Ornamente &#8211; Hunde<\/strong><br \/>\n<strong>Set bestehend aus 3 St\u00fcck &#8211; 6 x 7 cm<\/strong><br \/>\nMATERIAL: Porzellan &#8211; Kunststoff<br \/>\nFARBE: mehrfarbig<br \/>\nGARANTIERT SP\u00dcLMASCHINENGARANTIE: Nicht<br \/>\nMIKROWELLENKOMPATIBEL: Nicht<br \/>\nREF. ARTIKEL: 1483316692 <\/p>\n","protected":false},"featured_media":17163,"template":"","meta":[],"location":[959],"product_brand":[],"product_cat":[1311,1309,2230],"product_tag":[2455,743,2634],"class_list":{"0":"post-17160","1":"product","2":"type-product","3":"status-publish","4":"has-post-thumbnail","6":"location-0-shop","7":"product_cat-dekoration","8":"product_cat-villeroy-boch-de","9":"product_cat-weihnachten","10":"product_tag-3-zimmer","11":"product_tag-decoration-de","12":"product_tag-hund","14":"first","15":"instock","16":"shipping-taxable","17":"purchasable","18":"product-type-simple"},"supplier_id":9071,"supplier_sku":"1483316692","barcode":"4003686441548","atum_controlled":true,"out_stock_date":null,"out_stock_threshold":null,"inheritable":false,"inbound_stock":0,"stock_on_hold":0,"sold_today":0,"sales_last_days":0,"reserved_stock":null,"customer_returns":null,"warehouse_damage":null,"lost_in_post":null,"other_logs":null,"out_stock_days":0,"lost_sales":0,"has_location":true,"update_date":"2025-07-19T06:26:40","atum_locations":[{"id":960,"name":"0 SHOP","slug":"0-shop"}],"atum_stock_status":"instock","restock_status":false,"low_stock_amount":"","sales_update_date":"2025-07-19T06:26:40","calc_backorders":0,"locations":[],"_links":{"self":[{"href":"https:\/\/delices.lu\/de\/wp-json\/wp\/v2\/product\/17160","targetHints":{"allow":["GET"]}}],"collection":[{"href":"https:\/\/delices.lu\/de\/wp-json\/wp\/v2\/product"}],"about":[{"href":"https:\/\/delices.lu\/de\/wp-json\/wp\/v2\/types\/product"}],"wp:featuredmedia":[{"embeddable":true,"href":"https:\/\/delices.lu\/de\/wp-json\/wp\/v2\/media\/17163"}],"wp:attachment":[{"href":"https:\/\/delices.lu\/de\/wp-json\/wp\/v2\/media?parent=17160"}],"wp:term":[{"taxonomy":"location","embeddable":true,"href":"https:\/\/delices.lu\/de\/wp-json\/wp\/v2\/location?post=17160"},{"taxonomy":"product_brand","embeddable":true,"href":"https:\/\/delices.lu\/de\/wp-json\/wp\/v2\/product_brand?post=17160"},{"taxonomy":"product_cat","embeddable":true,"href":"https:\/\/delices.lu\/de\/wp-json\/wp\/v2\/product_cat?post=17160"},{"taxonomy":"product_tag","embeddable":true,"href":"https:\/\/delices.lu\/de\/wp-json\/wp\/v2\/product_tag?post=17160"}],"curies":[{"name":"wp","href":"https:\/\/api.w.org\/{rel}","templated":true}]}}