{"id":17165,"date":"2024-12-04T00:00:58","date_gmt":"2025-03-24T07:57:39","guid":{"rendered":"https:\/\/delices.lu\/produit\/winter-bakery-delight-becher-sternschnuppe\/"},"modified":"2025-03-24T08:57:39","modified_gmt":"2025-03-24T07:57:39","slug":"winter-bakery-delight-becher-sternschnuppe","status":"publish","type":"product","link":"https:\/\/delices.lu\/de\/produit\/winter-bakery-delight-becher-sternschnuppe\/","title":{"rendered":"Winter Bakery Delight &#8211; Becher, Sternschnuppe"},"content":{"rendered":"<p><strong>Becher f\u00fcr Tee, Kaffee, Punsch oder Gl\u00fchwein<\/strong><br \/>\nWinter Bakery Delight macht Lust auf Zimtsterne, <strong>Eierpunsch<\/strong> und Brat\u00e4pfel. Das festlich dekorierte Geschirr passt mit seinem luftigen Dekor zur Adventszeit und zu den Wintermonaten. Genie\u00dfen Sie Ihren Kaffee, Tee oder Gl\u00fchwein aus diesem gro\u00dfen Becher mit dem Sternschnuppenmotiv. Genie\u00dfen Sie den Zauber der Weihnacht.   <\/p>\n","protected":false},"excerpt":{"rendered":"<p><strong>Winter Bakery Delight  <\/strong><br \/>\n<strong>Kaffeebecher, Sternschnuppenmotiv<\/strong><br \/>\nMaterial: Premium Porcelain<br \/>\nKapazit\u00e4t: ca. 290 ml<br \/>\nGewicht: ca. 250 gr<br \/>\nmehrfarbig\/rot\/wei\u00df<br \/>\nsp\u00fclmaschinen- und mikrowellengeeignet<br \/>\nArtikelreferenz 1486129652 <\/p>\n","protected":false},"featured_media":17167,"template":"","meta":[],"location":[912],"product_brand":[],"product_cat":[2235,2163,1309,2230,2448],"product_tag":[2168,1154,2653,2319,2233],"class_list":{"0":"post-17165","1":"product","2":"type-product","3":"status-publish","4":"has-post-thumbnail","6":"location-17-3","7":"product_cat-tasse-de","8":"product_cat-tasse-krug","9":"product_cat-villeroy-boch-de","10":"product_cat-weihnachten","11":"product_cat-winter","12":"product_tag-krug-de","13":"product_tag-mug-becher","14":"product_tag-sternschnuppe","15":"product_tag-tasse-mit-henkel","16":"product_tag-weihnachtsdekorationen","18":"first","19":"instock","20":"shipping-taxable","21":"purchasable","22":"product-type-simple"},"supplier_id":9071,"supplier_sku":"1486129652","barcode":"4003686301269","atum_controlled":true,"out_stock_date":"2024-12-04 11:24:18","out_stock_threshold":null,"inheritable":false,"inbound_stock":0,"stock_on_hold":0,"sold_today":0,"sales_last_days":0,"reserved_stock":null,"customer_returns":null,"warehouse_damage":null,"lost_in_post":null,"other_logs":null,"out_stock_days":226,"lost_sales":0,"has_location":false,"update_date":"2025-07-19T06:26:40","atum_locations":[{"id":801,"name":"173","slug":"173"}],"atum_stock_status":"onbackorder","restock_status":false,"low_stock_amount":"","sales_update_date":"2025-07-19T06:26:40","calc_backorders":0,"locations":[],"_links":{"self":[{"href":"https:\/\/delices.lu\/de\/wp-json\/wp\/v2\/product\/17165","targetHints":{"allow":["GET"]}}],"collection":[{"href":"https:\/\/delices.lu\/de\/wp-json\/wp\/v2\/product"}],"about":[{"href":"https:\/\/delices.lu\/de\/wp-json\/wp\/v2\/types\/product"}],"wp:featuredmedia":[{"embeddable":true,"href":"https:\/\/delices.lu\/de\/wp-json\/wp\/v2\/media\/17167"}],"wp:attachment":[{"href":"https:\/\/delices.lu\/de\/wp-json\/wp\/v2\/media?parent=17165"}],"wp:term":[{"taxonomy":"location","embeddable":true,"href":"https:\/\/delices.lu\/de\/wp-json\/wp\/v2\/location?post=17165"},{"taxonomy":"product_brand","embeddable":true,"href":"https:\/\/delices.lu\/de\/wp-json\/wp\/v2\/product_brand?post=17165"},{"taxonomy":"product_cat","embeddable":true,"href":"https:\/\/delices.lu\/de\/wp-json\/wp\/v2\/product_cat?post=17165"},{"taxonomy":"product_tag","embeddable":true,"href":"https:\/\/delices.lu\/de\/wp-json\/wp\/v2\/product_tag?post=17165"}],"curies":[{"name":"wp","href":"https:\/\/api.w.org\/{rel}","templated":true}]}}