{"id":17171,"date":"2024-12-10T00:00:03","date_gmt":"2025-03-24T07:57:49","guid":{"rendered":"https:\/\/delices.lu\/produit\/toys-delight-servierschale-quadratisch-16-cm\/"},"modified":"2025-03-24T08:57:49","modified_gmt":"2025-03-24T07:57:49","slug":"toys-delight-servierschale-quadratisch-16-cm","status":"publish","type":"product","link":"https:\/\/delices.lu\/de\/produit\/toys-delight-servierschale-quadratisch-16-cm\/","title":{"rendered":"Toy&#8217;s Delight &#8211; Servierschale, quadratisch, 16 cm"},"content":{"rendered":"<p><strong>F\u00fcr Beilagen und kleine K\u00f6stlichkeiten<\/strong><br \/>\nMit der Toy&#8217;s Delight Kollektion schaffen Sie zu Hause eine Retro-Weihnachtsatmosph\u00e4re. Das Geschirr ist mit fantasievollen Mustern in Rot, Gr\u00fcn und Wei\u00df verziert und weckt Kindheitserinnerungen. Zum Kombinieren, Sammeln und Verschenken. Diese Servierschale eignet sich perfekt f\u00fcr den Brunch, den Nachmittagskaffee oder das Abendessen. Sie k\u00f6nnen damit Gem\u00fcse, Fleisch oder kleine Leckereien elegant anrichten. \u00dcberraschen Sie mit stilvoll servierten Leckereien.     <\/p>\n","protected":false},"excerpt":{"rendered":"<p>MATERIAL: Hochwertiges Porzellan<br \/>\nFARBE: rot wei\u00df<br \/>\nGARANTIERT SP\u00dcLMASCHINENGARANTIE: Nein<br \/>\nMIKROWELLENKOMPATIBEL: Ja<br \/>\nREF. ARTIKEL: 1485853877 <\/p>\n","protected":false},"featured_media":17172,"template":"","meta":[],"location":[959,902],"product_brand":[],"product_cat":[1354,1311,2287,1309,2230,2448],"product_tag":[1358,743,2312,2233],"class_list":{"0":"post-17171","1":"product","2":"type-product","3":"status-publish","4":"has-post-thumbnail","6":"location-0-shop","7":"location-15-3","8":"product_cat-art-de-la-table-de","9":"product_cat-dekoration","10":"product_cat-teller-de","11":"product_cat-villeroy-boch-de","12":"product_cat-weihnachten","13":"product_cat-winter","14":"product_tag-coupe-de","15":"product_tag-decoration-de","16":"product_tag-teller-de","17":"product_tag-weihnachtsdekorationen","19":"first","20":"instock","21":"shipping-taxable","22":"purchasable","23":"product-type-simple"},"supplier_id":9071,"supplier_sku":"1485853877","barcode":"4003686267640","atum_controlled":true,"out_stock_date":null,"out_stock_threshold":null,"inheritable":false,"inbound_stock":0,"stock_on_hold":0,"sold_today":0,"sales_last_days":0,"reserved_stock":null,"customer_returns":null,"warehouse_damage":null,"lost_in_post":null,"other_logs":null,"out_stock_days":0,"lost_sales":0,"has_location":false,"update_date":"2025-07-19T06:26:40","atum_locations":[{"id":960,"name":"0 SHOP","slug":"0-shop"},{"id":811,"name":"153","slug":"153"}],"atum_stock_status":"instock","restock_status":false,"low_stock_amount":"","sales_update_date":"2025-07-19T06:26:40","calc_backorders":0,"locations":[],"_links":{"self":[{"href":"https:\/\/delices.lu\/de\/wp-json\/wp\/v2\/product\/17171","targetHints":{"allow":["GET"]}}],"collection":[{"href":"https:\/\/delices.lu\/de\/wp-json\/wp\/v2\/product"}],"about":[{"href":"https:\/\/delices.lu\/de\/wp-json\/wp\/v2\/types\/product"}],"wp:featuredmedia":[{"embeddable":true,"href":"https:\/\/delices.lu\/de\/wp-json\/wp\/v2\/media\/17172"}],"wp:attachment":[{"href":"https:\/\/delices.lu\/de\/wp-json\/wp\/v2\/media?parent=17171"}],"wp:term":[{"taxonomy":"location","embeddable":true,"href":"https:\/\/delices.lu\/de\/wp-json\/wp\/v2\/location?post=17171"},{"taxonomy":"product_brand","embeddable":true,"href":"https:\/\/delices.lu\/de\/wp-json\/wp\/v2\/product_brand?post=17171"},{"taxonomy":"product_cat","embeddable":true,"href":"https:\/\/delices.lu\/de\/wp-json\/wp\/v2\/product_cat?post=17171"},{"taxonomy":"product_tag","embeddable":true,"href":"https:\/\/delices.lu\/de\/wp-json\/wp\/v2\/product_tag?post=17171"}],"curies":[{"name":"wp","href":"https:\/\/api.w.org\/{rel}","templated":true}]}}