{"id":17181,"date":"2024-12-11T00:00:07","date_gmt":"2025-03-24T07:57:50","guid":{"rendered":"https:\/\/delices.lu\/produit\/untertasse-fuer-kaffee-tee-weiss\/"},"modified":"2025-03-24T08:57:50","modified_gmt":"2025-03-24T07:57:50","slug":"untertasse-fuer-kaffee-tee-weiss","status":"publish","type":"product","link":"https:\/\/delices.lu\/de\/produit\/untertasse-fuer-kaffee-tee-weiss\/","title":{"rendered":"Untertasse f\u00fcr Kaffee\/Tee wei\u00df"},"content":{"rendered":"<p><strong>Kaffee- und Teegenuss in festlicher Atmosph\u00e4re<\/strong><br \/>\nMit der Kollektion Toy&#8217;s Delight schaffen Sie zu Hause eine weihnachtliche Retro-Atmosph\u00e4re. Das Geschirr ist mit fantasievollen Motiven in Rot, Gr\u00fcn und Wei\u00df verziert und weckt Kindheitserinnerungen. Zum Kombinieren, Sammeln und Verschenken. Diese Untertasse erg\u00e4nzt Ihr Weihnachtsservice stilvoll und bietet Platz, um den Kaffee mit einer s\u00fc\u00dfen K\u00f6stlichkeit zu begleiten. Servieren Sie weihnachtliche Leckereien zu Kaffee oder Tee.    <\/p>\n","protected":false},"excerpt":{"rendered":"<p><strong>Toy&#8217;s Delight Kaffee-\/Teeuntertasse wei\u00df<\/strong><br \/>\nMaterial: Premium Porcelain<br \/>\nAbmessung: ca. 165 mm<br \/>\nGewicht: ca. 211 gr<br \/>\nwei\u00df\/rot<br \/>\nmikrowellengeeignet<br \/>\nArtikelreferenz 1485851313 <\/p>\n","protected":false},"featured_media":17182,"template":"","meta":[],"location":[959,902],"product_brand":[],"product_cat":[1354,2231,2266,1309,2230],"product_tag":[2227,2267,2233],"class_list":{"0":"post-17181","1":"product","2":"type-product","3":"status-publish","4":"has-post-thumbnail","6":"location-0-shop","7":"location-15-3","8":"product_cat-art-de-la-table-de","9":"product_cat-teller","10":"product_cat-untertasse","11":"product_cat-villeroy-boch-de","12":"product_cat-weihnachten","13":"product_tag-untertasse","14":"product_tag-untertasse-ohne-tasse","15":"product_tag-weihnachtsdekorationen","17":"first","18":"instock","19":"shipping-taxable","20":"purchasable","21":"product-type-simple"},"supplier_id":9071,"supplier_sku":"1485851313","barcode":"4003686318311","atum_controlled":true,"out_stock_date":"2024-12-11 14:02:44","out_stock_threshold":null,"inheritable":false,"inbound_stock":0,"stock_on_hold":0,"sold_today":0,"sales_last_days":0,"reserved_stock":null,"customer_returns":null,"warehouse_damage":null,"lost_in_post":null,"other_logs":null,"out_stock_days":219,"lost_sales":0,"has_location":false,"update_date":"2025-07-19T06:26:41","atum_locations":[{"id":960,"name":"0 SHOP","slug":"0-shop"},{"id":811,"name":"153","slug":"153"}],"atum_stock_status":"onbackorder","restock_status":false,"low_stock_amount":"","sales_update_date":"2025-07-19T06:26:41","calc_backorders":0,"locations":[],"_links":{"self":[{"href":"https:\/\/delices.lu\/de\/wp-json\/wp\/v2\/product\/17181","targetHints":{"allow":["GET"]}}],"collection":[{"href":"https:\/\/delices.lu\/de\/wp-json\/wp\/v2\/product"}],"about":[{"href":"https:\/\/delices.lu\/de\/wp-json\/wp\/v2\/types\/product"}],"wp:featuredmedia":[{"embeddable":true,"href":"https:\/\/delices.lu\/de\/wp-json\/wp\/v2\/media\/17182"}],"wp:attachment":[{"href":"https:\/\/delices.lu\/de\/wp-json\/wp\/v2\/media?parent=17181"}],"wp:term":[{"taxonomy":"location","embeddable":true,"href":"https:\/\/delices.lu\/de\/wp-json\/wp\/v2\/location?post=17181"},{"taxonomy":"product_brand","embeddable":true,"href":"https:\/\/delices.lu\/de\/wp-json\/wp\/v2\/product_brand?post=17181"},{"taxonomy":"product_cat","embeddable":true,"href":"https:\/\/delices.lu\/de\/wp-json\/wp\/v2\/product_cat?post=17181"},{"taxonomy":"product_tag","embeddable":true,"href":"https:\/\/delices.lu\/de\/wp-json\/wp\/v2\/product_tag?post=17181"}],"curies":[{"name":"wp","href":"https:\/\/api.w.org\/{rel}","templated":true}]}}