{"id":17186,"date":"2024-12-11T00:00:07","date_gmt":"2025-03-24T07:57:51","guid":{"rendered":"https:\/\/delices.lu\/produit\/kaffee-teetasse\/"},"modified":"2025-03-24T08:57:51","modified_gmt":"2025-03-24T07:57:51","slug":"kaffee-teetasse","status":"publish","type":"product","link":"https:\/\/delices.lu\/de\/produit\/kaffee-teetasse\/","title":{"rendered":"Kaffee-\/Teetasse"},"content":{"rendered":"<p><strong>F\u00fcr Ihr Lieblingsgetr\u00e4nk im Winter<\/strong><br \/>\nMit der Toy&#8217;s Delight Kollektion schaffen Sie zu Hause eine Retro-Weihnachtsatmosph\u00e4re. Das Geschirr ist mit fantasievollen Mustern in Rot, Gr\u00fcn und Wei\u00df verziert und weckt Kindheitserinnerungen. Zum Kombinieren, Sammeln und Verschenken. Diese Kaffeetasse eignet sich f\u00fcr einen Tee oder einen hei\u00dfen Kakao. In der Weihnachtszeit schmeckt ein k\u00f6stlicher Gl\u00fchwein oder Punsch aus dieser Tasse noch besser. Genie\u00dfen Sie die Gem\u00fctlichkeit mit jedem Schluck.     <\/p>\n","protected":false},"excerpt":{"rendered":"<p><strong>Toy&#8217;s Delight Kaffee-\/Teetasse<\/strong><br \/>\nMaterial: Premium Porcelain<br \/>\nKapazit\u00e4t: ca. 200 ml<br \/>\nGewicht: ca. 162 gr<br \/>\nwei\u00df\/rot<br \/>\nmikrowellengeeignet<br \/>\nArtikelnummer 1485851301 <\/p>\n","protected":false},"featured_media":17187,"template":"","meta":[],"location":[959,902],"product_brand":[],"product_cat":[1354,2235,1309,2230],"product_tag":[2657,2260,2233],"class_list":{"0":"post-17186","1":"product","2":"type-product","3":"status-publish","4":"has-post-thumbnail","6":"location-0-shop","7":"location-15-3","8":"product_cat-art-de-la-table-de","9":"product_cat-tasse-de","10":"product_cat-villeroy-boch-de","11":"product_cat-weihnachten","12":"product_tag-tassa-de","13":"product_tag-tasse-ohne-untertasse","14":"product_tag-weihnachtsdekorationen","16":"first","17":"instock","18":"shipping-taxable","19":"purchasable","20":"product-type-simple"},"supplier_id":9071,"supplier_sku":"1485851301","barcode":"4003686198500","atum_controlled":true,"out_stock_date":null,"out_stock_threshold":null,"inheritable":false,"inbound_stock":0,"stock_on_hold":0,"sold_today":0,"sales_last_days":0,"reserved_stock":null,"customer_returns":null,"warehouse_damage":null,"lost_in_post":null,"other_logs":null,"out_stock_days":0,"lost_sales":0,"has_location":false,"update_date":"2025-07-19T06:26:41","atum_locations":[{"id":960,"name":"0 SHOP","slug":"0-shop"},{"id":811,"name":"153","slug":"153"}],"atum_stock_status":"instock","restock_status":false,"low_stock_amount":"","sales_update_date":"2025-07-19T06:26:41","calc_backorders":0,"locations":[],"_links":{"self":[{"href":"https:\/\/delices.lu\/de\/wp-json\/wp\/v2\/product\/17186","targetHints":{"allow":["GET"]}}],"collection":[{"href":"https:\/\/delices.lu\/de\/wp-json\/wp\/v2\/product"}],"about":[{"href":"https:\/\/delices.lu\/de\/wp-json\/wp\/v2\/types\/product"}],"wp:featuredmedia":[{"embeddable":true,"href":"https:\/\/delices.lu\/de\/wp-json\/wp\/v2\/media\/17187"}],"wp:attachment":[{"href":"https:\/\/delices.lu\/de\/wp-json\/wp\/v2\/media?parent=17186"}],"wp:term":[{"taxonomy":"location","embeddable":true,"href":"https:\/\/delices.lu\/de\/wp-json\/wp\/v2\/location?post=17186"},{"taxonomy":"product_brand","embeddable":true,"href":"https:\/\/delices.lu\/de\/wp-json\/wp\/v2\/product_brand?post=17186"},{"taxonomy":"product_cat","embeddable":true,"href":"https:\/\/delices.lu\/de\/wp-json\/wp\/v2\/product_cat?post=17186"},{"taxonomy":"product_tag","embeddable":true,"href":"https:\/\/delices.lu\/de\/wp-json\/wp\/v2\/product_tag?post=17186"}],"curies":[{"name":"wp","href":"https:\/\/api.w.org\/{rel}","templated":true}]}}