{"id":17242,"date":"2024-11-02T00:00:18","date_gmt":"2025-03-24T08:01:14","guid":{"rendered":"https:\/\/delices.lu\/produit\/toys-delight-wasserglaeser-2-stueck\/"},"modified":"2025-03-24T09:01:14","modified_gmt":"2025-03-24T08:01:14","slug":"toys-delight-wasserglaeser-2-stueck","status":"publish","type":"product","link":"https:\/\/delices.lu\/de\/produit\/toys-delight-wasserglaeser-2-stueck\/","title":{"rendered":"Toy&#8217;s Delight &#8211; Wassergl\u00e4ser, 2 St\u00fcck"},"content":{"rendered":"<p><strong>Wasserglas-Set mit Weihnachtsdekor<\/strong><br \/>\nDie gl\u00e4nzenden Kristallgl\u00e4ser der Toy&#8217;s Delight Kollektion aus dem Hause Villeroy &amp; Boch sind mit bezaubernden Spielzeugmotiven aus dem Erzgebirge verziert und eignen sich sowohl zum Sammeln als auch als Geschenk f\u00fcr die Lieben zu Hause. Dank seiner originellen Form und der hochwertigen Dekoration eignet sich dieses Set aus zwei Wassergl\u00e4sern nicht nur zum Servieren von Erfrischungsgetr\u00e4nken, sondern auch zum Anrichten von Weihnachtsdesserts. Holen Sie sich die originellen St\u00fccke und genie\u00dfen Sie auf festliche Weise.  <\/p>\n","protected":false},"excerpt":{"rendered":"<p><strong>Toy&#8217;s Delight<br \/>\nWasserglas<\/strong><br \/>\n<strong>Set 2 Stk<\/strong>. <strong><br \/>\n MATERIAL: Kristallglas<\/strong><br \/>\nDURCHMESSER: ca. 85 mm<br \/>\nGR\u00d6SSE: ca. 250 ml<br \/>\nFARBE: transparent<br \/>\nGARANTIERT SP\u00dcLMASCHINENGARANTIE:Ja<br \/>\nMIKROWELLENKOMPATIBEL: Nein<br \/>\nREF. ARTIKEL: 1137768145 <\/p>\n","protected":false},"featured_media":17245,"template":"","meta":[],"location":[959,883],"product_brand":[],"product_cat":[1354,2359,1309,2230],"product_tag":[2211,2362,2387,2233],"class_list":{"0":"post-17242","1":"product","2":"type-product","3":"status-publish","4":"has-post-thumbnail","6":"location-0-shop","7":"location-10-4","8":"product_cat-art-de-la-table-de","9":"product_cat-glas","10":"product_cat-villeroy-boch-de","11":"product_cat-weihnachten","12":"product_tag-glas","13":"product_tag-set-aus-2-glasern","14":"product_tag-wasserglas","15":"product_tag-weihnachtsdekorationen","17":"first","18":"instock","19":"shipping-taxable","20":"purchasable","21":"product-type-simple"},"supplier_id":9071,"supplier_sku":"1137768145","barcode":"4003686427457","atum_controlled":true,"out_stock_date":null,"out_stock_threshold":0,"inheritable":false,"inbound_stock":0,"stock_on_hold":0,"sold_today":0,"sales_last_days":0,"reserved_stock":0,"customer_returns":0,"warehouse_damage":null,"lost_in_post":0,"other_logs":0,"out_stock_days":0,"lost_sales":0,"has_location":false,"update_date":"2025-07-19T06:26:35","atum_locations":[{"id":960,"name":"0 SHOP","slug":"0-shop"},{"id":837,"name":"104","slug":"104"}],"atum_stock_status":"instock","restock_status":false,"low_stock_amount":"","sales_update_date":"2025-07-19T06:26:35","calc_backorders":0,"locations":[],"_links":{"self":[{"href":"https:\/\/delices.lu\/de\/wp-json\/wp\/v2\/product\/17242","targetHints":{"allow":["GET"]}}],"collection":[{"href":"https:\/\/delices.lu\/de\/wp-json\/wp\/v2\/product"}],"about":[{"href":"https:\/\/delices.lu\/de\/wp-json\/wp\/v2\/types\/product"}],"wp:featuredmedia":[{"embeddable":true,"href":"https:\/\/delices.lu\/de\/wp-json\/wp\/v2\/media\/17245"}],"wp:attachment":[{"href":"https:\/\/delices.lu\/de\/wp-json\/wp\/v2\/media?parent=17242"}],"wp:term":[{"taxonomy":"location","embeddable":true,"href":"https:\/\/delices.lu\/de\/wp-json\/wp\/v2\/location?post=17242"},{"taxonomy":"product_brand","embeddable":true,"href":"https:\/\/delices.lu\/de\/wp-json\/wp\/v2\/product_brand?post=17242"},{"taxonomy":"product_cat","embeddable":true,"href":"https:\/\/delices.lu\/de\/wp-json\/wp\/v2\/product_cat?post=17242"},{"taxonomy":"product_tag","embeddable":true,"href":"https:\/\/delices.lu\/de\/wp-json\/wp\/v2\/product_tag?post=17242"}],"curies":[{"name":"wp","href":"https:\/\/api.w.org\/{rel}","templated":true}]}}