{"id":17256,"date":"2024-11-07T00:00:50","date_gmt":"2025-03-24T08:01:16","guid":{"rendered":"https:\/\/delices.lu\/produit\/toys-delight-kleines-milchkaennchen-krippe\/"},"modified":"2025-03-24T09:01:16","modified_gmt":"2025-03-24T08:01:16","slug":"toys-delight-kleines-milchkaennchen-krippe","status":"publish","type":"product","link":"https:\/\/delices.lu\/de\/produit\/toys-delight-kleines-milchkaennchen-krippe\/","title":{"rendered":"Toy&#8217;s Delight &#8211; Kleines Milchk\u00e4nnchen &#8211; Krippe"},"content":{"rendered":"<p><strong>Milchk\u00e4nnchen &#8211; Cr\u00e8mier &#8211; f\u00fcr Kaffee oder Tee<\/strong><br \/>\nMit der Toy&#8217;s Delight Kollektion schaffen Sie zu Hause eine Retro-Weihnachtsatmosph\u00e4re. Das Geschirr ist mit fantasievollen Mustern in Rot, Gr\u00fcn und Wei\u00df verziert und weckt Kindheitserinnerungen. Zum Kombinieren, Sammeln und Verschenken. Dieses weihnachtliche Milchk\u00e4nnchen eignet sich perfekt f\u00fcr den Kaffee, der an den Feiertagen serviert wird. Genie\u00dfen Sie die Stunden voller Ruhe und Gelassenheit.    <\/p>\n","protected":false},"excerpt":{"rendered":"<p><strong>Toy&#8217;s Delight &#8211; Kleines Milchk\u00e4nnchen<br \/>\n<\/strong><strong>Cr\u00e8mier &#8211; 500 ml<br \/>\n<\/strong>MATERIAL: Premium Porcelain<br \/>\nFARBE: Mehrfarbig<br \/>\nGARANTIERT SP\u00dcLMASCHINENGARANTIE: Nicht<br \/>\nMIKROWELLENKOMPATIBEL: Nicht<br \/>\nREF. ARTIKEL: 1485850780 <\/p>\n","protected":false},"featured_media":17258,"template":"","meta":[],"location":[959],"product_brand":[],"product_cat":[1354,2661,1309,2230,2448],"product_tag":[2662,2644,2233],"class_list":{"0":"post-17256","1":"product","2":"type-product","3":"status-publish","4":"has-post-thumbnail","6":"location-0-shop","7":"product_cat-art-de-la-table-de","8":"product_cat-cremier-de","9":"product_cat-villeroy-boch-de","10":"product_cat-weihnachten","11":"product_cat-winter","12":"product_tag-cremier-de","13":"product_tag-toys-delight-de","14":"product_tag-weihnachtsdekorationen","16":"first","17":"instock","18":"shipping-taxable","19":"purchasable","20":"product-type-simple"},"supplier_id":9071,"supplier_sku":"1485850780","barcode":"4003686490553","atum_controlled":true,"out_stock_date":null,"out_stock_threshold":null,"inheritable":false,"inbound_stock":0,"stock_on_hold":0,"sold_today":0,"sales_last_days":0,"reserved_stock":null,"customer_returns":null,"warehouse_damage":null,"lost_in_post":null,"other_logs":null,"out_stock_days":0,"lost_sales":0,"has_location":true,"update_date":"2025-07-19T06:26:37","atum_locations":[{"id":960,"name":"0 SHOP","slug":"0-shop"}],"atum_stock_status":"instock","restock_status":false,"low_stock_amount":"","sales_update_date":"2025-07-19T06:26:37","calc_backorders":0,"locations":[],"_links":{"self":[{"href":"https:\/\/delices.lu\/de\/wp-json\/wp\/v2\/product\/17256","targetHints":{"allow":["GET"]}}],"collection":[{"href":"https:\/\/delices.lu\/de\/wp-json\/wp\/v2\/product"}],"about":[{"href":"https:\/\/delices.lu\/de\/wp-json\/wp\/v2\/types\/product"}],"wp:featuredmedia":[{"embeddable":true,"href":"https:\/\/delices.lu\/de\/wp-json\/wp\/v2\/media\/17258"}],"wp:attachment":[{"href":"https:\/\/delices.lu\/de\/wp-json\/wp\/v2\/media?parent=17256"}],"wp:term":[{"taxonomy":"location","embeddable":true,"href":"https:\/\/delices.lu\/de\/wp-json\/wp\/v2\/location?post=17256"},{"taxonomy":"product_brand","embeddable":true,"href":"https:\/\/delices.lu\/de\/wp-json\/wp\/v2\/product_brand?post=17256"},{"taxonomy":"product_cat","embeddable":true,"href":"https:\/\/delices.lu\/de\/wp-json\/wp\/v2\/product_cat?post=17256"},{"taxonomy":"product_tag","embeddable":true,"href":"https:\/\/delices.lu\/de\/wp-json\/wp\/v2\/product_tag?post=17256"}],"curies":[{"name":"wp","href":"https:\/\/api.w.org\/{rel}","templated":true}]}}