{"id":17264,"date":"2024-10-30T00:00:08","date_gmt":"2025-03-24T08:01:17","guid":{"rendered":"https:\/\/delices.lu\/produit\/manufacture-rock-kleine-runde-schale-schwarz\/"},"modified":"2025-03-24T09:01:17","modified_gmt":"2025-03-24T08:01:17","slug":"manufacture-rock-kleine-runde-schale-schwarz","status":"publish","type":"product","link":"https:\/\/delices.lu\/de\/produit\/manufacture-rock-kleine-runde-schale-schwarz\/","title":{"rendered":"Manufacture Rock &#8211; Kleine runde Schale, schwarz"},"content":{"rendered":"<p><strong>Eine bezaubernde kleine Schale f\u00fcr Ihre kulinarischen Kreationen<\/strong><br \/>\nDiese kleine Porzellanschale ist ein echter Hingucker. Ihre strukturierte, schiefer\u00e4hnliche Oberfl\u00e4che in Kombination mit dem intensiven Schwarz macht sie zu einer originellen Schale. Ein besonders auff\u00e4lliges Geschirrst\u00fcck auf dem gedeckten Esstisch! \u00dcberraschen Sie Ihre G\u00e4ste mit einem modernen Tafelservice. Flache oder tiefe Teller, Gl\u00e4ser, Tassen, Sch\u00fcsseln&#8230; Alle Teile der Kollektion Manufacture Rock k\u00f6nnen miteinander kombiniert werden, um ein modernes und originelles Bild zu erzeugen. Die Geschirrsets von Villeroy &amp; Boch sind sowohl praktisch als auch \u00e4sthetisch. Deshalb ist diese h\u00fcbsche Schale vielseitig einsetzbar: Fr\u00fchst\u00fcck mit der Familie, Aperitif oder Abendessen mit Freunden&#8230; in dieser schwarzen Schale finden u.a. Ihr M\u00fcsli, Aperitifgeb\u00e4ck und leckere Vorspeisen Platz! Sie bringt all Ihre kulinarischen Zubereitungen zur Geltung und weckt die Neugier und die Geschmacksnerven Ihrer G\u00e4ste.       <\/p>\n","protected":false},"excerpt":{"rendered":"<p>MATERIAL: Hochwertiges Porzellan<br \/>\nDURCHMESSER: ca. 127 mm<br \/>\nGR\u00d6SSE: ca. 300 ml<br \/>\nFARBE: schwarz<br \/>\nGARANTIE SP\u00dcLMASCHINENGARANTIE: NEIN<br \/>\nMIKROWELLENKOMPATIBEL: NEIN<br \/>\nREF. ARTIKEL: 1042392535 <\/p>\n","protected":false},"featured_media":14434,"template":"","meta":[],"location":[959,962],"product_brand":[],"product_cat":[1354,1355,1356,1309],"product_tag":[1359,1358,2255,2286],"class_list":{"0":"post-17264","1":"product","2":"type-product","3":"status-publish","4":"has-post-thumbnail","6":"location-0-shop","7":"location-06-4","8":"product_cat-art-de-la-table-de","9":"product_cat-bol-de","10":"product_cat-coupe-de","11":"product_cat-villeroy-boch-de","12":"product_tag-bol-de","13":"product_tag-coupe-de","14":"product_tag-manufaktur-rock","15":"product_tag-schwarz-de","17":"first","18":"instock","19":"shipping-taxable","20":"purchasable","21":"product-type-simple"},"supplier_id":9071,"supplier_sku":"1042392535","barcode":"4003686409682","atum_controlled":true,"out_stock_date":null,"out_stock_threshold":0,"inheritable":false,"inbound_stock":0,"stock_on_hold":0,"sold_today":0,"sales_last_days":0,"reserved_stock":0,"customer_returns":0,"warehouse_damage":null,"lost_in_post":0,"other_logs":0,"out_stock_days":0,"lost_sales":0,"has_location":true,"update_date":"2025-07-19T06:26:35","atum_locations":[{"id":960,"name":"0 SHOP","slug":"0-shop"},{"id":857,"name":"064","slug":"064"}],"atum_stock_status":"instock","restock_status":false,"low_stock_amount":"","sales_update_date":"2025-07-19T06:26:35","calc_backorders":0,"locations":[],"_links":{"self":[{"href":"https:\/\/delices.lu\/de\/wp-json\/wp\/v2\/product\/17264","targetHints":{"allow":["GET"]}}],"collection":[{"href":"https:\/\/delices.lu\/de\/wp-json\/wp\/v2\/product"}],"about":[{"href":"https:\/\/delices.lu\/de\/wp-json\/wp\/v2\/types\/product"}],"wp:featuredmedia":[{"embeddable":true,"href":"https:\/\/delices.lu\/de\/wp-json\/wp\/v2\/media\/14434"}],"wp:attachment":[{"href":"https:\/\/delices.lu\/de\/wp-json\/wp\/v2\/media?parent=17264"}],"wp:term":[{"taxonomy":"location","embeddable":true,"href":"https:\/\/delices.lu\/de\/wp-json\/wp\/v2\/location?post=17264"},{"taxonomy":"product_brand","embeddable":true,"href":"https:\/\/delices.lu\/de\/wp-json\/wp\/v2\/product_brand?post=17264"},{"taxonomy":"product_cat","embeddable":true,"href":"https:\/\/delices.lu\/de\/wp-json\/wp\/v2\/product_cat?post=17264"},{"taxonomy":"product_tag","embeddable":true,"href":"https:\/\/delices.lu\/de\/wp-json\/wp\/v2\/product_tag?post=17264"}],"curies":[{"name":"wp","href":"https:\/\/api.w.org\/{rel}","templated":true}]}}